{"id":14314,"date":"2026-04-10T15:52:03","date_gmt":"2026-04-10T18:52:03","guid":{"rendered":"https:\/\/sabilex.com\/?post_type=product&#038;p=14314"},"modified":"2026-04-10T16:05:43","modified_gmt":"2026-04-10T19:05:43","slug":"mezcladora-de-vacio","status":"publish","type":"product","link":"https:\/\/sabilex.com\/en\/product\/mezcladora-de-vacio\/","title":{"rendered":"Mezcladora de vac\u00edo"},"content":{"rendered":"<h2 data-path-to-node=\"1\">Mezcladora al Vac\u00edo Dental<\/h2>\n<p data-path-to-node=\"2\">La mezcladora al vac\u00edo dental se utiliza para mezclar y vibrar materiales de revestimiento y materiales de moldeo. Dado que el proceso de mezcla se realiza en estado de vac\u00edo, la pieza de trabajo queda libre de burbujas, mejorando as\u00ed la firmeza del molde.<\/p>\n<h3 data-path-to-node=\"3\">Especificaciones<\/h3>\n<ul data-path-to-node=\"4\">\n<li>\n<p data-path-to-node=\"4,0,0\"><b data-path-to-node=\"4,0,0\" data-index-in-node=\"0\">Voltaje:<\/b> AC 220V \u00b110%<\/p>\n<\/li>\n<li>\n<p data-path-to-node=\"4,1,0\"><b data-path-to-node=\"4,1,0\" data-index-in-node=\"0\">Potencia:<\/b> 150W<\/p>\n<\/li>\n<li>\n<p data-path-to-node=\"4,2,0\"><b data-path-to-node=\"4,2,0\" data-index-in-node=\"0\">Capacidad de la taza:<\/b> 500 ml<\/p>\n<\/li>\n<li>\n<p data-path-to-node=\"4,3,0\"><b data-path-to-node=\"4,3,0\" data-index-in-node=\"0\">Peso bruto:<\/b> 27 kg<\/p>\n<\/li>\n<li>\n<p data-path-to-node=\"4,4,0\"><b data-path-to-node=\"4,4,0\" data-index-in-node=\"0\">Dimensiones:<\/b> 43 x 43 x 59 cm<\/p>\n<\/li>\n<\/ul>\n<hr data-path-to-node=\"5\" \/>\n<h3 data-path-to-node=\"6\">M\u00e9todo de Instalaci\u00f3n<\/h3>\n<p data-path-to-node=\"7\">Nuestra mezcladora al vac\u00edo es una m\u00e1quina de sobremesa; funciona de manera normal combinada con un compresor de aire.<\/p>\n<ol start=\"1\" data-path-to-node=\"8\">\n<li>\n<p data-path-to-node=\"8,0,0\">Desempaque el paquete y verifique que todos los accesorios est\u00e9n incluidos.<\/p>\n<\/li>\n<li>\n<p data-path-to-node=\"8,1,0\">Conecte la m\u00e1quina a la fuente de alimentaci\u00f3n.<\/p>\n<\/li>\n<li>\n<p data-path-to-node=\"8,2,0\">La m\u00e1quina puede operarse siguiendo las instrucciones a continuaci\u00f3n.<\/p>\n<\/li>\n<\/ol>\n<hr data-path-to-node=\"9\" \/>\n<h3 data-path-to-node=\"10\">Instrucciones de Uso<\/h3>\n<ol start=\"1\" data-path-to-node=\"11\">\n<li>\n<p data-path-to-node=\"11,0,0\"><b data-path-to-node=\"11,0,0\" data-index-in-node=\"0\">Carga de aceite:<\/b> Coloque aceite en la bomba de vac\u00edo (hasta la l\u00ednea indicadora). Aseg\u00farese de que el nivel de aceite se mantenga dentro de un rango de 5 mm por encima o por debajo de la l\u00ednea durante su uso.<\/p>\n<\/li>\n<li>\n<p data-path-to-node=\"11,1,0\"><b data-path-to-node=\"11,1,0\" data-index-in-node=\"0\">Conexi\u00f3n:<\/b> Conecte el cable de alimentaci\u00f3n de la bomba de aceite a la mezcladora.<\/p>\n<\/li>\n<li>\n<p data-path-to-node=\"11,2,0\"><b data-path-to-node=\"11,2,0\" data-index-in-node=\"0\">Encendido:<\/b> Enchufe la m\u00e1quina.<\/p>\n<\/li>\n<li>\n<p data-path-to-node=\"11,3,0\"><b data-path-to-node=\"11,3,0\" data-index-in-node=\"0\">Preparaci\u00f3n:<\/b> Revuelva el material dentro de la taza de vac\u00edo hasta que tenga una consistencia pastosa.<\/p>\n<\/li>\n<li>\n<p data-path-to-node=\"11,4,0\"><b data-path-to-node=\"11,4,0\" data-index-in-node=\"0\">Configuraci\u00f3n:<\/b> Atornille el perno de salida de aire. Encienda la m\u00e1quina y preajuste el tiempo de mezcla.<\/p>\n<\/li>\n<li>\n<p data-path-to-node=\"11,5,0\"><b data-path-to-node=\"11,5,0\" data-index-in-node=\"0\">Proceso:<\/b> Presione el bot\u00f3n de la bomba de vac\u00edo (Vacuum Pump). Acople la taza de vac\u00edo firmemente a la m\u00e1quina y presione el bot\u00f3n de mezcla (Mixing). Al finalizar, apague la m\u00e1quina.<\/p>\n<\/li>\n<li>\n<p data-path-to-node=\"11,6,0\"><b data-path-to-node=\"11,6,0\" data-index-in-node=\"0\">Vibraci\u00f3n:<\/b> Utilice la parte inferior negra para realizar la vibraci\u00f3n.<\/p>\n<\/li>\n<\/ol>\n<hr data-path-to-node=\"12\" \/>\n<h3 data-path-to-node=\"13\">Precauciones<\/h3>\n<ul data-path-to-node=\"14\">\n<li>\n<p data-path-to-node=\"14,0,0\">Lea todos los pasos de operaci\u00f3n antes de usar para evitar da\u00f1os.<\/p>\n<\/li>\n<li>\n<p data-path-to-node=\"14,1,0\"><b data-path-to-node=\"14,1,0\" data-index-in-node=\"0\">No debe operar la bomba de aceite sin aceite en su interior.<\/b><\/p>\n<\/li>\n<li>\n<p data-path-to-node=\"14,2,0\">La bomba de aceite no debe funcionar sin carga (sin bombear nada).<\/p>\n<\/li>\n<li>\n<p data-path-to-node=\"14,3,0\">No desmonte la m\u00e1quina sin instrucci\u00f3n profesional.<\/p>\n<\/li>\n<li>\n<p data-path-to-node=\"14,4,0\">Verifique regularmente la conexi\u00f3n a tierra de la m\u00e1quina. Aseg\u00farese de que haya una conexi\u00f3n segura entre la carcasa y la tierra.<\/p>\n<\/li>\n<li>\n<p data-path-to-node=\"14,5,0\">Aseg\u00farese de que el material de revestimiento ocupe <b data-path-to-node=\"14,5,0\" data-index-in-node=\"52\">menos de la mitad<\/b> de la taza de vac\u00edo para evitar el bloqueo del circuito de aire.<\/p>\n<\/li>\n<\/ul>\n<hr data-path-to-node=\"15\" \/>\n<h3 data-path-to-node=\"16\">Referencia Est\u00e1ndar<\/h3>\n<ul data-path-to-node=\"17\">\n<li>\n<p data-path-to-node=\"17,0,0\"><b data-path-to-node=\"17,0,0\" data-index-in-node=\"0\">Consumo de energ\u00eda:<\/b> 150W<\/p>\n<\/li>\n<li>\n<p data-path-to-node=\"17,1,0\"><b data-path-to-node=\"17,1,0\" data-index-in-node=\"0\">Voltaje:<\/b> 220\/110V 50\/60Hz<\/p>\n<\/li>\n<li>\n<p data-path-to-node=\"17,2,0\"><b data-path-to-node=\"17,2,0\" data-index-in-node=\"0\">M\u00e9todo de vibraci\u00f3n:<\/b> Cambio de velocidad continuo (Stepless)<\/p>\n<\/li>\n<li>\n<p data-path-to-node=\"17,3,0\"><b data-path-to-node=\"17,3,0\" data-index-in-node=\"0\">Presi\u00f3n:<\/b> 0.08 &#8211; 0.09 mp<\/p>\n<\/li>\n<li>\n<p data-path-to-node=\"17,4,0\"><b data-path-to-node=\"17,4,0\" data-index-in-node=\"0\">Velocidad de rotaci\u00f3n:<\/b> 320 rpm<\/p>\n<\/li>\n<li>\n<p data-path-to-node=\"17,5,0\"><b data-path-to-node=\"17,5,0\" data-index-in-node=\"0\">Capacidad:<\/b> 550 &#8211; 750 ml<\/p>\n<\/li>\n<li>\n<p data-path-to-node=\"17,6,0\"><b data-path-to-node=\"17,6,0\" data-index-in-node=\"0\">Tama\u00f1o de la caja:<\/b> 51 x 31 x 31 cm<\/p>\n<\/li>\n<li>\n<p data-path-to-node=\"17,7,0\"><b data-path-to-node=\"17,7,0\" data-index-in-node=\"0\">Peso bruto:<\/b> 27 kg<\/p>\n<\/li>\n<li>\n<p data-path-to-node=\"17,8,0\"><b data-path-to-node=\"17,8,0\" data-index-in-node=\"0\">Accesorios:<\/b> Incluye una taza<\/p>\n<\/li>\n<\/ul>","protected":false},"excerpt":{"rendered":"<p>Mezcladora al Vac\u00edo Dental La mezcladora al vac\u00edo dental se utiliza para mezclar y vibrar materiales de revestimiento y materiales de moldeo. Dado que el proceso de mezcla se realiza en estado de vac\u00edo, la pieza de trabajo queda libre de burbujas, mejorando as\u00ed la firmeza del molde. Especificaciones Voltaje: AC 220V \u00b110% Potencia: 150W [&hellip;]<\/p>","protected":false},"featured_media":14316,"template":"","meta":[],"product_brand":[],"product_cat":[36],"product_tag":[],"profesion":[56,54],"class_list":{"0":"post-14314","1":"product","2":"type-product","3":"status-publish","4":"has-post-thumbnail","6":"product_cat-mas-equipos","7":"profesion-dental","8":"profesion-joyeros","10":"first","11":"instock","12":"purchasable","13":"product-type-simple"},"exclude_global_add_ons":[],"addons":[],"_links":{"self":[{"href":"https:\/\/sabilex.com\/en\/wp-json\/wp\/v2\/product\/14314","targetHints":{"allow":["GET"]}}],"collection":[{"href":"https:\/\/sabilex.com\/en\/wp-json\/wp\/v2\/product"}],"about":[{"href":"https:\/\/sabilex.com\/en\/wp-json\/wp\/v2\/types\/product"}],"version-history":[{"count":2,"href":"https:\/\/sabilex.com\/en\/wp-json\/wp\/v2\/product\/14314\/revisions"}],"predecessor-version":[{"id":14318,"href":"https:\/\/sabilex.com\/en\/wp-json\/wp\/v2\/product\/14314\/revisions\/14318"}],"wp:featuredmedia":[{"embeddable":true,"href":"https:\/\/sabilex.com\/en\/wp-json\/wp\/v2\/media\/14316"}],"wp:attachment":[{"href":"https:\/\/sabilex.com\/en\/wp-json\/wp\/v2\/media?parent=14314"}],"wp:term":[{"taxonomy":"product_brand","embeddable":true,"href":"https:\/\/sabilex.com\/en\/wp-json\/wp\/v2\/product_brand?post=14314"},{"taxonomy":"product_cat","embeddable":true,"href":"https:\/\/sabilex.com\/en\/wp-json\/wp\/v2\/product_cat?post=14314"},{"taxonomy":"product_tag","embeddable":true,"href":"https:\/\/sabilex.com\/en\/wp-json\/wp\/v2\/product_tag?post=14314"},{"taxonomy":"profesion","embeddable":true,"href":"https:\/\/sabilex.com\/en\/wp-json\/wp\/v2\/profesion?post=14314"}],"curies":[{"name":"wp","href":"https:\/\/api.w.org\/{rel}","templated":true}]}}