{"id":14302,"date":"2026-04-10T12:24:23","date_gmt":"2026-04-10T15:24:23","guid":{"rendered":"https:\/\/sabilex.com\/?post_type=product&#038;p=14302"},"modified":"2026-04-10T14:52:37","modified_gmt":"2026-04-10T17:52:37","slug":"calentador-de-espatulas-por-induccion","status":"publish","type":"product","link":"https:\/\/sabilex.com\/en\/product\/calentador-de-espatulas-por-induccion\/","title":{"rendered":"Calentador de esp\u00e1tulas por inducci\u00f3n &#8211; No Flame"},"content":{"rendered":"<p><strong>Calentador de esp\u00e1tulas por inducci\u00f3n &#8211; No Flame<\/strong><\/p>\n<p><span style=\"font-weight: 400;\">130W &#8211; 220V<\/span><\/p>","protected":false},"excerpt":{"rendered":"<p>Calentador de esp\u00e1tulas por inducci\u00f3n &#8211; No Flame 130W &#8211; 220V<\/p>","protected":false},"featured_media":14303,"template":"","meta":[],"product_brand":[],"product_cat":[24],"product_tag":[],"profesion":[56],"class_list":{"0":"post-14302","1":"product","2":"type-product","3":"status-publish","4":"has-post-thumbnail","6":"product_cat-equipos-para-cera","7":"profesion-dental","9":"first","10":"instock","11":"purchasable","12":"product-type-simple"},"exclude_global_add_ons":[],"addons":[],"_links":{"self":[{"href":"https:\/\/sabilex.com\/en\/wp-json\/wp\/v2\/product\/14302","targetHints":{"allow":["GET"]}}],"collection":[{"href":"https:\/\/sabilex.com\/en\/wp-json\/wp\/v2\/product"}],"about":[{"href":"https:\/\/sabilex.com\/en\/wp-json\/wp\/v2\/types\/product"}],"version-history":[{"count":1,"href":"https:\/\/sabilex.com\/en\/wp-json\/wp\/v2\/product\/14302\/revisions"}],"predecessor-version":[{"id":14304,"href":"https:\/\/sabilex.com\/en\/wp-json\/wp\/v2\/product\/14302\/revisions\/14304"}],"wp:featuredmedia":[{"embeddable":true,"href":"https:\/\/sabilex.com\/en\/wp-json\/wp\/v2\/media\/14303"}],"wp:attachment":[{"href":"https:\/\/sabilex.com\/en\/wp-json\/wp\/v2\/media?parent=14302"}],"wp:term":[{"taxonomy":"product_brand","embeddable":true,"href":"https:\/\/sabilex.com\/en\/wp-json\/wp\/v2\/product_brand?post=14302"},{"taxonomy":"product_cat","embeddable":true,"href":"https:\/\/sabilex.com\/en\/wp-json\/wp\/v2\/product_cat?post=14302"},{"taxonomy":"product_tag","embeddable":true,"href":"https:\/\/sabilex.com\/en\/wp-json\/wp\/v2\/product_tag?post=14302"},{"taxonomy":"profesion","embeddable":true,"href":"https:\/\/sabilex.com\/en\/wp-json\/wp\/v2\/profesion?post=14302"}],"curies":[{"name":"wp","href":"https:\/\/api.w.org\/{rel}","templated":true}]}}