{"id":14296,"date":"2026-04-10T12:02:19","date_gmt":"2026-04-10T15:02:19","guid":{"rendered":"https:\/\/sabilex.com\/?post_type=product&#038;p=14296"},"modified":"2026-04-10T12:08:06","modified_gmt":"2026-04-10T15:08:06","slug":"polimerizadora-manual","status":"publish","type":"product","link":"https:\/\/sabilex.com\/en\/product\/polimerizadora-manual\/","title":{"rendered":"Polimerizadora manual PM45"},"content":{"rendered":"<p>OLLA POLIMERIZADORA<\/p>\n<p>Para reparaciones con acr\u00edlicos auto-curables mejorando la calidad del trabajo y eliminando las porosidades de las pr\u00f3tesis.<\/p>\n<ul>\n<li>Tama\u00f1o de la olla: 10 x 10cm<\/li>\n<\/ul>","protected":false},"excerpt":{"rendered":"<p>OLLA POLIMERIZADORA Para reparaciones con acr\u00edlicos auto-curables mejorando la calidad del trabajo y eliminando las porosidades de las pr\u00f3tesis. Tama\u00f1o de la olla: 10 x 10cm<\/p>","protected":false},"featured_media":14297,"template":"","meta":[],"product_brand":[],"product_cat":[36],"product_tag":[],"profesion":[56],"class_list":{"0":"post-14296","1":"product","2":"type-product","3":"status-publish","4":"has-post-thumbnail","6":"product_cat-mas-equipos","7":"profesion-dental","9":"first","10":"instock","11":"purchasable","12":"product-type-simple"},"exclude_global_add_ons":[],"addons":[],"_links":{"self":[{"href":"https:\/\/sabilex.com\/en\/wp-json\/wp\/v2\/product\/14296","targetHints":{"allow":["GET"]}}],"collection":[{"href":"https:\/\/sabilex.com\/en\/wp-json\/wp\/v2\/product"}],"about":[{"href":"https:\/\/sabilex.com\/en\/wp-json\/wp\/v2\/types\/product"}],"version-history":[{"count":1,"href":"https:\/\/sabilex.com\/en\/wp-json\/wp\/v2\/product\/14296\/revisions"}],"predecessor-version":[{"id":14298,"href":"https:\/\/sabilex.com\/en\/wp-json\/wp\/v2\/product\/14296\/revisions\/14298"}],"wp:featuredmedia":[{"embeddable":true,"href":"https:\/\/sabilex.com\/en\/wp-json\/wp\/v2\/media\/14297"}],"wp:attachment":[{"href":"https:\/\/sabilex.com\/en\/wp-json\/wp\/v2\/media?parent=14296"}],"wp:term":[{"taxonomy":"product_brand","embeddable":true,"href":"https:\/\/sabilex.com\/en\/wp-json\/wp\/v2\/product_brand?post=14296"},{"taxonomy":"product_cat","embeddable":true,"href":"https:\/\/sabilex.com\/en\/wp-json\/wp\/v2\/product_cat?post=14296"},{"taxonomy":"product_tag","embeddable":true,"href":"https:\/\/sabilex.com\/en\/wp-json\/wp\/v2\/product_tag?post=14296"},{"taxonomy":"profesion","embeddable":true,"href":"https:\/\/sabilex.com\/en\/wp-json\/wp\/v2\/profesion?post=14296"}],"curies":[{"name":"wp","href":"https:\/\/api.w.org\/{rel}","templated":true}]}}