{"id":13073,"date":"2026-02-03T14:51:52","date_gmt":"2026-02-03T17:51:52","guid":{"rendered":"https:\/\/sabilex.com\/tienda\/sin%20categor\u00eda\/termoformadora-g10\/"},"modified":"2026-02-03T14:51:52","modified_gmt":"2026-02-03T17:51:52","slug":"termoformadora-g10","status":"publish","type":"product","link":"https:\/\/sabilex.com\/en\/product\/termoformadora-g10\/","title":{"rendered":"Termoformadora G10"},"content":{"rendered":"<p><b>Termoformadora por Calor y Vac\u00edo G10<\/b><\/p>\n<p><span style=\"font-weight: 400;\">For the thermoforming of plastic sheets of different materials and thicknesses.<\/span><\/p>\n<p><span style=\"font-weight: 400;\">For the making of:<\/span><\/p>\n<p><span style=\"font-weight: 400;\">Muscle relaxing plaques (Bruxism)<\/span><\/p>\n<p><span style=\"font-weight: 400;\">Orthodontic aligners<\/span><\/p>\n<p><span style=\"font-weight: 400;\">Mouth guards for athletes<\/span><\/p>\n<p><span style=\"font-weight: 400;\">Surgical guides<\/span><\/p>\n<p><span style=\"font-weight: 400;\">Individual trays<\/span><\/p>\n<p><span style=\"font-weight: 400;\">Copings <\/span><\/p>\n<p><span style=\"font-weight: 400;\">Temporary bridges<\/span><\/p>\n<p><span style=\"font-weight: 400;\">Base plates<\/span><\/p>\n<p><span style=\"font-weight: 400;\">Bracket positioning <\/span><\/p>\n<p><span style=\"font-weight: 400;\">Bleaching trays... and more<\/span><\/p>\n<p><span style=\"font-weight: 400;\">Characteristics:<\/span><\/p>\n<p><span style=\"font-weight: 400;\">Easy to use system<\/span><\/p>\n<p><span style=\"font-weight: 400;\">Light and Compact<\/span><\/p>\n<p><span style=\"font-weight: 400;\">Cast and plastic aluminum structure which provides excellent resistance characteristics <\/span><\/p>\n<p><span style=\"font-weight: 400;\">Hexagonal column \u2022 Bronze brushing<\/span><\/p>\n<p><span style=\"font-weight: 400;\">Aluminium frame<\/span><\/p>\n<p><span style=\"font-weight: 400;\">Works with 125mm x 125mm (5\u201d x 5\u201d) sheets<\/span><\/p>\n<p><span style=\"font-weight: 400;\">Symmetrical heating system 600 W<\/span><\/p>\n<p><span style=\"font-weight: 400;\">Vacuum Motor: Suction power 1100 W<\/span><\/p>\n<p><span style=\"font-weight: 400;\">Power Consumption: 1,700 W<\/span><\/p>\n<p><span style=\"font-weight: 400;\">Available in 220V and 110V<\/span><\/p>\n<p><span style=\"font-weight: 400;\">Measures: 160 x 230 x 300 mm<\/span><\/p>\n<p><span style=\"font-weight: 400;\">Weight: 3.9kg<\/span><\/p>\n<p><span style=\"font-weight: 400;\">Package measures: 180 x 280 x 340 mm<\/span><\/p>\n<p><span style=\"font-weight: 400;\">Package weight: 4,4 kg.<\/span><\/p>\n<p><span style=\"font-weight: 400;\">Excellent value for money<\/span><\/p>\n<p><span style=\"font-weight: 400;\">Optional<\/span><\/p>\n<p><span style=\"font-weight: 400;\">Tray to dip the model into balls.<\/span><\/p>\n<p><span style=\"font-weight: 400;\">Adapter for thermoforming round sheets.<\/span><\/p>\n<p><span style=\"font-weight: 400;\">Additional Information:<\/span><\/p>\n<p><span style=\"font-weight: 400;\">Sabilex vacuum forming machines stand out  due to their quality, easy to use features, design and customer service.<\/span><\/p>\n<p><span style=\"font-weight: 400;\">La termoformadora G10, es el modelo compacto y se diferencia del modelo P105 por su dise\u00f1o moderno, eficiente, compacta y liviana. Ocupa poco espacio y tiene l\u00edneas redondeadas. A su vez es s\u00f3lida y tiene la misma potencia de succi\u00f3n y calentamiento que el modelo P105.<\/span><\/p>\n<p><span style=\"font-weight: 400;\">Distinctive features that sets the Sabilex vacuum forming machines apart from others in the market.<\/span><\/p>\n<p><span style=\"font-weight: 400;\">Hexagonal column:  prevents lateral movements of the sheet frame, so that thermoforming sheets don\u2019t get affected.<\/span><\/p>\n<p><span style=\"font-weight: 400;\">Bronze Bushing: Makes the aluminum frame glide smoothly  allowing for a lifetime of trouble-free operation. <\/span><\/p>\n<p><span style=\"font-weight: 400;\">Symmetrical heating system: armored stainless steel resistance, allowing  a uniform distribution of temperature on the entire surface of the sheet.<\/span><\/p>\n<p><span style=\"font-weight: 400;\">Powerful vacuum motor:  ensures very precise vacuum forming results.<\/span><\/p>\n<p><span style=\"font-weight: 400;\">Quick and efficient: allows work to be carried out in the dental  office in a short time.<\/span><\/p>\n<p><span style=\"font-weight: 400;\">Excellent investment: investment returns by making 30 sheets approximately.<\/span><\/p>","protected":false},"excerpt":{"rendered":"<p>Termoformadora por Calor y Vac\u00edo G10 Para el termoformado de placas pl\u00e1sticas de distintos materiales y espesores. Para confecci\u00f3n de: Placas miorrelajantes (Bruxismo) Alineadores para ortodoncia Protectores bucales para deportistas Gu\u00edas quir\u00fargicas Cubetas individuales Copings Puentes temporarios Placas base Fijaci\u00f3n de Brackets Placas para blanqueamiento&#8230; y m\u00e1s Caracter\u00edsticas: Sistema f\u00e1cil de utilizar Liviana y Compacta [&hellip;]<\/p>","protected":false},"featured_media":10096,"template":"","meta":[],"product_brand":[],"product_cat":[31,68],"product_tag":[],"profesion":[56],"class_list":{"0":"post-13073","1":"product","2":"type-product","3":"status-publish","4":"has-post-thumbnail","6":"product_cat-termoformadoras","7":"product_cat-termoformadoras-en","8":"profesion-dental","10":"first","11":"instock","12":"purchasable","13":"product-type-simple"},"exclude_global_add_ons":[],"addons":[],"_links":{"self":[{"href":"https:\/\/sabilex.com\/en\/wp-json\/wp\/v2\/product\/13073","targetHints":{"allow":["GET"]}}],"collection":[{"href":"https:\/\/sabilex.com\/en\/wp-json\/wp\/v2\/product"}],"about":[{"href":"https:\/\/sabilex.com\/en\/wp-json\/wp\/v2\/types\/product"}],"version-history":[{"count":2,"href":"https:\/\/sabilex.com\/en\/wp-json\/wp\/v2\/product\/13073\/revisions"}],"predecessor-version":[{"id":13941,"href":"https:\/\/sabilex.com\/en\/wp-json\/wp\/v2\/product\/13073\/revisions\/13941"}],"wp:featuredmedia":[{"embeddable":true,"href":"https:\/\/sabilex.com\/en\/wp-json\/wp\/v2\/media\/10096"}],"wp:attachment":[{"href":"https:\/\/sabilex.com\/en\/wp-json\/wp\/v2\/media?parent=13073"}],"wp:term":[{"taxonomy":"product_brand","embeddable":true,"href":"https:\/\/sabilex.com\/en\/wp-json\/wp\/v2\/product_brand?post=13073"},{"taxonomy":"product_cat","embeddable":true,"href":"https:\/\/sabilex.com\/en\/wp-json\/wp\/v2\/product_cat?post=13073"},{"taxonomy":"product_tag","embeddable":true,"href":"https:\/\/sabilex.com\/en\/wp-json\/wp\/v2\/product_tag?post=13073"},{"taxonomy":"profesion","embeddable":true,"href":"https:\/\/sabilex.com\/en\/wp-json\/wp\/v2\/profesion?post=13073"}],"curies":[{"name":"wp","href":"https:\/\/api.w.org\/{rel}","templated":true}]}}