{"id":13072,"date":"2026-02-03T14:51:52","date_gmt":"2026-02-03T17:51:52","guid":{"rendered":"https:\/\/sabilex.com\/tienda\/sin%20categor\u00eda\/termoformadora-por-presion-positiva-p10\/"},"modified":"2026-02-03T14:51:52","modified_gmt":"2026-02-03T17:51:52","slug":"termoformadora-por-presion-positiva-p10","status":"publish","type":"product","link":"https:\/\/sabilex.com\/en\/product\/termoformadora-por-presion-positiva-p10\/","title":{"rendered":"Positive Pressure Forming Machine P10"},"content":{"rendered":"<p><strong>Higher thermoforming precision<\/strong><\/p>\n<p>TermoPress, the positive pressure thermoformer.<br \/>\nIdeal for aligners.<br \/>\nSabilex supplies 0.03\" (0.75 mm) sheets.<br \/>\nEasy-to-operate, efficient, and durable machine.<br \/>\nGenerates high positive pressure to adapt the sheet to the<br \/>\nmodel.<br \/>\nThe pressure is much more intense than that used by the<br \/>\ntraditional vacuum method, therefore achieving a better<br \/>\nresult in the thermoforming of aligners, mouthguards<br \/>\nmouthguards, relaxation splints, etc.<br \/>\nIt fits more tightly to the model. The difference is<br \/>\nvisibly noticeable compared to the traditional method.<br \/>\nLower noise compared to vacuum machines.<br \/>\nPr\u00e1ctica y vers\u00e1til, permite la fabricaci\u00f3n de placas de diferentes<br \/>\nmaterials up to 6 mm thick.<br \/>\nIt accepts round and square plates.<\/p>\n<p>It must be directly connected to a compressor regulated to a<br \/>\npressure between 3 and 8 bar (45 to 110 psi).<\/p>\n<p><strong>For the production of:<\/strong><br \/>\n\u2022 Aligners<br \/>\n\u2022 Individual plates, base plates, temporary bridges.<br \/>\n\u2022 Whitening trays<br \/>\n\u2022 Anti-snoring and apnea plates<br \/>\n\u2022 Mouthguards for athletes<br \/>\n\u2022 Bruxism splints<br \/>\n\u2022 General dentistry<\/p>\n<p><strong>Technical specifications<\/strong><br \/>\n\u2022 Available in voltages: 110V or 220V;<br \/>\n\u2022 Weight: 7.5 kg;<br \/>\n\u2022 Dimensions: (LxWxH) 27x24x27 cm.<\/p>","protected":false},"excerpt":{"rendered":"<p>Mayor precisi\u00f3n de termoformado TermoPress, la termoformadora de presi\u00f3n positiva. Ideal para alineadores. Sabilex provee de las l\u00e1minas 0.03\u201d (0,75 mm) Unidad f\u00e1cil de operar, eficiente y duradera. Genera una gran presi\u00f3n positiva para adaptar la l\u00e1mina al modelo. La presi\u00f3n es mucho m\u00e1s intensa que la que se usa por el m\u00e9todo tradicional de [&hellip;]<\/p>","protected":false},"featured_media":10093,"template":"","meta":[],"product_brand":[],"product_cat":[31,68],"product_tag":[],"profesion":[56],"class_list":{"0":"post-13072","1":"product","2":"type-product","3":"status-publish","4":"has-post-thumbnail","6":"product_cat-termoformadoras","7":"product_cat-termoformadoras-en","8":"profesion-dental","10":"first","11":"instock","12":"purchasable","13":"product-type-simple"},"exclude_global_add_ons":[],"addons":[],"_links":{"self":[{"href":"https:\/\/sabilex.com\/en\/wp-json\/wp\/v2\/product\/13072","targetHints":{"allow":["GET"]}}],"collection":[{"href":"https:\/\/sabilex.com\/en\/wp-json\/wp\/v2\/product"}],"about":[{"href":"https:\/\/sabilex.com\/en\/wp-json\/wp\/v2\/types\/product"}],"version-history":[{"count":2,"href":"https:\/\/sabilex.com\/en\/wp-json\/wp\/v2\/product\/13072\/revisions"}],"predecessor-version":[{"id":13940,"href":"https:\/\/sabilex.com\/en\/wp-json\/wp\/v2\/product\/13072\/revisions\/13940"}],"wp:featuredmedia":[{"embeddable":true,"href":"https:\/\/sabilex.com\/en\/wp-json\/wp\/v2\/media\/10093"}],"wp:attachment":[{"href":"https:\/\/sabilex.com\/en\/wp-json\/wp\/v2\/media?parent=13072"}],"wp:term":[{"taxonomy":"product_brand","embeddable":true,"href":"https:\/\/sabilex.com\/en\/wp-json\/wp\/v2\/product_brand?post=13072"},{"taxonomy":"product_cat","embeddable":true,"href":"https:\/\/sabilex.com\/en\/wp-json\/wp\/v2\/product_cat?post=13072"},{"taxonomy":"product_tag","embeddable":true,"href":"https:\/\/sabilex.com\/en\/wp-json\/wp\/v2\/product_tag?post=13072"},{"taxonomy":"profesion","embeddable":true,"href":"https:\/\/sabilex.com\/en\/wp-json\/wp\/v2\/profesion?post=13072"}],"curies":[{"name":"wp","href":"https:\/\/api.w.org\/{rel}","templated":true}]}}