{"id":13063,"date":"2026-02-03T14:51:44","date_gmt":"2026-02-03T17:51:44","guid":{"rendered":"https:\/\/sabilex.com\/tienda\/sin%20categor\u00eda\/p226-laminas-rigidas-miorrelajantes\/"},"modified":"2026-02-03T14:51:45","modified_gmt":"2026-02-03T17:51:45","slug":"p226-laminas-rigidas-miorrelajantes","status":"publish","type":"product","link":"https:\/\/sabilex.com\/en\/product\/p226-laminas-rigidas-miorrelajantes\/","title":{"rendered":"P226 &#8211; L\u00e1minas r\u00edgidas miorrelajantes"},"content":{"rendered":"<p>L\u00e1minas Sabilex para Termoformadora<br \/>\nPaquete conteniendo 12 unidades<br \/>\nEspesor: 0.060&#8243; &#8211; 1,5MM<\/p>","protected":false},"excerpt":{"rendered":"<p>L\u00e1minas Sabilex para Termoformadora Paquete conteniendo 12 unidades Espesor: 0.060&#8243; &#8211; 1,5MM<\/p>","protected":false},"featured_media":9946,"template":"","meta":[],"product_brand":[],"product_cat":[32,69],"product_tag":[],"profesion":[56],"class_list":{"0":"post-13063","1":"product","2":"type-product","3":"status-publish","4":"has-post-thumbnail","6":"product_cat-laminas","7":"product_cat-laminas-en","8":"profesion-dental","10":"first","11":"instock","12":"purchasable","13":"product-type-simple"},"exclude_global_add_ons":[],"addons":[],"_links":{"self":[{"href":"https:\/\/sabilex.com\/en\/wp-json\/wp\/v2\/product\/13063","targetHints":{"allow":["GET"]}}],"collection":[{"href":"https:\/\/sabilex.com\/en\/wp-json\/wp\/v2\/product"}],"about":[{"href":"https:\/\/sabilex.com\/en\/wp-json\/wp\/v2\/types\/product"}],"version-history":[{"count":2,"href":"https:\/\/sabilex.com\/en\/wp-json\/wp\/v2\/product\/13063\/revisions"}],"predecessor-version":[{"id":13931,"href":"https:\/\/sabilex.com\/en\/wp-json\/wp\/v2\/product\/13063\/revisions\/13931"}],"wp:featuredmedia":[{"embeddable":true,"href":"https:\/\/sabilex.com\/en\/wp-json\/wp\/v2\/media\/9946"}],"wp:attachment":[{"href":"https:\/\/sabilex.com\/en\/wp-json\/wp\/v2\/media?parent=13063"}],"wp:term":[{"taxonomy":"product_brand","embeddable":true,"href":"https:\/\/sabilex.com\/en\/wp-json\/wp\/v2\/product_brand?post=13063"},{"taxonomy":"product_cat","embeddable":true,"href":"https:\/\/sabilex.com\/en\/wp-json\/wp\/v2\/product_cat?post=13063"},{"taxonomy":"product_tag","embeddable":true,"href":"https:\/\/sabilex.com\/en\/wp-json\/wp\/v2\/product_tag?post=13063"},{"taxonomy":"profesion","embeddable":true,"href":"https:\/\/sabilex.com\/en\/wp-json\/wp\/v2\/profesion?post=13063"}],"curies":[{"name":"wp","href":"https:\/\/api.w.org\/{rel}","templated":true}]}}