{"id":13060,"date":"2026-02-03T14:51:42","date_gmt":"2026-02-03T17:51:42","guid":{"rendered":"https:\/\/sabilex.com\/tienda\/sin%20categor\u00eda\/p222-laminas-rigidas-para-ortodoncia\/"},"modified":"2026-02-03T14:51:43","modified_gmt":"2026-02-03T17:51:43","slug":"p222-laminas-rigidas-para-ortodoncia","status":"publish","type":"product","link":"https:\/\/sabilex.com\/en\/product\/p222-laminas-rigidas-para-ortodoncia\/","title":{"rendered":"P222 &#8211; L\u00e1minas r\u00edgidas para ortodoncia"},"content":{"rendered":"<p>L\u00e1minas Sabilex para Termoformadora<br \/>\nPaquete conteniendo 12 unidades<br \/>\nEspesor: 0.020&#8243; &#8211; 0,5MM<\/p>","protected":false},"excerpt":{"rendered":"<p>L\u00e1minas Sabilex para Termoformadora Paquete conteniendo 12 unidades Espesor: 0.020&#8243; &#8211; 0,5MM<\/p>","protected":false},"featured_media":9946,"template":"","meta":[],"product_brand":[],"product_cat":[32,69],"product_tag":[],"profesion":[56],"class_list":{"0":"post-13060","1":"product","2":"type-product","3":"status-publish","4":"has-post-thumbnail","6":"product_cat-laminas","7":"product_cat-laminas-en","8":"profesion-dental","10":"first","11":"instock","12":"purchasable","13":"product-type-simple"},"exclude_global_add_ons":[],"addons":[],"_links":{"self":[{"href":"https:\/\/sabilex.com\/en\/wp-json\/wp\/v2\/product\/13060","targetHints":{"allow":["GET"]}}],"collection":[{"href":"https:\/\/sabilex.com\/en\/wp-json\/wp\/v2\/product"}],"about":[{"href":"https:\/\/sabilex.com\/en\/wp-json\/wp\/v2\/types\/product"}],"version-history":[{"count":2,"href":"https:\/\/sabilex.com\/en\/wp-json\/wp\/v2\/product\/13060\/revisions"}],"predecessor-version":[{"id":13928,"href":"https:\/\/sabilex.com\/en\/wp-json\/wp\/v2\/product\/13060\/revisions\/13928"}],"wp:featuredmedia":[{"embeddable":true,"href":"https:\/\/sabilex.com\/en\/wp-json\/wp\/v2\/media\/9946"}],"wp:attachment":[{"href":"https:\/\/sabilex.com\/en\/wp-json\/wp\/v2\/media?parent=13060"}],"wp:term":[{"taxonomy":"product_brand","embeddable":true,"href":"https:\/\/sabilex.com\/en\/wp-json\/wp\/v2\/product_brand?post=13060"},{"taxonomy":"product_cat","embeddable":true,"href":"https:\/\/sabilex.com\/en\/wp-json\/wp\/v2\/product_cat?post=13060"},{"taxonomy":"product_tag","embeddable":true,"href":"https:\/\/sabilex.com\/en\/wp-json\/wp\/v2\/product_tag?post=13060"},{"taxonomy":"profesion","embeddable":true,"href":"https:\/\/sabilex.com\/en\/wp-json\/wp\/v2\/profesion?post=13060"}],"curies":[{"name":"wp","href":"https:\/\/api.w.org\/{rel}","templated":true}]}}