{"id":13054,"date":"2026-02-03T14:51:38","date_gmt":"2026-02-03T17:51:38","guid":{"rendered":"https:\/\/sabilex.com\/tienda\/sin%20categor\u00eda\/prensa-para-peek-y-disilicato-de-litio\/"},"modified":"2026-02-03T14:51:38","modified_gmt":"2026-02-03T17:51:38","slug":"prensa-para-peek-y-disilicato-de-litio","status":"publish","type":"product","link":"https:\/\/sabilex.com\/en\/product\/prensa-para-peek-y-disilicato-de-litio\/","title":{"rendered":"Press for PEEK and Lithium disilicate"},"content":{"rendered":"<p><span style=\"font-weight: 400;\">Press for PEEK and Lithium disilicate - PD250<\/span><\/p>\n<p><span style=\"font-weight: 400;\">It is a lightweight and versatile model.<\/span><\/p>\n<p><span style=\"font-weight: 400;\">Integrated manometer<\/span><\/p>\n<p><span style=\"font-weight: 400;\">Fuerza de inyecci\u00f3n de 60Kg.<\/span><\/p>\n<p><span style=\"font-weight: 400;\">Meassures: 20X11X32CM<\/span><\/p>\n<p><span style=\"font-weight: 400;\">Weight: 3 kg<\/span><\/p>","protected":false},"excerpt":{"rendered":"<p>Prensa para Disilicato de Litio y PEEK &#8211; PD250. Es un modelo liviano y vers\u00e1til. Man\u00f3metro integrado. Fuerza de inyecci\u00f3n de 60Kg. Medidas: 20X11X32CM Peso: 3 kg<\/p>","protected":false},"featured_media":10425,"template":"","meta":[],"product_brand":[],"product_cat":[52,65],"product_tag":[],"profesion":[56],"class_list":{"0":"post-13054","1":"product","2":"type-product","3":"status-publish","4":"has-post-thumbnail","6":"product_cat-microinyectoras","7":"product_cat-microinyectoras-en","8":"profesion-dental","10":"first","11":"instock","12":"purchasable","13":"product-type-simple"},"exclude_global_add_ons":[],"addons":[],"_links":{"self":[{"href":"https:\/\/sabilex.com\/en\/wp-json\/wp\/v2\/product\/13054","targetHints":{"allow":["GET"]}}],"collection":[{"href":"https:\/\/sabilex.com\/en\/wp-json\/wp\/v2\/product"}],"about":[{"href":"https:\/\/sabilex.com\/en\/wp-json\/wp\/v2\/types\/product"}],"version-history":[{"count":2,"href":"https:\/\/sabilex.com\/en\/wp-json\/wp\/v2\/product\/13054\/revisions"}],"predecessor-version":[{"id":13922,"href":"https:\/\/sabilex.com\/en\/wp-json\/wp\/v2\/product\/13054\/revisions\/13922"}],"wp:featuredmedia":[{"embeddable":true,"href":"https:\/\/sabilex.com\/en\/wp-json\/wp\/v2\/media\/10425"}],"wp:attachment":[{"href":"https:\/\/sabilex.com\/en\/wp-json\/wp\/v2\/media?parent=13054"}],"wp:term":[{"taxonomy":"product_brand","embeddable":true,"href":"https:\/\/sabilex.com\/en\/wp-json\/wp\/v2\/product_brand?post=13054"},{"taxonomy":"product_cat","embeddable":true,"href":"https:\/\/sabilex.com\/en\/wp-json\/wp\/v2\/product_cat?post=13054"},{"taxonomy":"product_tag","embeddable":true,"href":"https:\/\/sabilex.com\/en\/wp-json\/wp\/v2\/product_tag?post=13054"},{"taxonomy":"profesion","embeddable":true,"href":"https:\/\/sabilex.com\/en\/wp-json\/wp\/v2\/profesion?post=13054"}],"curies":[{"name":"wp","href":"https:\/\/api.w.org\/{rel}","templated":true}]}}