{"id":13053,"date":"2026-02-03T14:51:38","date_gmt":"2026-02-03T17:51:38","guid":{"rendered":"https:\/\/sabilex.com\/tienda\/sin%20categor\u00eda\/microinyectora-power-300d\/"},"modified":"2026-02-03T14:51:38","modified_gmt":"2026-02-03T17:51:38","slug":"microinyectora-power-300d","status":"publish","type":"product","link":"https:\/\/sabilex.com\/en\/product\/microinyectora-power-300d\/","title":{"rendered":"Power 300D Injection Machine"},"content":{"rendered":"<p><span style=\"font-weight: 400;\">Power 300D Injection Machine - Manual Model.<\/span><\/p>\n<p><span style=\"font-weight: 400;\">It is a lightweight and versatile model.<\/span><\/p>\n<p><span style=\"font-weight: 400;\">It allows to inject thermoplastic materials that require an injection temperature up to 300\u00baC.<\/span><\/p>\n<p><span style=\"font-weight: 400;\">Tiene un tornillo sinf\u00edn accionado por una manija que empuja y comprime el cartucho inyectando el material termopl\u00e1stico fundido dentro de la mufla.<\/span><\/p>\n<p><span style=\"font-weight: 400;\">Digital display for temperature selection.<\/span><\/p>\n<p><span style=\"font-weight: 400;\">Smooth action micrometric knob.<\/span><\/p>\n<p><span style=\"font-weight: 400;\">Measurements: 35x10x15cm<\/span><\/p>\n<p><span style=\"font-weight: 400;\">Weight: 4.5<\/span><\/p>","protected":false},"excerpt":{"rendered":"<p>Microinyectora Power 300 D &#8211; Modelo Manual. Es un modelo liviano y vers\u00e1til. Permite inyectar materiales termopl\u00e1sticos que requieren una temperatura de inyecci\u00f3n hasta 300\u00baC. Tiene un tornillo sinf\u00edn accionado por una manija que empuja y comprime el cartucho inyectando el material termopl\u00e1stico fundido dentro de la mufla. Display digital para seleccionar temperatura. Perilla microm\u00e9trica [&hellip;]<\/p>","protected":false},"featured_media":10052,"template":"","meta":[],"product_brand":[],"product_cat":[52,65],"product_tag":[],"profesion":[56],"class_list":{"0":"post-13053","1":"product","2":"type-product","3":"status-publish","4":"has-post-thumbnail","6":"product_cat-microinyectoras","7":"product_cat-microinyectoras-en","8":"profesion-dental","10":"first","11":"instock","12":"purchasable","13":"product-type-simple"},"exclude_global_add_ons":[],"addons":[],"_links":{"self":[{"href":"https:\/\/sabilex.com\/en\/wp-json\/wp\/v2\/product\/13053","targetHints":{"allow":["GET"]}}],"collection":[{"href":"https:\/\/sabilex.com\/en\/wp-json\/wp\/v2\/product"}],"about":[{"href":"https:\/\/sabilex.com\/en\/wp-json\/wp\/v2\/types\/product"}],"version-history":[{"count":2,"href":"https:\/\/sabilex.com\/en\/wp-json\/wp\/v2\/product\/13053\/revisions"}],"predecessor-version":[{"id":13921,"href":"https:\/\/sabilex.com\/en\/wp-json\/wp\/v2\/product\/13053\/revisions\/13921"}],"wp:featuredmedia":[{"embeddable":true,"href":"https:\/\/sabilex.com\/en\/wp-json\/wp\/v2\/media\/10052"}],"wp:attachment":[{"href":"https:\/\/sabilex.com\/en\/wp-json\/wp\/v2\/media?parent=13053"}],"wp:term":[{"taxonomy":"product_brand","embeddable":true,"href":"https:\/\/sabilex.com\/en\/wp-json\/wp\/v2\/product_brand?post=13053"},{"taxonomy":"product_cat","embeddable":true,"href":"https:\/\/sabilex.com\/en\/wp-json\/wp\/v2\/product_cat?post=13053"},{"taxonomy":"product_tag","embeddable":true,"href":"https:\/\/sabilex.com\/en\/wp-json\/wp\/v2\/product_tag?post=13053"},{"taxonomy":"profesion","embeddable":true,"href":"https:\/\/sabilex.com\/en\/wp-json\/wp\/v2\/profesion?post=13053"}],"curies":[{"name":"wp","href":"https:\/\/api.w.org\/{rel}","templated":true}]}}