{"id":13046,"date":"2026-02-03T14:51:32","date_gmt":"2026-02-03T17:51:32","guid":{"rendered":"https:\/\/sabilex.com\/tienda\/sin%20categor\u00eda\/brazo-fgrip-para-torno-colgante\/"},"modified":"2026-02-03T14:51:32","modified_gmt":"2026-02-03T17:51:32","slug":"brazo-fgrip-para-torno-colgante","status":"publish","type":"product","link":"https:\/\/sabilex.com\/en\/product\/brazo-fgrip-para-torno-colgante\/","title":{"rendered":"Brazo FGRIP para torno colgante"},"content":{"rendered":"<p>Tripa y resorte friccionador de 6mm<\/p>\n<p>Pieza de mano K3M para uso industrial<\/p>\n<p>Montada sobre dos rulemanes blindados<\/p>\n<p>Interior met\u00e1lico, exterior pl\u00e1stico resiliente<\/p>\n<p>Mu confortable<\/p>\n<p>Mandril incorporado di\u00e1metro 2.35mm<\/p>\n<p>Mandriles opcionales tama\u00f1o 0.8mm, 1.6mm y 3.17mm<\/p>","protected":false},"excerpt":{"rendered":"<p>Tripa y resorte friccionador de 6mm Pieza de mano K3M para uso industrial Montada sobre dos rulemanes blindados Interior met\u00e1lico, exterior pl\u00e1stico resiliente Mu confortable Mandril incorporado di\u00e1metro 2.35mm Mandriles opcionales tama\u00f1o 0.8mm, 1.6mm y 3.17mm<\/p>","protected":false},"featured_media":10013,"template":"","meta":[],"product_brand":[],"product_cat":[94,79],"product_tag":[],"profesion":[56,55,54,53],"class_list":{"0":"post-13046","1":"product","2":"type-product","3":"status-publish","4":"has-post-thumbnail","6":"product_cat-arms","7":"product_cat-brazos","8":"profesion-dental","9":"profesion-industria","10":"profesion-joyeros","11":"profesion-podologos","13":"first","14":"instock","15":"product-type-simple"},"exclude_global_add_ons":[],"addons":[],"_links":{"self":[{"href":"https:\/\/sabilex.com\/en\/wp-json\/wp\/v2\/product\/13046","targetHints":{"allow":["GET"]}}],"collection":[{"href":"https:\/\/sabilex.com\/en\/wp-json\/wp\/v2\/product"}],"about":[{"href":"https:\/\/sabilex.com\/en\/wp-json\/wp\/v2\/types\/product"}],"version-history":[{"count":2,"href":"https:\/\/sabilex.com\/en\/wp-json\/wp\/v2\/product\/13046\/revisions"}],"predecessor-version":[{"id":13914,"href":"https:\/\/sabilex.com\/en\/wp-json\/wp\/v2\/product\/13046\/revisions\/13914"}],"wp:featuredmedia":[{"embeddable":true,"href":"https:\/\/sabilex.com\/en\/wp-json\/wp\/v2\/media\/10013"}],"wp:attachment":[{"href":"https:\/\/sabilex.com\/en\/wp-json\/wp\/v2\/media?parent=13046"}],"wp:term":[{"taxonomy":"product_brand","embeddable":true,"href":"https:\/\/sabilex.com\/en\/wp-json\/wp\/v2\/product_brand?post=13046"},{"taxonomy":"product_cat","embeddable":true,"href":"https:\/\/sabilex.com\/en\/wp-json\/wp\/v2\/product_cat?post=13046"},{"taxonomy":"product_tag","embeddable":true,"href":"https:\/\/sabilex.com\/en\/wp-json\/wp\/v2\/product_tag?post=13046"},{"taxonomy":"profesion","embeddable":true,"href":"https:\/\/sabilex.com\/en\/wp-json\/wp\/v2\/profesion?post=13046"}],"curies":[{"name":"wp","href":"https:\/\/api.w.org\/{rel}","templated":true}]}}