{"id":13014,"date":"2026-02-03T14:51:11","date_gmt":"2026-02-03T17:51:11","guid":{"rendered":"https:\/\/sabilex.com\/tienda\/sin%20categor\u00eda\/laminas-para-termoformado\/"},"modified":"2026-02-03T14:51:11","modified_gmt":"2026-02-03T17:51:11","slug":"laminas-para-termoformado","status":"publish","type":"product","link":"https:\/\/sabilex.com\/en\/product\/laminas-para-termoformado\/","title":{"rendered":"Thermoforming sheets"},"content":{"rendered":"<p><b>Thermoforming sheets<\/b><\/p>\n<p><span style=\"font-weight: 400;\">- Vacuum sealed<\/span><\/p>\n<p><span style=\"font-weight: 400;\">- No bubbles<\/span><span style=\"font-weight: 400;\"><\/p>\n<p><\/span><span style=\"font-weight: 400;\">- High quality and great variety<\/span><\/p>\n<p><span style=\"font-weight: 400;\">- Square standard. Round optional.<\/span><\/p>\n<p><span style=\"font-weight: 400;\">Caution:<\/span><\/p>\n<p><span style=\"font-weight: 400;\">Las l\u00e1minas r\u00edgidas vienen envasadas al vac\u00edo. Deben almacenarse en lugar fresco y seco despu\u00e9s de abiertas, aisladas del aire. El envase viene con un cierre herm\u00e9tico zipper para almacenarlas luego de abierto el paquete. La humedad ambiente penetra en el pl\u00e1stico y durante el estampado intenta evaporarse, formando burbujas. Garantizamos que us\u00e1ndolas en un tiempo prudencial y almacenadas en ambiente seco, nuestras l\u00e1minas NO generar\u00e1n burbujas.<\/span><\/p>","protected":false},"excerpt":{"rendered":"<p>L\u00e1minas para termoformado Envasadas al vac\u00edo Sin burbujas. Alta calidad y gran variedad. Est\u00e1ndar cuadradas. Opcional redondas. Observaciones: Las l\u00e1minas r\u00edgidas vienen envasadas al vac\u00edo. Deben almacenarse en lugar fresco y seco despu\u00e9s de abiertas, aisladas del aire. El envase viene con un cierre herm\u00e9tico zipper para almacenarlas luego de abierto el paquete. La humedad [&hellip;]<\/p>","protected":false},"featured_media":9935,"template":"","meta":[],"product_brand":[],"product_cat":[32,69],"product_tag":[],"profesion":[56],"class_list":{"0":"post-13014","1":"product","2":"type-product","3":"status-publish","4":"has-post-thumbnail","6":"product_cat-laminas","7":"product_cat-laminas-en","8":"profesion-dental","10":"first","11":"instock","12":"product-type-simple"},"exclude_global_add_ons":[],"addons":[],"_links":{"self":[{"href":"https:\/\/sabilex.com\/en\/wp-json\/wp\/v2\/product\/13014","targetHints":{"allow":["GET"]}}],"collection":[{"href":"https:\/\/sabilex.com\/en\/wp-json\/wp\/v2\/product"}],"about":[{"href":"https:\/\/sabilex.com\/en\/wp-json\/wp\/v2\/types\/product"}],"version-history":[{"count":2,"href":"https:\/\/sabilex.com\/en\/wp-json\/wp\/v2\/product\/13014\/revisions"}],"predecessor-version":[{"id":13898,"href":"https:\/\/sabilex.com\/en\/wp-json\/wp\/v2\/product\/13014\/revisions\/13898"}],"wp:featuredmedia":[{"embeddable":true,"href":"https:\/\/sabilex.com\/en\/wp-json\/wp\/v2\/media\/9935"}],"wp:attachment":[{"href":"https:\/\/sabilex.com\/en\/wp-json\/wp\/v2\/media?parent=13014"}],"wp:term":[{"taxonomy":"product_brand","embeddable":true,"href":"https:\/\/sabilex.com\/en\/wp-json\/wp\/v2\/product_brand?post=13014"},{"taxonomy":"product_cat","embeddable":true,"href":"https:\/\/sabilex.com\/en\/wp-json\/wp\/v2\/product_cat?post=13014"},{"taxonomy":"product_tag","embeddable":true,"href":"https:\/\/sabilex.com\/en\/wp-json\/wp\/v2\/product_tag?post=13014"},{"taxonomy":"profesion","embeddable":true,"href":"https:\/\/sabilex.com\/en\/wp-json\/wp\/v2\/profesion?post=13014"}],"curies":[{"name":"wp","href":"https:\/\/api.w.org\/{rel}","templated":true}]}}