{"id":13012,"date":"2026-02-03T14:51:09","date_gmt":"2026-02-03T17:51:09","guid":{"rendered":"https:\/\/sabilex.com\/tienda\/sin%20categor\u00eda\/material-a-granel\/"},"modified":"2026-02-03T14:51:09","modified_gmt":"2026-02-03T17:51:09","slug":"material-a-granel","status":"publish","type":"product","link":"https:\/\/sabilex.com\/en\/product\/material-a-granel\/","title":{"rendered":"Bulk Materials"},"content":{"rendered":"<p><b>Bulk materials<\/b><\/p>\n<p><span style=\"font-weight: 400;\">Sabilex line of bulk materials.<\/span><\/p>\n<p><span style=\"font-weight: 400;\">They come in vacuum packs of 50, 250, 500 and 1000 grams.<\/span><\/p>\n<p><span style=\"font-weight: 400;\">All Sabilex polymer line materials are available in both cartridges and bulk.<\/span><\/p>","protected":false},"excerpt":{"rendered":"<p>Materiales a granel L\u00ednea de materiales a granel de Sabilex. Vienen en envases al vac\u00edo de 50, 250, 500 y 1000 gramos. Todos los materiales de la l\u00ednea de pol\u00edmeros de Sabilex se pueden adquirir tanto en cartuchos como a granel.<\/p>","protected":false},"featured_media":9925,"template":"","meta":[],"product_brand":[],"product_cat":[51,64],"product_tag":[],"profesion":[56],"class_list":{"0":"post-13012","1":"product","2":"type-product","3":"status-publish","4":"has-post-thumbnail","6":"product_cat-materiales-y-cartuchos","7":"product_cat-materiales-y-cartuchos-en","8":"profesion-dental","10":"first","11":"instock","12":"product-type-simple"},"exclude_global_add_ons":[],"addons":[],"_links":{"self":[{"href":"https:\/\/sabilex.com\/en\/wp-json\/wp\/v2\/product\/13012","targetHints":{"allow":["GET"]}}],"collection":[{"href":"https:\/\/sabilex.com\/en\/wp-json\/wp\/v2\/product"}],"about":[{"href":"https:\/\/sabilex.com\/en\/wp-json\/wp\/v2\/types\/product"}],"version-history":[{"count":2,"href":"https:\/\/sabilex.com\/en\/wp-json\/wp\/v2\/product\/13012\/revisions"}],"predecessor-version":[{"id":13896,"href":"https:\/\/sabilex.com\/en\/wp-json\/wp\/v2\/product\/13012\/revisions\/13896"}],"wp:featuredmedia":[{"embeddable":true,"href":"https:\/\/sabilex.com\/en\/wp-json\/wp\/v2\/media\/9925"}],"wp:attachment":[{"href":"https:\/\/sabilex.com\/en\/wp-json\/wp\/v2\/media?parent=13012"}],"wp:term":[{"taxonomy":"product_brand","embeddable":true,"href":"https:\/\/sabilex.com\/en\/wp-json\/wp\/v2\/product_brand?post=13012"},{"taxonomy":"product_cat","embeddable":true,"href":"https:\/\/sabilex.com\/en\/wp-json\/wp\/v2\/product_cat?post=13012"},{"taxonomy":"product_tag","embeddable":true,"href":"https:\/\/sabilex.com\/en\/wp-json\/wp\/v2\/product_tag?post=13012"},{"taxonomy":"profesion","embeddable":true,"href":"https:\/\/sabilex.com\/en\/wp-json\/wp\/v2\/profesion?post=13012"}],"curies":[{"name":"wp","href":"https:\/\/api.w.org\/{rel}","templated":true}]}}