{"id":13000,"date":"2026-02-03T14:51:00","date_gmt":"2026-02-03T17:51:00","guid":{"rendered":"https:\/\/sabilex.com\/tienda\/sin%20categor\u00eda\/placa-control-2ad-biostrong\/"},"modified":"2026-02-03T14:51:00","modified_gmt":"2026-02-03T17:51:00","slug":"placa-control-2ad-biostrong","status":"publish","type":"product","link":"https:\/\/sabilex.com\/en\/product\/placa-control-2ad-biostrong\/","title":{"rendered":"Placa Control 2AD &#8211; Biostrong"},"content":{"rendered":"<p><span style=\"font-weight: 400\">Es la placa electr\u00f3nica que controla la temperatura y el ciclo de inyecci\u00f3n de los modelos: 2AD, 2AD 400,Biostrong.<\/span><\/p>\n<p><span style=\"font-weight: 400\">Viene para m\u00e1quinas en 220V o 110 V<\/span><\/p>","protected":false},"excerpt":{"rendered":"<p>Es la placa electr\u00f3nica que controla la temperatura y el ciclo de inyecci\u00f3n de los modelos: 2AD, 2AD 400,Biostrong. Viene para m\u00e1quinas en 220V o 110 V<\/p>","protected":false},"featured_media":9875,"template":"","meta":[],"product_brand":[],"product_cat":[86,90],"product_tag":[],"profesion":[56],"class_list":{"0":"post-13000","1":"product","2":"type-product","3":"status-publish","4":"has-post-thumbnail","6":"product_cat-repuestos-microinyectoras-2","7":"product_cat-spare-part-injection-machine","8":"profesion-dental","10":"first","11":"instock","12":"product-type-simple"},"exclude_global_add_ons":[],"addons":[],"_links":{"self":[{"href":"https:\/\/sabilex.com\/en\/wp-json\/wp\/v2\/product\/13000","targetHints":{"allow":["GET"]}}],"collection":[{"href":"https:\/\/sabilex.com\/en\/wp-json\/wp\/v2\/product"}],"about":[{"href":"https:\/\/sabilex.com\/en\/wp-json\/wp\/v2\/types\/product"}],"version-history":[{"count":2,"href":"https:\/\/sabilex.com\/en\/wp-json\/wp\/v2\/product\/13000\/revisions"}],"predecessor-version":[{"id":13893,"href":"https:\/\/sabilex.com\/en\/wp-json\/wp\/v2\/product\/13000\/revisions\/13893"}],"wp:featuredmedia":[{"embeddable":true,"href":"https:\/\/sabilex.com\/en\/wp-json\/wp\/v2\/media\/9875"}],"wp:attachment":[{"href":"https:\/\/sabilex.com\/en\/wp-json\/wp\/v2\/media?parent=13000"}],"wp:term":[{"taxonomy":"product_brand","embeddable":true,"href":"https:\/\/sabilex.com\/en\/wp-json\/wp\/v2\/product_brand?post=13000"},{"taxonomy":"product_cat","embeddable":true,"href":"https:\/\/sabilex.com\/en\/wp-json\/wp\/v2\/product_cat?post=13000"},{"taxonomy":"product_tag","embeddable":true,"href":"https:\/\/sabilex.com\/en\/wp-json\/wp\/v2\/product_tag?post=13000"},{"taxonomy":"profesion","embeddable":true,"href":"https:\/\/sabilex.com\/en\/wp-json\/wp\/v2\/profesion?post=13000"}],"curies":[{"name":"wp","href":"https:\/\/api.w.org\/{rel}","templated":true}]}}