{"id":12992,"date":"2026-02-03T14:50:54","date_gmt":"2026-02-03T17:50:54","guid":{"rendered":"https:\/\/sabilex.com\/tienda\/sin%20categor\u00eda\/electrovalvula-neumatica-con-selenoide\/"},"modified":"2026-02-03T14:50:54","modified_gmt":"2026-02-03T17:50:54","slug":"electrovalvula-neumatica-con-selenoide","status":"publish","type":"product","link":"https:\/\/sabilex.com\/en\/product\/electrovalvula-neumatica-con-selenoide\/","title":{"rendered":"Electrov\u00e1lvula Neum\u00e1tica con Selenoide"},"content":{"rendered":"<p><span style=\"font-weight: 400\">La electrov\u00e1lvula neum\u00e1tica se utiliza para el accionamiento del cilindro neum\u00e1tico de la inyectora Sabilex.<\/span><\/p>\n<p><span style=\"font-weight: 400\">Presentaci\u00f3n:<\/span><\/p>\n<p><span style=\"font-weight: 400\">Selenoide de 220V<\/span><\/p>\n<p><span style=\"font-weight: 400\">Selenoide de 110 V <\/span><\/p>","protected":false},"excerpt":{"rendered":"<p>La electrov\u00e1lvula neum\u00e1tica se utiliza para el accionamiento del cilindro neum\u00e1tico de la inyectora Sabilex. Presentaci\u00f3n: Selenoide de 220V Selenoide de 110 V<\/p>","protected":false},"featured_media":9852,"template":"","meta":[],"product_brand":[],"product_cat":[86,90],"product_tag":[],"profesion":[56],"class_list":{"0":"post-12992","1":"product","2":"type-product","3":"status-publish","4":"has-post-thumbnail","6":"product_cat-repuestos-microinyectoras-2","7":"product_cat-spare-part-injection-machine","8":"profesion-dental","10":"first","11":"instock","12":"product-type-simple"},"exclude_global_add_ons":[],"addons":[],"_links":{"self":[{"href":"https:\/\/sabilex.com\/en\/wp-json\/wp\/v2\/product\/12992","targetHints":{"allow":["GET"]}}],"collection":[{"href":"https:\/\/sabilex.com\/en\/wp-json\/wp\/v2\/product"}],"about":[{"href":"https:\/\/sabilex.com\/en\/wp-json\/wp\/v2\/types\/product"}],"version-history":[{"count":2,"href":"https:\/\/sabilex.com\/en\/wp-json\/wp\/v2\/product\/12992\/revisions"}],"predecessor-version":[{"id":13889,"href":"https:\/\/sabilex.com\/en\/wp-json\/wp\/v2\/product\/12992\/revisions\/13889"}],"wp:featuredmedia":[{"embeddable":true,"href":"https:\/\/sabilex.com\/en\/wp-json\/wp\/v2\/media\/9852"}],"wp:attachment":[{"href":"https:\/\/sabilex.com\/en\/wp-json\/wp\/v2\/media?parent=12992"}],"wp:term":[{"taxonomy":"product_brand","embeddable":true,"href":"https:\/\/sabilex.com\/en\/wp-json\/wp\/v2\/product_brand?post=12992"},{"taxonomy":"product_cat","embeddable":true,"href":"https:\/\/sabilex.com\/en\/wp-json\/wp\/v2\/product_cat?post=12992"},{"taxonomy":"product_tag","embeddable":true,"href":"https:\/\/sabilex.com\/en\/wp-json\/wp\/v2\/product_tag?post=12992"},{"taxonomy":"profesion","embeddable":true,"href":"https:\/\/sabilex.com\/en\/wp-json\/wp\/v2\/profesion?post=12992"}],"curies":[{"name":"wp","href":"https:\/\/api.w.org\/{rel}","templated":true}]}}