{"id":12989,"date":"2026-02-03T14:50:52","date_gmt":"2026-02-03T17:50:52","guid":{"rendered":"https:\/\/sabilex.com\/tienda\/sin%20categor\u00eda\/casquillo-de-bronce\/"},"modified":"2026-02-03T14:50:52","modified_gmt":"2026-02-03T17:50:52","slug":"casquillo-de-bronce","status":"publish","type":"product","link":"https:\/\/sabilex.com\/en\/product\/casquillo-de-bronce\/","title":{"rendered":"Casquillo de Bronce"},"content":{"rendered":"<p><span style=\"font-weight: 400;\">Es un casquillo cil\u00edndrico de bronce que va enroscado en la punta del \u00e9mbolo del cilindro neum\u00e1tico y comprime el cartucho de las inyectoras Sabilex.<\/span><\/p>","protected":false},"excerpt":{"rendered":"<p>Es un casquillo cil\u00edndrico de bronce que va enroscado en la punta del \u00e9mbolo del cilindro neum\u00e1tico y comprime el cartucho de las inyectoras Sabilex.<\/p>","protected":false},"featured_media":9843,"template":"","meta":[],"product_brand":[],"product_cat":[86,90],"product_tag":[],"profesion":[56],"class_list":{"0":"post-12989","1":"product","2":"type-product","3":"status-publish","4":"has-post-thumbnail","6":"product_cat-repuestos-microinyectoras-2","7":"product_cat-spare-part-injection-machine","8":"profesion-dental","10":"first","11":"instock","12":"product-type-simple"},"exclude_global_add_ons":[],"addons":[],"_links":{"self":[{"href":"https:\/\/sabilex.com\/en\/wp-json\/wp\/v2\/product\/12989","targetHints":{"allow":["GET"]}}],"collection":[{"href":"https:\/\/sabilex.com\/en\/wp-json\/wp\/v2\/product"}],"about":[{"href":"https:\/\/sabilex.com\/en\/wp-json\/wp\/v2\/types\/product"}],"version-history":[{"count":1,"href":"https:\/\/sabilex.com\/en\/wp-json\/wp\/v2\/product\/12989\/revisions"}],"predecessor-version":[{"id":13697,"href":"https:\/\/sabilex.com\/en\/wp-json\/wp\/v2\/product\/12989\/revisions\/13697"}],"wp:featuredmedia":[{"embeddable":true,"href":"https:\/\/sabilex.com\/en\/wp-json\/wp\/v2\/media\/9843"}],"wp:attachment":[{"href":"https:\/\/sabilex.com\/en\/wp-json\/wp\/v2\/media?parent=12989"}],"wp:term":[{"taxonomy":"product_brand","embeddable":true,"href":"https:\/\/sabilex.com\/en\/wp-json\/wp\/v2\/product_brand?post=12989"},{"taxonomy":"product_cat","embeddable":true,"href":"https:\/\/sabilex.com\/en\/wp-json\/wp\/v2\/product_cat?post=12989"},{"taxonomy":"product_tag","embeddable":true,"href":"https:\/\/sabilex.com\/en\/wp-json\/wp\/v2\/product_tag?post=12989"},{"taxonomy":"profesion","embeddable":true,"href":"https:\/\/sabilex.com\/en\/wp-json\/wp\/v2\/profesion?post=12989"}],"curies":[{"name":"wp","href":"https:\/\/api.w.org\/{rel}","templated":true}]}}