{"id":12986,"date":"2026-02-03T14:50:50","date_gmt":"2026-02-03T17:50:50","guid":{"rendered":"https:\/\/sabilex.com\/tienda\/sin%20categor\u00eda\/husillo-para-av880\/"},"modified":"2026-02-03T14:50:50","modified_gmt":"2026-02-03T17:50:50","slug":"husillo-para-av880","status":"publish","type":"product","link":"https:\/\/sabilex.com\/en\/product\/husillo-para-av880\/","title":{"rendered":"Husillo para AV880"},"content":{"rendered":"<p><b>HUSILLO AUTOM\u00c1TICO DE PRECISI\u00d3N<\/b><\/p>\n<p><span style=\"font-weight: 400\">MONTADO SOBRE 4 RULEMANES<\/span><\/p>\n<p><span style=\"font-weight: 400\">CAMBIA LAS PUNTAS SIN NECESIDAD DE PARAR EL MOTOR GRACIAS A SU EMBRAGUE<\/span><\/p>\n<p><span style=\"font-weight: 400\">DISE\u00d1ADO PARA USO CONTINUO Y DE ALTA VELOCIDAD<\/span><\/p>","protected":false},"excerpt":{"rendered":"<p>HUSILLO AUTOM\u00c1TICO DE PRECISI\u00d3N MONTADO SOBRE 4 RULEMANES CAMBIA LAS PUNTAS SIN NECESIDAD DE PARAR EL MOTOR GRACIAS A SU EMBRAGUE DISE\u00d1ADO PARA USO CONTINUO Y DE ALTA VELOCIDAD<\/p>","protected":false},"featured_media":9834,"template":"","meta":[],"product_brand":[],"product_cat":[36],"product_tag":[],"profesion":[56],"class_list":{"0":"post-12986","1":"product","2":"type-product","3":"status-publish","4":"has-post-thumbnail","6":"product_cat-mas-equipos","7":"profesion-dental","9":"first","10":"instock","11":"purchasable","12":"product-type-simple"},"exclude_global_add_ons":[],"addons":[],"_links":{"self":[{"href":"https:\/\/sabilex.com\/en\/wp-json\/wp\/v2\/product\/12986","targetHints":{"allow":["GET"]}}],"collection":[{"href":"https:\/\/sabilex.com\/en\/wp-json\/wp\/v2\/product"}],"about":[{"href":"https:\/\/sabilex.com\/en\/wp-json\/wp\/v2\/types\/product"}],"version-history":[{"count":2,"href":"https:\/\/sabilex.com\/en\/wp-json\/wp\/v2\/product\/12986\/revisions"}],"predecessor-version":[{"id":13885,"href":"https:\/\/sabilex.com\/en\/wp-json\/wp\/v2\/product\/12986\/revisions\/13885"}],"wp:featuredmedia":[{"embeddable":true,"href":"https:\/\/sabilex.com\/en\/wp-json\/wp\/v2\/media\/9834"}],"wp:attachment":[{"href":"https:\/\/sabilex.com\/en\/wp-json\/wp\/v2\/media?parent=12986"}],"wp:term":[{"taxonomy":"product_brand","embeddable":true,"href":"https:\/\/sabilex.com\/en\/wp-json\/wp\/v2\/product_brand?post=12986"},{"taxonomy":"product_cat","embeddable":true,"href":"https:\/\/sabilex.com\/en\/wp-json\/wp\/v2\/product_cat?post=12986"},{"taxonomy":"product_tag","embeddable":true,"href":"https:\/\/sabilex.com\/en\/wp-json\/wp\/v2\/product_tag?post=12986"},{"taxonomy":"profesion","embeddable":true,"href":"https:\/\/sabilex.com\/en\/wp-json\/wp\/v2\/profesion?post=12986"}],"curies":[{"name":"wp","href":"https:\/\/api.w.org\/{rel}","templated":true}]}}