{"id":12984,"date":"2026-02-03T14:50:50","date_gmt":"2026-02-03T17:50:50","guid":{"rendered":"https:\/\/sabilex.com\/tienda\/sin%20categor\u00eda\/arenadora-ar430\/"},"modified":"2026-02-03T14:50:50","modified_gmt":"2026-02-03T17:50:50","slug":"arenadora-ar430","status":"publish","type":"product","link":"https:\/\/sabilex.com\/en\/product\/arenadora-ar430\/","title":{"rendered":"Arenadora AR430"},"content":{"rendered":"<p><b>ARENADORA SABILEX <\/b><\/p>\n<p><span style=\"font-weight: 400\">-Apto para trabajar sobre metales, vidrio, jade, vidrio org\u00e1nico, cer\u00e1mica etc.<\/span><\/p>\n<p><span style=\"font-weight: 400\">-Se utiliza para dental (pr\u00f3tesis fija y cer\u00e1mica entre otros), joyer\u00eda, industria, artesan\u00edas, etc.<\/span><\/p>\n<p><span style=\"font-weight: 400\">-Se pueden realizar diferentes trabajos, dependiendo de la malla o los micrones del material abrasivo que se utiliza para arenado.<\/span><\/p>\n<p><span style=\"font-weight: 400\">Medida de abrasivo: MALLA 80 \/ 180 \u2013 MICRONES 63 \/ 212.<\/span><\/p>\n<p><span style=\"font-weight: 400\">-La tapa superior vidriada, <\/span><span style=\"font-weight: 400\">protegido por film recambiable,<\/span><span style=\"font-weight: 400\"> permite un <\/span><span style=\"font-weight: 400\">excelente campo visual del \u00e1rea de trabajo<\/span><span style=\"font-weight: 400\"> y un c\u00f3modo acceso a la c\u00e1mara de arenado.<\/span><\/p>\n<p><span style=\"font-weight: 400\">-Se puede acceder con ambas manos al interior de la c\u00e1mara de trabajo, por medio de guantes de latex.<\/span><\/p>\n<p><span style=\"font-weight: 400\">-El pico de arenado de Widia, se puede poner fijo o m\u00f3vil.<\/span><\/p>\n<p><span style=\"font-weight: 400\">-La Arenadora est\u00e1 sellada cuando se trabaja, no se pierde polvo abrasivo y el mismo se recicla.<\/span><\/p>\n<p><span style=\"font-weight: 400\">-Se activa la orden de arenado mediante una perilla lateral que regula la presi\u00f3n entre 0 y 6 bar (14,5\u201387 psi).<\/span><\/p>\n<p><span style=\"font-weight: 400\">Especificaciones:<\/span><\/p>\n<p><span style=\"font-weight: 400\">Pico con widia<\/span><\/p>\n<p><span style=\"font-weight: 400\">Voltaje: 220 V<\/span><\/p>\n<p><span style=\"font-weight: 400\">Espesor de la tapa de vidrio: 6 mm<\/span><\/p>\n<p><span style=\"font-weight: 400\">Iluminaci\u00f3n Led de 8 W<\/span><\/p>\n<p><span style=\"font-weight: 400\">Conexi\u00f3n a la l\u00ednea de aire comprimido con racord de 5\/16\u201d, para manguera.<\/span><\/p>\n<p><span style=\"font-weight: 400\">Medidas:<\/span><\/p>\n<p><span style=\"font-weight: 400\">Altura: 350mm, Largo: 390 mm, Profundidad: 300 mm<\/span><\/p>\n<p><span style=\"font-weight: 400\">Peso: 5.5 kg<\/span><\/p>\n<p><span style=\"font-weight: 400\">Garant\u00eda: 1 a\u00f1o <\/span><\/p>\n<p><span style=\"font-weight: 400\">USO Y MANTENIMIENTO<\/span><\/p>\n<p><span style=\"font-weight: 400\"> Colocar el abrasivo en la c\u00e1mara, que el nivel m\u00e1ximo no supere el piso de chapa perforada.<\/span><\/p>\n<p><span style=\"font-weight: 400\"> Peso aproximado de abrasivo: 1 a 1,5 Kg.<\/span><\/p>\n<p><span style=\"font-weight: 400\">En la parte posterior se encuentra la toma del tubo donde se ubica la bolsa filtrante.<\/span><\/p>\n<p><span style=\"font-weight: 400\">Se recomienda la limpieza de la bolsa filtrante en forma peri\u00f3dica.<\/span><\/p>\n<p><span style=\"font-weight: 400\">Evitar utilizar la arenadora con la tapa de vidrio abierta.<\/span><\/p>","protected":false},"excerpt":{"rendered":"<p>ARENADORA SABILEX -Apto para trabajar sobre metales, vidrio, jade, vidrio org\u00e1nico, cer\u00e1mica etc. -Se utiliza para dental (pr\u00f3tesis fija y cer\u00e1mica entre otros), joyer\u00eda, industria, artesan\u00edas, etc. -Se pueden realizar diferentes trabajos, dependiendo de la malla o los micrones del material abrasivo que se utiliza para arenado. Medida de abrasivo: MALLA 80 \/ 180 \u2013 [&hellip;]<\/p>","protected":false},"featured_media":9828,"template":"","meta":[],"product_brand":[],"product_cat":[36],"product_tag":[],"profesion":[56,54],"class_list":{"0":"post-12984","1":"product","2":"type-product","3":"status-publish","4":"has-post-thumbnail","6":"product_cat-mas-equipos","7":"profesion-dental","8":"profesion-joyeros","10":"first","11":"instock","12":"purchasable","13":"product-type-simple"},"exclude_global_add_ons":[],"addons":[],"_links":{"self":[{"href":"https:\/\/sabilex.com\/en\/wp-json\/wp\/v2\/product\/12984","targetHints":{"allow":["GET"]}}],"collection":[{"href":"https:\/\/sabilex.com\/en\/wp-json\/wp\/v2\/product"}],"about":[{"href":"https:\/\/sabilex.com\/en\/wp-json\/wp\/v2\/types\/product"}],"version-history":[{"count":2,"href":"https:\/\/sabilex.com\/en\/wp-json\/wp\/v2\/product\/12984\/revisions"}],"predecessor-version":[{"id":13883,"href":"https:\/\/sabilex.com\/en\/wp-json\/wp\/v2\/product\/12984\/revisions\/13883"}],"wp:featuredmedia":[{"embeddable":true,"href":"https:\/\/sabilex.com\/en\/wp-json\/wp\/v2\/media\/9828"}],"wp:attachment":[{"href":"https:\/\/sabilex.com\/en\/wp-json\/wp\/v2\/media?parent=12984"}],"wp:term":[{"taxonomy":"product_brand","embeddable":true,"href":"https:\/\/sabilex.com\/en\/wp-json\/wp\/v2\/product_brand?post=12984"},{"taxonomy":"product_cat","embeddable":true,"href":"https:\/\/sabilex.com\/en\/wp-json\/wp\/v2\/product_cat?post=12984"},{"taxonomy":"product_tag","embeddable":true,"href":"https:\/\/sabilex.com\/en\/wp-json\/wp\/v2\/product_tag?post=12984"},{"taxonomy":"profesion","embeddable":true,"href":"https:\/\/sabilex.com\/en\/wp-json\/wp\/v2\/profesion?post=12984"}],"curies":[{"name":"wp","href":"https:\/\/api.w.org\/{rel}","templated":true}]}}