{"id":12983,"date":"2026-02-03T14:50:48","date_gmt":"2026-02-03T17:50:48","guid":{"rendered":"https:\/\/sabilex.com\/tienda\/sin%20categor\u00eda\/tambor-protector-para-centrifuga\/"},"modified":"2026-02-03T14:50:48","modified_gmt":"2026-02-03T17:50:48","slug":"tambor-protector-para-centrifuga","status":"publish","type":"product","link":"https:\/\/sabilex.com\/en\/product\/tambor-protector-para-centrifuga\/","title":{"rendered":"Tambor Protector para Centrifuga"},"content":{"rendered":"<p><b>TAMBOR PROTECTOR PARA CENTRIFUGA V410<\/b><\/p>\n<p><span style=\"font-weight: 400\">CONSTRUIDO EN ACERO CALIBRE 20 <\/span><\/p>\n<p><span style=\"font-weight: 400\">PINTADO EN EPOXI EN HORNO <\/span><\/p>\n<p><span style=\"font-weight: 400\">TERMINACIONES EN GOMA.<\/span><\/p>\n<p><span style=\"font-weight: 400\">ESTE PROTECTOR DE CENTR\u00cdFUGA GARANTIZA UNA OPERACI\u00d3N SEGURA EN EL PROCESO DE COLADA DE METALES Y BRINDA UNA EXCELENTE EST\u00c9TICA PARA SU LABORATORIO<\/span><\/p>","protected":false},"excerpt":{"rendered":"<p>TAMBOR PROTECTOR PARA CENTRIFUGA V410 CONSTRUIDO EN ACERO CALIBRE 20 PINTADO EN EPOXI EN HORNO TERMINACIONES EN GOMA. ESTE PROTECTOR DE CENTR\u00cdFUGA GARANTIZA UNA OPERACI\u00d3N SEGURA EN EL PROCESO DE COLADA DE METALES Y BRINDA UNA EXCELENTE EST\u00c9TICA PARA SU LABORATORIO<\/p>","protected":false},"featured_media":9825,"template":"","meta":[],"product_brand":[],"product_cat":[36],"product_tag":[],"profesion":[56,54],"class_list":{"0":"post-12983","1":"product","2":"type-product","3":"status-publish","4":"has-post-thumbnail","6":"product_cat-mas-equipos","7":"profesion-dental","8":"profesion-joyeros","10":"first","11":"instock","12":"purchasable","13":"product-type-simple"},"exclude_global_add_ons":[],"addons":[],"_links":{"self":[{"href":"https:\/\/sabilex.com\/en\/wp-json\/wp\/v2\/product\/12983","targetHints":{"allow":["GET"]}}],"collection":[{"href":"https:\/\/sabilex.com\/en\/wp-json\/wp\/v2\/product"}],"about":[{"href":"https:\/\/sabilex.com\/en\/wp-json\/wp\/v2\/types\/product"}],"version-history":[{"count":2,"href":"https:\/\/sabilex.com\/en\/wp-json\/wp\/v2\/product\/12983\/revisions"}],"predecessor-version":[{"id":13882,"href":"https:\/\/sabilex.com\/en\/wp-json\/wp\/v2\/product\/12983\/revisions\/13882"}],"wp:featuredmedia":[{"embeddable":true,"href":"https:\/\/sabilex.com\/en\/wp-json\/wp\/v2\/media\/9825"}],"wp:attachment":[{"href":"https:\/\/sabilex.com\/en\/wp-json\/wp\/v2\/media?parent=12983"}],"wp:term":[{"taxonomy":"product_brand","embeddable":true,"href":"https:\/\/sabilex.com\/en\/wp-json\/wp\/v2\/product_brand?post=12983"},{"taxonomy":"product_cat","embeddable":true,"href":"https:\/\/sabilex.com\/en\/wp-json\/wp\/v2\/product_cat?post=12983"},{"taxonomy":"product_tag","embeddable":true,"href":"https:\/\/sabilex.com\/en\/wp-json\/wp\/v2\/product_tag?post=12983"},{"taxonomy":"profesion","embeddable":true,"href":"https:\/\/sabilex.com\/en\/wp-json\/wp\/v2\/profesion?post=12983"}],"curies":[{"name":"wp","href":"https:\/\/api.w.org\/{rel}","templated":true}]}}