{"id":12976,"date":"2026-02-03T14:50:43","date_gmt":"2026-02-03T17:50:43","guid":{"rendered":"https:\/\/sabilex.com\/tienda\/sin%20categor\u00eda\/lavadora-por-ultrasonido-scd4820\/"},"modified":"2026-02-03T14:50:44","modified_gmt":"2026-02-03T17:50:44","slug":"lavadora-por-ultrasonido-scd4820","status":"publish","type":"product","link":"https:\/\/sabilex.com\/en\/product\/lavadora-por-ultrasonido-scd4820\/","title":{"rendered":"Lavadora por Ultrasonido SCD4820"},"content":{"rendered":"<p><span style=\"font-weight: 400;\">Lavadora Ultras\u00f3nica SCD-4820<\/span><\/p>\n<p><span style=\"font-weight: 400;\">Puede ser utilizada para las m\u00e1s variadas aplicaciones: joyas, relojes, pr\u00f3tesis dentarias, herramientas, CD, DVD, plaquetas electr\u00f3nicas, anteojos, lentes de contacto, cuchiller\u00eda, caza, pesca, n\u00e1utica, buceo, cerrajer\u00eda, oftalmolog\u00eda, odontolog\u00eda, medicina, laboratorios, mec\u00e1nica, gr\u00e1fica, veterinaria, manicur\u00eda, podolog\u00eda, est\u00e9tica, inyectores de autos, etc.<\/span><\/p>\n<p><span style=\"font-weight: 400;\">Characteristics: <\/span><\/p>\n<ul>\n<li style=\"font-weight: 400;\"><span style=\"font-weight: 400;\">Capacidad del tanque: 2.5 Lts<\/span><\/li>\n<li style=\"font-weight: 400;\"><span style=\"font-weight: 400;\">Tama\u00f1o del tanque: 250 x 150 x 80mm(L*W*H) <\/span><\/li>\n<li style=\"font-weight: 400;\"><span style=\"font-weight: 400;\">Potencia: 170W <\/span><\/li>\n<li style=\"font-weight: 400;\"><span style=\"font-weight: 400;\">Frecuencia ultrasonido: 42000 Hz. <\/span><\/li>\n<li style=\"font-weight: 400;\"><span style=\"font-weight: 400;\">Timer digital: 5 configuraciones de 90 a 480 segundos<\/span><\/li>\n<\/ul>\n<p><span style=\"font-weight: 400;\">Informaci\u00f3n adicional<\/span><\/p>\n<ul>\n<li style=\"font-weight: 400;\"><span style=\"font-weight: 400;\">Transductor ultras\u00f3nico industrial de \u042438 mm, duradero, con un mejor efecto de limpieza<\/span><\/li>\n<li style=\"font-weight: 400;\"><span style=\"font-weight: 400;\">Apto para operaciones continuas. Ventilador incorporado.<\/span><\/li>\n<li style=\"font-weight: 400;\"><span style=\"font-weight: 400;\">Pantalla digital de alta definici\u00f3n.<\/span><\/li>\n<li style=\"font-weight: 400;\"><span style=\"font-weight: 400;\">Componentes a prueba de humedad. Silenciosa. Cable de alimentaci\u00f3n desmontable.<\/span><\/li>\n<li style=\"font-weight: 400;\"><span style=\"font-weight: 400;\">M\u00faltiples certificaciones de seguridad<\/span><\/li>\n<li style=\"font-weight: 400;\"><span style=\"font-weight: 400;\">Tanque de acero Inoxidable SUS304 \/ Carcaza de ABS alto impacto de 4mm<\/span><\/li>\n<li style=\"font-weight: 400;\"><span style=\"font-weight: 400;\">Peso Neto: 2.75 kg<\/span><\/li>\n<\/ul>","protected":false},"excerpt":{"rendered":"<p>Lavadora Ultras\u00f3nica SCD-4820 Puede ser utilizada para las m\u00e1s variadas aplicaciones: joyas, relojes, pr\u00f3tesis dentarias, herramientas, CD, DVD, plaquetas electr\u00f3nicas, anteojos, lentes de contacto, cuchiller\u00eda, caza, pesca, n\u00e1utica, buceo, cerrajer\u00eda, oftalmolog\u00eda, odontolog\u00eda, medicina, laboratorios, mec\u00e1nica, gr\u00e1fica, veterinaria, manicur\u00eda, podolog\u00eda, est\u00e9tica, inyectores de autos, etc. Caracter\u00edsticas Capacidad del tanque: 2.5 Lts Tama\u00f1o del tanque: 250 x [&hellip;]<\/p>","protected":false},"featured_media":9797,"template":"","meta":[],"product_brand":[],"product_cat":[28],"product_tag":[],"profesion":[56,54,53],"class_list":{"0":"post-12976","1":"product","2":"type-product","3":"status-publish","4":"has-post-thumbnail","6":"product_cat-lavadoras","7":"profesion-dental","8":"profesion-joyeros","9":"profesion-podologos","11":"first","12":"instock","13":"purchasable","14":"product-type-simple"},"exclude_global_add_ons":[],"addons":[],"_links":{"self":[{"href":"https:\/\/sabilex.com\/en\/wp-json\/wp\/v2\/product\/12976","targetHints":{"allow":["GET"]}}],"collection":[{"href":"https:\/\/sabilex.com\/en\/wp-json\/wp\/v2\/product"}],"about":[{"href":"https:\/\/sabilex.com\/en\/wp-json\/wp\/v2\/types\/product"}],"version-history":[{"count":2,"href":"https:\/\/sabilex.com\/en\/wp-json\/wp\/v2\/product\/12976\/revisions"}],"predecessor-version":[{"id":13875,"href":"https:\/\/sabilex.com\/en\/wp-json\/wp\/v2\/product\/12976\/revisions\/13875"}],"wp:featuredmedia":[{"embeddable":true,"href":"https:\/\/sabilex.com\/en\/wp-json\/wp\/v2\/media\/9797"}],"wp:attachment":[{"href":"https:\/\/sabilex.com\/en\/wp-json\/wp\/v2\/media?parent=12976"}],"wp:term":[{"taxonomy":"product_brand","embeddable":true,"href":"https:\/\/sabilex.com\/en\/wp-json\/wp\/v2\/product_brand?post=12976"},{"taxonomy":"product_cat","embeddable":true,"href":"https:\/\/sabilex.com\/en\/wp-json\/wp\/v2\/product_cat?post=12976"},{"taxonomy":"product_tag","embeddable":true,"href":"https:\/\/sabilex.com\/en\/wp-json\/wp\/v2\/product_tag?post=12976"},{"taxonomy":"profesion","embeddable":true,"href":"https:\/\/sabilex.com\/en\/wp-json\/wp\/v2\/profesion?post=12976"}],"curies":[{"name":"wp","href":"https:\/\/api.w.org\/{rel}","templated":true}]}}