{"id":12974,"date":"2026-02-03T14:50:41","date_gmt":"2026-02-03T17:50:41","guid":{"rendered":"https:\/\/sabilex.com\/tienda\/sin%20categor\u00eda\/lavadora-por-ultrasonido-sd1800\/"},"modified":"2026-02-03T14:50:42","modified_gmt":"2026-02-03T17:50:42","slug":"lavadora-por-ultrasonido-sd1800","status":"publish","type":"product","link":"https:\/\/sabilex.com\/en\/product\/lavadora-por-ultrasonido-sd1800\/","title":{"rendered":"Lavadora por Ultrasonido SD1800"},"content":{"rendered":"<p><span style=\"font-weight: 400\">Lavadora Ultras\u00f3nica SCD-1800<\/span><\/p>\n<p><span style=\"font-weight: 400\">Puede ser utilizada para las m\u00e1s variadas aplicaciones: joyas, relojes, pr\u00f3tesis dentarias, herramientas, CD, DVD, plaquetas electr\u00f3nicas, anteojos, lentes de contacto, cuchiller\u00eda, caza, pesca, n\u00e1utica, buceo, cerrajer\u00eda, oftalmolog\u00eda, odontolog\u00eda, medicina, laboratorios, mec\u00e1nica, gr\u00e1fica, veterinaria, manicur\u00eda, podolog\u00eda, est\u00e9tica, inyectores de autos, etc.<\/span><\/p>\n<p><span style=\"font-weight: 400\">Characteristics: <\/span><\/p>\n<ul>\n<li style=\"font-weight: 400\"><span style=\"font-weight: 400\">Capacidad del tanque: 0.22 Lts<\/span><\/li>\n<li style=\"font-weight: 400\"><span style=\"font-weight: 400\">Tama\u00f1o del tanque: \u00d8 78 x 48 mm <\/span><\/li>\n<li style=\"font-weight: 400\"><span style=\"font-weight: 400\">Potencia: 30W <\/span><\/li>\n<li style=\"font-weight: 400\"><span style=\"font-weight: 400\">Frecuencia ultrasonido: 42000 Hz. <\/span><\/li>\n<li style=\"font-weight: 400\"><span style=\"font-weight: 400\">Timer digital: ciclo de 5 minutos<\/span><\/li>\n<li style=\"font-weight: 400\"><span style=\"font-weight: 400\">Medidas externas: 111x110x128 mm <\/span><\/li>\n<\/ul>\n<p><span style=\"font-weight: 400\">Informaci\u00f3n adicional<\/span><\/p>\n<ul>\n<li style=\"font-weight: 400\"><span style=\"font-weight: 400\">Transductor ultras\u00f3nico compacto y gran potencia.<\/span><\/li>\n<li style=\"font-weight: 400\"><span style=\"font-weight: 400\">Protecci\u00f3n de sobrecalentamiento, mayor vida \u00fatil.<\/span><\/li>\n<li style=\"font-weight: 400\"><span style=\"font-weight: 400\">Tanque de acero Inoxidable SUS304 \/ Carcaza de ABS alto impacto.<\/span><\/li>\n<li style=\"font-weight: 400\"><span style=\"font-weight: 400\">Peso Neto: 0.6 kg<\/span><\/li>\n<\/ul>","protected":false},"excerpt":{"rendered":"<p>Lavadora Ultras\u00f3nica SCD-1800 Puede ser utilizada para las m\u00e1s variadas aplicaciones: joyas, relojes, pr\u00f3tesis dentarias, herramientas, CD, DVD, plaquetas electr\u00f3nicas, anteojos, lentes de contacto, cuchiller\u00eda, caza, pesca, n\u00e1utica, buceo, cerrajer\u00eda, oftalmolog\u00eda, odontolog\u00eda, medicina, laboratorios, mec\u00e1nica, gr\u00e1fica, veterinaria, manicur\u00eda, podolog\u00eda, est\u00e9tica, inyectores de autos, etc. Caracter\u00edsticas Capacidad del tanque: 0.22 Lts Tama\u00f1o del tanque: \u00d8 78 [&hellip;]<\/p>","protected":false},"featured_media":9783,"template":"","meta":[],"product_brand":[],"product_cat":[28],"product_tag":[],"profesion":[56,54,53],"class_list":{"0":"post-12974","1":"product","2":"type-product","3":"status-publish","4":"has-post-thumbnail","6":"product_cat-lavadoras","7":"profesion-dental","8":"profesion-joyeros","9":"profesion-podologos","11":"first","12":"instock","13":"purchasable","14":"product-type-simple"},"exclude_global_add_ons":[],"addons":[],"_links":{"self":[{"href":"https:\/\/sabilex.com\/en\/wp-json\/wp\/v2\/product\/12974","targetHints":{"allow":["GET"]}}],"collection":[{"href":"https:\/\/sabilex.com\/en\/wp-json\/wp\/v2\/product"}],"about":[{"href":"https:\/\/sabilex.com\/en\/wp-json\/wp\/v2\/types\/product"}],"version-history":[{"count":2,"href":"https:\/\/sabilex.com\/en\/wp-json\/wp\/v2\/product\/12974\/revisions"}],"predecessor-version":[{"id":13873,"href":"https:\/\/sabilex.com\/en\/wp-json\/wp\/v2\/product\/12974\/revisions\/13873"}],"wp:featuredmedia":[{"embeddable":true,"href":"https:\/\/sabilex.com\/en\/wp-json\/wp\/v2\/media\/9783"}],"wp:attachment":[{"href":"https:\/\/sabilex.com\/en\/wp-json\/wp\/v2\/media?parent=12974"}],"wp:term":[{"taxonomy":"product_brand","embeddable":true,"href":"https:\/\/sabilex.com\/en\/wp-json\/wp\/v2\/product_brand?post=12974"},{"taxonomy":"product_cat","embeddable":true,"href":"https:\/\/sabilex.com\/en\/wp-json\/wp\/v2\/product_cat?post=12974"},{"taxonomy":"product_tag","embeddable":true,"href":"https:\/\/sabilex.com\/en\/wp-json\/wp\/v2\/product_tag?post=12974"},{"taxonomy":"profesion","embeddable":true,"href":"https:\/\/sabilex.com\/en\/wp-json\/wp\/v2\/profesion?post=12974"}],"curies":[{"name":"wp","href":"https:\/\/api.w.org\/{rel}","templated":true}]}}