{"id":12964,"date":"2026-02-03T14:50:35","date_gmt":"2026-02-03T17:50:35","guid":{"rendered":"https:\/\/sabilex.com\/tienda\/sin%20categor\u00eda\/campana-aspiradora-de-mesa-sb-54b2\/"},"modified":"2026-02-03T14:50:35","modified_gmt":"2026-02-03T17:50:35","slug":"campana-aspiradora-de-mesa-sb-54b2","status":"publish","type":"product","link":"https:\/\/sabilex.com\/en\/product\/campana-aspiradora-de-mesa-sb-54b2\/","title":{"rendered":"Campana Aspiradora de Mesa SB-54B2"},"content":{"rendered":"<p><span style=\"font-weight: 400\">La Campana Aspiradora de Mesa con filtro y luz, aspira y filtra el polvo y las part\u00edculas m\u00e1s grandes producidas por el pulido y el esmerilado ligero.<\/span><span style=\"font-weight: 400\"><\/p>\n<p><\/span><span style=\"font-weight: 400\"><\/p>\n<p><\/span><span style=\"font-weight: 400\">Dise\u00f1ada como un producto complementario de las pulidoras y los micromotores Sabilex. Posee los lados contorneados para acomodar los cepillos, ruedas y otros accesorios que se montan en los ejes c\u00f3nicos de las pulidoras.<\/span><span style=\"font-weight: 400\"><\/p>\n<p><\/span><span style=\"font-weight: 400\"><\/p>\n<p><\/span><span style=\"font-weight: 400\">Es compacta, potente y port\u00e1til y se puede mover f\u00e1cilmente a cualquier lugar de una mesa de trabajo. Se puede usar tambi\u00e9n con un torno colgante o un micromotor.<\/span><span style=\"font-weight: 400\"><\/p>\n<p><\/span><span style=\"font-weight: 400\">Ideal para uso en consultorios y laboratorios dentales, joyer\u00eda, industria o carpinter\u00eda ligera.<\/span><span style=\"font-weight: 400\"><\/p>\n<p><\/span><span style=\"font-weight: 400\"><\/p>\n<p><\/span><span style=\"font-weight: 400\">Ofrece un gran poder de succi\u00f3n para eliminar part\u00edculas de polvo y recuperar metales preciosos. <\/span><span style=\"font-weight: 400\"><\/p>\n<p><\/span><span style=\"font-weight: 400\"><\/p>\n<p><\/span><span style=\"font-weight: 400\">Tiene una bandeja extra\u00edble, una luz LED para iluminaci\u00f3n y un protector acr\u00edlico transparente. Viene con filtro que es f\u00e1cil de cambiar y enviar a un refinador.<\/span><span style=\"font-weight: 400\"><\/p>\n<p><\/span><span style=\"font-weight: 400\"><\/p>\n<p><\/span><span style=\"font-weight: 400\">Garant\u00eda de 6 meses.<\/span><span style=\"font-weight: 400\"><\/p>\n<p><\/span><span style=\"font-weight: 400\"><\/p>\n<p><\/span><span style=\"font-weight: 400\">220V \u2013 50W<\/span><span style=\"font-weight: 400\"><\/p>\n<p><\/span><span style=\"font-weight: 400\">0-4700 RPM<\/span><span style=\"font-weight: 400\"><\/p>\n<p><\/span><span style=\"font-weight: 400\">Caudal de aspiraci\u00f3n 135 m3\/h &#8211; Muy silencioso.<\/span><span style=\"font-weight: 400\"><\/p>\n<p><\/span><span style=\"font-weight: 400\">Mide 190 de alto x 153 de ancho x 323 mm de profundidad.<\/span><span style=\"font-weight: 400\"><\/p>\n<p><\/span><span style=\"font-weight: 400\">Peso Neto: 3,5 kg. Peso Bruto 4,5 kg<\/span><\/p>","protected":false},"excerpt":{"rendered":"<p>La Campana Aspiradora de Mesa con filtro y luz, aspira y filtra el polvo y las part\u00edculas m\u00e1s grandes producidas por el pulido y el esmerilado ligero. Dise\u00f1ada como un producto complementario de las pulidoras y los micromotores Sabilex. Posee los lados contorneados para acomodar los cepillos, ruedas y otros accesorios que se montan en [&hellip;]<\/p>","protected":false},"featured_media":9752,"template":"","meta":[],"product_brand":[],"product_cat":[33,20],"product_tag":[],"profesion":[56,55,54],"class_list":{"0":"post-12964","1":"product","2":"type-product","3":"status-publish","4":"has-post-thumbnail","6":"product_cat-accesorios","7":"product_cat-pulidoras","8":"profesion-dental","9":"profesion-industria","10":"profesion-joyeros","12":"first","13":"instock","14":"purchasable","15":"product-type-simple"},"exclude_global_add_ons":[],"addons":[],"_links":{"self":[{"href":"https:\/\/sabilex.com\/en\/wp-json\/wp\/v2\/product\/12964","targetHints":{"allow":["GET"]}}],"collection":[{"href":"https:\/\/sabilex.com\/en\/wp-json\/wp\/v2\/product"}],"about":[{"href":"https:\/\/sabilex.com\/en\/wp-json\/wp\/v2\/types\/product"}],"version-history":[{"count":2,"href":"https:\/\/sabilex.com\/en\/wp-json\/wp\/v2\/product\/12964\/revisions"}],"predecessor-version":[{"id":13863,"href":"https:\/\/sabilex.com\/en\/wp-json\/wp\/v2\/product\/12964\/revisions\/13863"}],"wp:featuredmedia":[{"embeddable":true,"href":"https:\/\/sabilex.com\/en\/wp-json\/wp\/v2\/media\/9752"}],"wp:attachment":[{"href":"https:\/\/sabilex.com\/en\/wp-json\/wp\/v2\/media?parent=12964"}],"wp:term":[{"taxonomy":"product_brand","embeddable":true,"href":"https:\/\/sabilex.com\/en\/wp-json\/wp\/v2\/product_brand?post=12964"},{"taxonomy":"product_cat","embeddable":true,"href":"https:\/\/sabilex.com\/en\/wp-json\/wp\/v2\/product_cat?post=12964"},{"taxonomy":"product_tag","embeddable":true,"href":"https:\/\/sabilex.com\/en\/wp-json\/wp\/v2\/product_tag?post=12964"},{"taxonomy":"profesion","embeddable":true,"href":"https:\/\/sabilex.com\/en\/wp-json\/wp\/v2\/profesion?post=12964"}],"curies":[{"name":"wp","href":"https:\/\/api.w.org\/{rel}","templated":true}]}}