{"id":12961,"date":"2026-02-03T14:50:33","date_gmt":"2026-02-03T17:50:33","guid":{"rendered":"https:\/\/sabilex.com\/tienda\/sin%20categor\u00eda\/box-de-pulido\/"},"modified":"2026-02-03T14:50:33","modified_gmt":"2026-02-03T17:50:33","slug":"box-de-pulido","status":"publish","type":"product","link":"https:\/\/sabilex.com\/en\/product\/box-de-pulido\/","title":{"rendered":"Box de Pulido"},"content":{"rendered":"<p><strong>El box de pulido con aspiraci\u00f3n es una m\u00e1quina compacta y funcional para trabajo en seco o en <\/strong><strong>h\u00famedo.<\/strong><\/p>\n<p>ERGONOM\u00cdA: En su dise\u00f1o se ha pensado en el confort y seguridad.<\/p>\n<p>La posici\u00f3n del motor de pulir deja movimiento libre de los brazos en toda<\/p>\n<p>la zona de trabajo. Incorpora un pr\u00e1ctico caj\u00f3n para guardado de elementos.<\/p>\n<p>SALUD: El m\u00e1s eficaz defensor de su SALUD y del medio ambiente.<\/p>\n<p>La aspiraci\u00f3n del polvo elimina riesgos de inhalaci\u00f3n de polvo de n\u00edquel, cobalto, resinas, etc.<\/p>\n<p>que pueden producir problemas respiratorios y enfermedades al usuario.<\/p>\n<p>El aire retorna al exterior perfectamente filtrado y limpio.<\/p>\n<p>\u2022 300 W &#8211; 2.800 RPM &#8211; 220 V.<\/p>\n<p>\u2022 Incluye porta pa\u00f1o izquierdo y porta pa\u00f1o derecho.<\/p>\n<p>\u2022 Continuous use.<\/p>\n<p>\u2022 Great robustness.<\/p>\n<p>\u2022 Fully armored.<\/p>\n<p>\u2022 Silent.<\/p>\n<p>\u2022 Led power indicator.<\/p>\n<p>\u2022 Mounted on armored bearings.<\/p>\n<p>\u2022 Aspiraci\u00f3n independiente opcional silenciosa menor a 60 DB, con filtro de part\u00edculas.<\/p>\n<p>\u2022 Peso: 35 kg.<\/p>\n<p>\u2022 Dimensiones: 600 x 400 x 400 mm.<\/p>","protected":false},"excerpt":{"rendered":"<p>El box de pulido con aspiraci\u00f3n es una m\u00e1quina compacta y funcional para trabajo en seco o en h\u00famedo. ERGONOM\u00cdA: En su dise\u00f1o se ha pensado en el confort y seguridad. La posici\u00f3n del motor de pulir deja movimiento libre de los brazos en toda la zona de trabajo. Incorpora un pr\u00e1ctico caj\u00f3n para guardado [&hellip;]<\/p>","protected":false},"featured_media":9743,"template":"","meta":[],"product_brand":[],"product_cat":[20],"product_tag":[],"profesion":[56,55,54],"class_list":{"0":"post-12961","1":"product","2":"type-product","3":"status-publish","4":"has-post-thumbnail","6":"product_cat-pulidoras","7":"profesion-dental","8":"profesion-industria","9":"profesion-joyeros","11":"first","12":"instock","13":"purchasable","14":"product-type-simple"},"exclude_global_add_ons":[],"addons":[],"_links":{"self":[{"href":"https:\/\/sabilex.com\/en\/wp-json\/wp\/v2\/product\/12961","targetHints":{"allow":["GET"]}}],"collection":[{"href":"https:\/\/sabilex.com\/en\/wp-json\/wp\/v2\/product"}],"about":[{"href":"https:\/\/sabilex.com\/en\/wp-json\/wp\/v2\/types\/product"}],"version-history":[{"count":2,"href":"https:\/\/sabilex.com\/en\/wp-json\/wp\/v2\/product\/12961\/revisions"}],"predecessor-version":[{"id":13860,"href":"https:\/\/sabilex.com\/en\/wp-json\/wp\/v2\/product\/12961\/revisions\/13860"}],"wp:featuredmedia":[{"embeddable":true,"href":"https:\/\/sabilex.com\/en\/wp-json\/wp\/v2\/media\/9743"}],"wp:attachment":[{"href":"https:\/\/sabilex.com\/en\/wp-json\/wp\/v2\/media?parent=12961"}],"wp:term":[{"taxonomy":"product_brand","embeddable":true,"href":"https:\/\/sabilex.com\/en\/wp-json\/wp\/v2\/product_brand?post=12961"},{"taxonomy":"product_cat","embeddable":true,"href":"https:\/\/sabilex.com\/en\/wp-json\/wp\/v2\/product_cat?post=12961"},{"taxonomy":"product_tag","embeddable":true,"href":"https:\/\/sabilex.com\/en\/wp-json\/wp\/v2\/product_tag?post=12961"},{"taxonomy":"profesion","embeddable":true,"href":"https:\/\/sabilex.com\/en\/wp-json\/wp\/v2\/profesion?post=12961"}],"curies":[{"name":"wp","href":"https:\/\/api.w.org\/{rel}","templated":true}]}}