{"id":12960,"date":"2026-02-03T14:50:33","date_gmt":"2026-02-03T17:50:33","guid":{"rendered":"https:\/\/sabilex.com\/tienda\/sin%20categor\u00eda\/pulidora-3040\/"},"modified":"2026-02-03T14:50:33","modified_gmt":"2026-02-03T17:50:33","slug":"pulidora-3040","status":"publish","type":"product","link":"https:\/\/sabilex.com\/en\/product\/pulidora-3040\/","title":{"rendered":"Polishing Units 3040"},"content":{"rendered":"<p>SABILEX POLISHER<\/p>\n<p>\u201cThe Classic- The Red\u201d<\/p>\n<p>\u2022 1\/4 HP - 200w - 2,800 RPM.<\/p>\n<p>\u2022 Includes conical assembly accessories: left cloth holder and right bur holder.<\/p>\n<p>Optional: right cloth holder and stone holder.<\/p>\n<p>\u2022 Continuous use.<\/p>\n<p>\u2022 Great robustness.<\/p>\n<p>\u2022 Fully armored.<\/p>\n<p>\u2022 Modern cast enameled aluminum structure.<\/p>\n<p>\u2022 Silent.<\/p>\n<p>\u2022 Led power indicator.<\/p>\n<p>\u2022 Mounted on armored bearings.<\/p>\n<p>\u2022 Weight: 5.8 kg<\/p>\n<p>\u2022 Machine measures: 16 x 20 x 20 cm.<\/p>\n<p>\u2022 Package measures: 26 x 28 x 20 cm.<\/p>","protected":false},"excerpt":{"rendered":"<p>PULIDORA SABILEX \u201cLa Cl\u00e1sica- La Roja\u201d \u2022 1\/4 HP &#8211; 200w &#8211; 2.800 RPM. \u2022 Incluye accesorios de ensamble c\u00f3nico: porta pa\u00f1o izquierdo y porta fresa derecho. Opcional: porta pa\u00f1o derecho y porta piedra. \u2022 Uso continuo. \u2022 Gran robustez. \u2022 Totalmente blindada. \u2022 Carcaza de moderno dise\u00f1o en fundici\u00f3n de aluminio, esmaltada y horneada. [&hellip;]<\/p>","protected":false},"featured_media":9740,"template":"","meta":[],"product_brand":[],"product_cat":[20,72],"product_tag":[],"profesion":[56,55,54],"class_list":{"0":"post-12960","1":"product","2":"type-product","3":"status-publish","4":"has-post-thumbnail","6":"product_cat-pulidoras","7":"product_cat-pulidoras-en","8":"profesion-dental","9":"profesion-industria","10":"profesion-joyeros","12":"first","13":"instock","14":"purchasable","15":"product-type-simple"},"exclude_global_add_ons":[],"addons":[],"_links":{"self":[{"href":"https:\/\/sabilex.com\/en\/wp-json\/wp\/v2\/product\/12960","targetHints":{"allow":["GET"]}}],"collection":[{"href":"https:\/\/sabilex.com\/en\/wp-json\/wp\/v2\/product"}],"about":[{"href":"https:\/\/sabilex.com\/en\/wp-json\/wp\/v2\/types\/product"}],"version-history":[{"count":2,"href":"https:\/\/sabilex.com\/en\/wp-json\/wp\/v2\/product\/12960\/revisions"}],"predecessor-version":[{"id":13859,"href":"https:\/\/sabilex.com\/en\/wp-json\/wp\/v2\/product\/12960\/revisions\/13859"}],"wp:featuredmedia":[{"embeddable":true,"href":"https:\/\/sabilex.com\/en\/wp-json\/wp\/v2\/media\/9740"}],"wp:attachment":[{"href":"https:\/\/sabilex.com\/en\/wp-json\/wp\/v2\/media?parent=12960"}],"wp:term":[{"taxonomy":"product_brand","embeddable":true,"href":"https:\/\/sabilex.com\/en\/wp-json\/wp\/v2\/product_brand?post=12960"},{"taxonomy":"product_cat","embeddable":true,"href":"https:\/\/sabilex.com\/en\/wp-json\/wp\/v2\/product_cat?post=12960"},{"taxonomy":"product_tag","embeddable":true,"href":"https:\/\/sabilex.com\/en\/wp-json\/wp\/v2\/product_tag?post=12960"},{"taxonomy":"profesion","embeddable":true,"href":"https:\/\/sabilex.com\/en\/wp-json\/wp\/v2\/profesion?post=12960"}],"curies":[{"name":"wp","href":"https:\/\/api.w.org\/{rel}","templated":true}]}}