{"id":12959,"date":"2026-02-03T14:50:31","date_gmt":"2026-02-03T17:50:31","guid":{"rendered":"https:\/\/sabilex.com\/tienda\/sin%20categor\u00eda\/soporte-para-tornos-colgantes-sabilex\/"},"modified":"2026-02-03T14:50:31","modified_gmt":"2026-02-03T17:50:31","slug":"soporte-para-tornos-colgantes-sabilex","status":"publish","type":"product","link":"https:\/\/sabilex.com\/en\/product\/soporte-para-tornos-colgantes-sabilex\/","title":{"rendered":"Flexible Shaft Rotary Tool Support"},"content":{"rendered":"<p><span style=\"font-weight: 400;\">Solido soporte para tornos colgantes, fabricado en acero macizo y torneado, con una prensa de acero forjado y terminada en cincado plateado, embalado en m\u00f3dulos para su mejor trasporte y adaptaci\u00f3n. <\/span><\/p>\n<p><span style=\"font-weight: 400;\">Maximum height: 76 cm<\/span><\/p>\n<p><span style=\"font-weight: 400;\">Clump pressure size: 90mm<\/span><\/p>\n<p><span style=\"font-weight: 400;\">Package: 70x70x240mm<\/span><\/p>\n<p><span style=\"font-weight: 400;\">Weight: 1,3 kg<\/span><\/p>","protected":false},"excerpt":{"rendered":"<p>Solido soporte para tornos colgantes, fabricado en acero macizo y torneado, con una prensa de acero forjado y terminada en cincado plateado, embalado en m\u00f3dulos para su mejor trasporte y adaptaci\u00f3n. Altura m\u00e1xima armado: 76 cm Apertura de boca de prensa: 90mm Embalaje: 70x70x240mm Peso: 1290 gr<\/p>","protected":false},"featured_media":9736,"template":"","meta":[],"product_brand":[],"product_cat":[22,71],"product_tag":[],"profesion":[56,55,54,53],"class_list":{"0":"post-12959","1":"product","2":"type-product","3":"status-publish","4":"has-post-thumbnail","6":"product_cat-tornos-colgantes","7":"product_cat-tornos-colgantes-en","8":"profesion-dental","9":"profesion-industria","10":"profesion-joyeros","11":"profesion-podologos","13":"first","14":"instock","15":"purchasable","16":"product-type-simple"},"exclude_global_add_ons":[],"addons":[],"_links":{"self":[{"href":"https:\/\/sabilex.com\/en\/wp-json\/wp\/v2\/product\/12959","targetHints":{"allow":["GET"]}}],"collection":[{"href":"https:\/\/sabilex.com\/en\/wp-json\/wp\/v2\/product"}],"about":[{"href":"https:\/\/sabilex.com\/en\/wp-json\/wp\/v2\/types\/product"}],"version-history":[{"count":2,"href":"https:\/\/sabilex.com\/en\/wp-json\/wp\/v2\/product\/12959\/revisions"}],"predecessor-version":[{"id":13858,"href":"https:\/\/sabilex.com\/en\/wp-json\/wp\/v2\/product\/12959\/revisions\/13858"}],"wp:featuredmedia":[{"embeddable":true,"href":"https:\/\/sabilex.com\/en\/wp-json\/wp\/v2\/media\/9736"}],"wp:attachment":[{"href":"https:\/\/sabilex.com\/en\/wp-json\/wp\/v2\/media?parent=12959"}],"wp:term":[{"taxonomy":"product_brand","embeddable":true,"href":"https:\/\/sabilex.com\/en\/wp-json\/wp\/v2\/product_brand?post=12959"},{"taxonomy":"product_cat","embeddable":true,"href":"https:\/\/sabilex.com\/en\/wp-json\/wp\/v2\/product_cat?post=12959"},{"taxonomy":"product_tag","embeddable":true,"href":"https:\/\/sabilex.com\/en\/wp-json\/wp\/v2\/product_tag?post=12959"},{"taxonomy":"profesion","embeddable":true,"href":"https:\/\/sabilex.com\/en\/wp-json\/wp\/v2\/profesion?post=12959"}],"curies":[{"name":"wp","href":"https:\/\/api.w.org\/{rel}","templated":true}]}}