{"id":12958,"date":"2026-02-03T14:50:31","date_gmt":"2026-02-03T17:50:31","guid":{"rendered":"https:\/\/sabilex.com\/tienda\/sin%20categor\u00eda\/torno-colgante-975-fk3m\/"},"modified":"2026-02-03T14:50:31","modified_gmt":"2026-02-03T17:50:31","slug":"torno-colgante-975-fk3m","status":"publish","type":"product","link":"https:\/\/sabilex.com\/en\/product\/torno-colgante-975-fk3m\/","title":{"rendered":"Flexible Shaft Rotary Tool 975-FK3M"},"content":{"rendered":"<p>Flexible Shaft Rotary Tool 1\/4 HP - 18000 RPM<\/p>\n<p>Reinforced handpiece with interchangeable chuck from 2.35 to 6.35 mm<\/p>\n<p>Industrial line. 6mm inner spindle<\/p>\n<p>Engine:<\/p>\n<p>1\/4 HP. 18000rpm. 220V \u2013 50 Hz (110V option).<\/p>\n<p>Designed for continuous use.<\/p>\n<p>Mounted on two armored ball bearings.<\/p>\n<p>Solid structure. Excellent finish.<\/p>\n<p>Balanced rotor, vibration free!<\/p>\n<p>Flexible Arm reinforced with Handpiece fixed to the K3M piece.<\/p>\n<p>6mm inner spindle<\/p>\n<p>K3M Handpiece:<\/p>\n<p>For industrial use. Mounted on two armored ball bearings.<\/p>\n<p>Finely finished in anodized aluminum.<\/p>\n<p>Built-in chuck: Diameter 6.35mm.<\/p>\n<p>Optional chucks: Diameter 2.35 \u2013 3.17mm<\/p>\n<p>Speed regulating rheostat included<\/p>","protected":false},"excerpt":{"rendered":"<p>Torno Colgante 1\/4 HP &#8211; 18000 RPM Pieza de mano reforzada con mandril intercambiable de 2.35 a 6.35 mm L\u00ednea industrial. Tripa de 6 mm Motor: 1\/4 HP. 18000 RPM. 220V \u2013 50 Hz (opci\u00f3n 110V). Dise\u00f1ado para uso continuo. Montado sobre dos rulemanes blindados. Ventilaci\u00f3n forzada. S\u00f3lida carcaza. Excelente terminaci\u00f3n. Rotor equilibrado, libre de [&hellip;]<\/p>","protected":false},"featured_media":9733,"template":"","meta":[],"product_brand":[],"product_cat":[91,78],"product_tag":[],"profesion":[55,54],"class_list":{"0":"post-12958","1":"product","2":"type-product","3":"status-publish","4":"has-post-thumbnail","6":"product_cat-for-craftsmen-and-industry","7":"product_cat-para-artesanos-e-industria","8":"profesion-industria","9":"profesion-joyeros","11":"first","12":"instock","13":"product-type-simple"},"exclude_global_add_ons":[],"addons":[],"_links":{"self":[{"href":"https:\/\/sabilex.com\/en\/wp-json\/wp\/v2\/product\/12958","targetHints":{"allow":["GET"]}}],"collection":[{"href":"https:\/\/sabilex.com\/en\/wp-json\/wp\/v2\/product"}],"about":[{"href":"https:\/\/sabilex.com\/en\/wp-json\/wp\/v2\/types\/product"}],"version-history":[{"count":2,"href":"https:\/\/sabilex.com\/en\/wp-json\/wp\/v2\/product\/12958\/revisions"}],"predecessor-version":[{"id":13857,"href":"https:\/\/sabilex.com\/en\/wp-json\/wp\/v2\/product\/12958\/revisions\/13857"}],"wp:featuredmedia":[{"embeddable":true,"href":"https:\/\/sabilex.com\/en\/wp-json\/wp\/v2\/media\/9733"}],"wp:attachment":[{"href":"https:\/\/sabilex.com\/en\/wp-json\/wp\/v2\/media?parent=12958"}],"wp:term":[{"taxonomy":"product_brand","embeddable":true,"href":"https:\/\/sabilex.com\/en\/wp-json\/wp\/v2\/product_brand?post=12958"},{"taxonomy":"product_cat","embeddable":true,"href":"https:\/\/sabilex.com\/en\/wp-json\/wp\/v2\/product_cat?post=12958"},{"taxonomy":"product_tag","embeddable":true,"href":"https:\/\/sabilex.com\/en\/wp-json\/wp\/v2\/product_tag?post=12958"},{"taxonomy":"profesion","embeddable":true,"href":"https:\/\/sabilex.com\/en\/wp-json\/wp\/v2\/profesion?post=12958"}],"curies":[{"name":"wp","href":"https:\/\/api.w.org\/{rel}","templated":true}]}}