{"id":12957,"date":"2026-02-03T14:50:31","date_gmt":"2026-02-03T17:50:31","guid":{"rendered":"https:\/\/sabilex.com\/tienda\/sin%20categor\u00eda\/torno-colgante-975-fj100\/"},"modified":"2026-02-03T14:50:31","modified_gmt":"2026-02-03T17:50:31","slug":"torno-colgante-975-fj100","status":"publish","type":"product","link":"https:\/\/sabilex.com\/en\/product\/torno-colgante-975-fj100\/","title":{"rendered":"Flexible Shaft Rotary Tool 975-FJ100"},"content":{"rendered":"<p>Flexible Shaft Rotary Tool 1\/4 HP - 18000 RPM<\/p>\n<p>Adjustable chuck \u00f8 0.3 to 6,35 mm. Handpiece fixed to the arm.<\/p>\n<p>Industrial Line. inner spindle 6mm<\/p>\n<p>Engine:<\/p>\n<p>1\/4 HP. 18000rpm. 220V \u2013 50 Hz (110V option).<\/p>\n<p>Designed for continuous use.<\/p>\n<p>Mounted on two armored ball bearings.<\/p>\n<p>Solid structure. Excellent finish.<\/p>\n<p>Balanced rotor, vibration free!<\/p>\n<p>Flexible Arm reinforced with Handpiece fixed to the J100 piece.<\/p>\n<p>6mm inner spindle<\/p>\n<p>J100 Handpiece:<\/p>\n<p>For industrial use. Mounted on two armored ball bearings.<\/p>\n<p>Finely finished in anodized aluminum.<\/p>\n<p>Adjustable chuck from 0 to 6.35 mm<\/p>\n<p>Speed regulator rheostat included.<\/p>","protected":false},"excerpt":{"rendered":"<p>Torno Colgante 1\/4 HP &#8211; 18000 RPM Mandril ajustable \u00f8 0,3 a 6 mm. Pieza de mano fija al brazo. L\u00ednea Industrial. Tripa de 6 mm Motor: 1\/4 HP. 18000 RPM. 220V \u2013 50 Hz (opci\u00f3n 110V). Dise\u00f1ado para uso continuo. Montado sobre dos rulemanes blindados. Ventilaci\u00f3n forzada. S\u00f3lida carcasa. Excelente terminaci\u00f3n. Rotor equilibrado, libre [&hellip;]<\/p>","protected":false},"featured_media":9730,"template":"","meta":[],"product_brand":[],"product_cat":[91,78],"product_tag":[],"profesion":[55,54],"class_list":{"0":"post-12957","1":"product","2":"type-product","3":"status-publish","4":"has-post-thumbnail","6":"product_cat-for-craftsmen-and-industry","7":"product_cat-para-artesanos-e-industria","8":"profesion-industria","9":"profesion-joyeros","11":"first","12":"instock","13":"purchasable","14":"product-type-simple"},"exclude_global_add_ons":[],"addons":[],"_links":{"self":[{"href":"https:\/\/sabilex.com\/en\/wp-json\/wp\/v2\/product\/12957","targetHints":{"allow":["GET"]}}],"collection":[{"href":"https:\/\/sabilex.com\/en\/wp-json\/wp\/v2\/product"}],"about":[{"href":"https:\/\/sabilex.com\/en\/wp-json\/wp\/v2\/types\/product"}],"version-history":[{"count":2,"href":"https:\/\/sabilex.com\/en\/wp-json\/wp\/v2\/product\/12957\/revisions"}],"predecessor-version":[{"id":13856,"href":"https:\/\/sabilex.com\/en\/wp-json\/wp\/v2\/product\/12957\/revisions\/13856"}],"wp:featuredmedia":[{"embeddable":true,"href":"https:\/\/sabilex.com\/en\/wp-json\/wp\/v2\/media\/9730"}],"wp:attachment":[{"href":"https:\/\/sabilex.com\/en\/wp-json\/wp\/v2\/media?parent=12957"}],"wp:term":[{"taxonomy":"product_brand","embeddable":true,"href":"https:\/\/sabilex.com\/en\/wp-json\/wp\/v2\/product_brand?post=12957"},{"taxonomy":"product_cat","embeddable":true,"href":"https:\/\/sabilex.com\/en\/wp-json\/wp\/v2\/product_cat?post=12957"},{"taxonomy":"product_tag","embeddable":true,"href":"https:\/\/sabilex.com\/en\/wp-json\/wp\/v2\/product_tag?post=12957"},{"taxonomy":"profesion","embeddable":true,"href":"https:\/\/sabilex.com\/en\/wp-json\/wp\/v2\/profesion?post=12957"}],"curies":[{"name":"wp","href":"https:\/\/api.w.org\/{rel}","templated":true}]}}