{"id":12953,"date":"2026-02-03T14:50:26","date_gmt":"2026-02-03T17:50:26","guid":{"rendered":"https:\/\/sabilex.com\/tienda\/sin%20categor\u00eda\/torno-colgante-425-fgrip\/"},"modified":"2026-02-03T14:50:26","modified_gmt":"2026-02-03T17:50:26","slug":"torno-colgante-425-fgrip","status":"publish","type":"product","link":"https:\/\/sabilex.com\/en\/product\/torno-colgante-425-fgrip\/","title":{"rendered":"Flexible Shaft Rotary Tool 425-FGRIP"},"content":{"rendered":"<p>Torno colgante 1\/8 HP &#8211; 14000 RPM Pieza de mano resiliente<\/p>\n<p>Engine:<\/p>\n<p>1\/8 HP. 14000 RPM. 220V \u2013 50 Hz (opci\u00f3n 110V).<\/p>\n<p>Dise\u00f1ado para uso continuo. Ventilaci\u00f3n forzada.<\/p>\n<p>S\u00f3lida carcaza.<\/p>\n<p>Balanced rotor, vibration free!<\/p>\n<p>Flexible Arm with Handpiece fixed to the Grip piece.<\/p>\n<p>Handpiece:<\/p>\n<p>Montada sobre dos rulemanes blindados. Interior met\u00e1lico, exterior pl\u00e1stico resiliente. Muy<\/p>\n<p>confortable.<\/p>\n<p>Built-in chuck: Diameter 2.35 mm.<\/p>\n<p>Optional chucks: Diam. 0.8 \u2013 1.6 \u2013 3.17mm<\/p>\n<p>Speed regulating rheostat included<\/p>","protected":false},"excerpt":{"rendered":"<p>Torno colgante 1\/8 HP &#8211; 14000 RPM Pieza de mano resiliente Motor: 1\/8 HP. 14000 RPM. 220V \u2013 50 Hz (opci\u00f3n 110V). Dise\u00f1ado para uso continuo. Ventilaci\u00f3n forzada. S\u00f3lida carcaza. Rotor equilibrado, libre de vibraciones! Brazo Flexible con Pieza de mano fijo a la pieza Grip. Pieza de mano: Montada sobre dos rulemanes blindados. Interior [&hellip;]<\/p>","protected":false},"featured_media":9717,"template":"","meta":[],"product_brand":[],"product_cat":[89,77],"product_tag":[],"profesion":[56,55,54,53],"class_list":{"0":"post-12953","1":"product","2":"type-product","3":"status-publish","4":"has-post-thumbnail","6":"product_cat-for-professionals-and-students","7":"product_cat-para-profesionales-y-estudiantes","8":"profesion-dental","9":"profesion-industria","10":"profesion-joyeros","11":"profesion-podologos","13":"first","14":"instock","15":"purchasable","16":"product-type-simple"},"exclude_global_add_ons":[],"addons":[],"_links":{"self":[{"href":"https:\/\/sabilex.com\/en\/wp-json\/wp\/v2\/product\/12953","targetHints":{"allow":["GET"]}}],"collection":[{"href":"https:\/\/sabilex.com\/en\/wp-json\/wp\/v2\/product"}],"about":[{"href":"https:\/\/sabilex.com\/en\/wp-json\/wp\/v2\/types\/product"}],"version-history":[{"count":2,"href":"https:\/\/sabilex.com\/en\/wp-json\/wp\/v2\/product\/12953\/revisions"}],"predecessor-version":[{"id":13852,"href":"https:\/\/sabilex.com\/en\/wp-json\/wp\/v2\/product\/12953\/revisions\/13852"}],"wp:featuredmedia":[{"embeddable":true,"href":"https:\/\/sabilex.com\/en\/wp-json\/wp\/v2\/media\/9717"}],"wp:attachment":[{"href":"https:\/\/sabilex.com\/en\/wp-json\/wp\/v2\/media?parent=12953"}],"wp:term":[{"taxonomy":"product_brand","embeddable":true,"href":"https:\/\/sabilex.com\/en\/wp-json\/wp\/v2\/product_brand?post=12953"},{"taxonomy":"product_cat","embeddable":true,"href":"https:\/\/sabilex.com\/en\/wp-json\/wp\/v2\/product_cat?post=12953"},{"taxonomy":"product_tag","embeddable":true,"href":"https:\/\/sabilex.com\/en\/wp-json\/wp\/v2\/product_tag?post=12953"},{"taxonomy":"profesion","embeddable":true,"href":"https:\/\/sabilex.com\/en\/wp-json\/wp\/v2\/profesion?post=12953"}],"curies":[{"name":"wp","href":"https:\/\/api.w.org\/{rel}","templated":true}]}}