{"id":12951,"date":"2026-02-03T14:50:26","date_gmt":"2026-02-03T17:50:26","guid":{"rendered":"https:\/\/sabilex.com\/tienda\/sin%20categor\u00eda\/torno-colgante-975-fk105\/"},"modified":"2026-02-03T14:50:26","modified_gmt":"2026-02-03T17:50:26","slug":"torno-colgante-975-fk105","status":"publish","type":"product","link":"https:\/\/sabilex.com\/en\/product\/torno-colgante-975-fk105\/","title":{"rendered":"Flexible Shaft Rotary Tool 975-FK105"},"content":{"rendered":"<p>Flexible shaft rotary tool 1\/4 HP \u201cMetal handpiece\u201d<\/p>\n<p>Engine:<\/p>\n<p>1\/4 HP. 18000rpm. 220V \u2013 50 Hz (110V option).<\/p>\n<p>Designed for continuous use.<\/p>\n<p>Mounted on two armored ball bearings.<\/p>\n<p>Forced ventilation. Solid structure.<\/p>\n<p>Excellent finish.<\/p>\n<p>Balanced rotor, vibration free!<\/p>\n<p>Flexible Arm with Handpiece fixed to the K105 piece.<\/p>\n<p>Handpiece FK105:<\/p>\n<p>Mounted on two armored ball bearings.<\/p>\n<p>Finely finished in anodized aluminum and chrome details. Very comfortable.<\/p>\n<p>Built-in chuck: Diameter 2.35 mm.<\/p>\n<p>Optional chucks: Diameter 0.8 - 1.6 - 3.17mm.<\/p>\n<p>Speed regulator rheostat included.<\/p>","protected":false},"excerpt":{"rendered":"<p>Torno colgante 1\/4 HP \u201cPieza de mano met\u00e1lica\u201d Motor: 1\/4 HP. 18000 RPM. 220V \u2013 50 Hz (opci\u00f3n 110V). Dise\u00f1ado para uso continuo. Montado sobre dos rulemanes blindados. Ventilaci\u00f3n forzada. S\u00f3lida carcasa. Excelente terminaci\u00f3n. Rotor equilibrado, libre de vibraciones! Brazo Flexible con Pieza de mano fijo a la pieza K105. Pieza de mano FK105: Montada [&hellip;]<\/p>","protected":false},"featured_media":9711,"template":"","meta":[],"product_brand":[],"product_cat":[89,77],"product_tag":[],"profesion":[56,55,54,53],"class_list":{"0":"post-12951","1":"product","2":"type-product","3":"status-publish","4":"has-post-thumbnail","6":"product_cat-for-professionals-and-students","7":"product_cat-para-profesionales-y-estudiantes","8":"profesion-dental","9":"profesion-industria","10":"profesion-joyeros","11":"profesion-podologos","13":"first","14":"instock","15":"purchasable","16":"product-type-simple"},"exclude_global_add_ons":[],"addons":[],"_links":{"self":[{"href":"https:\/\/sabilex.com\/en\/wp-json\/wp\/v2\/product\/12951","targetHints":{"allow":["GET"]}}],"collection":[{"href":"https:\/\/sabilex.com\/en\/wp-json\/wp\/v2\/product"}],"about":[{"href":"https:\/\/sabilex.com\/en\/wp-json\/wp\/v2\/types\/product"}],"version-history":[{"count":2,"href":"https:\/\/sabilex.com\/en\/wp-json\/wp\/v2\/product\/12951\/revisions"}],"predecessor-version":[{"id":13850,"href":"https:\/\/sabilex.com\/en\/wp-json\/wp\/v2\/product\/12951\/revisions\/13850"}],"wp:featuredmedia":[{"embeddable":true,"href":"https:\/\/sabilex.com\/en\/wp-json\/wp\/v2\/media\/9711"}],"wp:attachment":[{"href":"https:\/\/sabilex.com\/en\/wp-json\/wp\/v2\/media?parent=12951"}],"wp:term":[{"taxonomy":"product_brand","embeddable":true,"href":"https:\/\/sabilex.com\/en\/wp-json\/wp\/v2\/product_brand?post=12951"},{"taxonomy":"product_cat","embeddable":true,"href":"https:\/\/sabilex.com\/en\/wp-json\/wp\/v2\/product_cat?post=12951"},{"taxonomy":"product_tag","embeddable":true,"href":"https:\/\/sabilex.com\/en\/wp-json\/wp\/v2\/product_tag?post=12951"},{"taxonomy":"profesion","embeddable":true,"href":"https:\/\/sabilex.com\/en\/wp-json\/wp\/v2\/profesion?post=12951"}],"curies":[{"name":"wp","href":"https:\/\/api.w.org\/{rel}","templated":true}]}}