{"id":12949,"date":"2026-02-03T14:50:24","date_gmt":"2026-02-03T17:50:24","guid":{"rendered":"https:\/\/sabilex.com\/tienda\/sin%20categor\u00eda\/torno-colgante-975-fgrip\/"},"modified":"2026-02-03T14:50:24","modified_gmt":"2026-02-03T17:50:24","slug":"torno-colgante-975-fgrip","status":"publish","type":"product","link":"https:\/\/sabilex.com\/en\/product\/torno-colgante-975-fgrip\/","title":{"rendered":"Flexible Shaft Rotary Tool 975-FGRIP"},"content":{"rendered":"<p>Flexible Shaft Rotary Tool 1\/4 HP - Resilient Plastic Handpiece<\/p>\n<p>Engine:<\/p>\n<p>1\/4 HP. 18000rpm. 220V \u2013 50 Hz (110V option).<\/p>\n<p>Designed for continuous use.<\/p>\n<p>Mounted on two armored ball bearings.<\/p>\n<p>Forced ventilation. Solid structure. Excellent finish.<\/p>\n<p>Balanced rotor, vibration free!<\/p>\n<p>Flexible Arm with Handpiece fixed to the Grip piece.<\/p>\n<p>Handpiece:<\/p>\n<p>Mounted on two armored ball bearings.<\/p>\n<p>Metallic interior, resilient plastic exterior. Very comfortable.<\/p>\n<p>Built-in chuck: Diameter 2.35 mm.<\/p>\n<p>Optional chucks: Diam. 0.8 \u2013 1.6 \u2013 3.17mm<\/p>\n<p>Speed regulator rheostat included.<\/p>","protected":false},"excerpt":{"rendered":"<p>Torno colgante 1\/4 HP &#8211; Pieza de mano pl\u00e1stica resiliente Motor: 1\/4 HP. 18000 RPM. 220V \u2013 50 Hz (opci\u00f3n 110V). Dise\u00f1ado para uso continuo. Montado sobre dos rulemanes blindados. Ventilaci\u00f3n forzada. S\u00f3lida carcasa. Excelente terminaci\u00f3n. Rotor equilibrado, libre de vibraciones! Brazo Flexible con Pieza de mano fijo a la pieza Grip. Pieza de mano: [&hellip;]<\/p>","protected":false},"featured_media":9705,"template":"","meta":[],"product_brand":[],"product_cat":[89,77],"product_tag":[],"profesion":[56,53],"class_list":{"0":"post-12949","1":"product","2":"type-product","3":"status-publish","4":"has-post-thumbnail","6":"product_cat-for-professionals-and-students","7":"product_cat-para-profesionales-y-estudiantes","8":"profesion-dental","9":"profesion-podologos","11":"first","12":"instock","13":"purchasable","14":"product-type-simple"},"exclude_global_add_ons":[],"addons":[],"_links":{"self":[{"href":"https:\/\/sabilex.com\/en\/wp-json\/wp\/v2\/product\/12949","targetHints":{"allow":["GET"]}}],"collection":[{"href":"https:\/\/sabilex.com\/en\/wp-json\/wp\/v2\/product"}],"about":[{"href":"https:\/\/sabilex.com\/en\/wp-json\/wp\/v2\/types\/product"}],"version-history":[{"count":2,"href":"https:\/\/sabilex.com\/en\/wp-json\/wp\/v2\/product\/12949\/revisions"}],"predecessor-version":[{"id":13848,"href":"https:\/\/sabilex.com\/en\/wp-json\/wp\/v2\/product\/12949\/revisions\/13848"}],"wp:featuredmedia":[{"embeddable":true,"href":"https:\/\/sabilex.com\/en\/wp-json\/wp\/v2\/media\/9705"}],"wp:attachment":[{"href":"https:\/\/sabilex.com\/en\/wp-json\/wp\/v2\/media?parent=12949"}],"wp:term":[{"taxonomy":"product_brand","embeddable":true,"href":"https:\/\/sabilex.com\/en\/wp-json\/wp\/v2\/product_brand?post=12949"},{"taxonomy":"product_cat","embeddable":true,"href":"https:\/\/sabilex.com\/en\/wp-json\/wp\/v2\/product_cat?post=12949"},{"taxonomy":"product_tag","embeddable":true,"href":"https:\/\/sabilex.com\/en\/wp-json\/wp\/v2\/product_tag?post=12949"},{"taxonomy":"profesion","embeddable":true,"href":"https:\/\/sabilex.com\/en\/wp-json\/wp\/v2\/profesion?post=12949"}],"curies":[{"name":"wp","href":"https:\/\/api.w.org\/{rel}","templated":true}]}}