{"id":12948,"date":"2026-02-03T14:50:24","date_gmt":"2026-02-03T17:50:24","guid":{"rendered":"https:\/\/sabilex.com\/tienda\/sin%20categor\u00eda\/torno-de-mano-258v\/"},"modified":"2026-02-03T14:50:24","modified_gmt":"2026-02-03T17:50:24","slug":"torno-de-mano-258v","status":"publish","type":"product","link":"https:\/\/sabilex.com\/en\/product\/torno-de-mano-258v\/","title":{"rendered":"Torno de Mano 258V"},"content":{"rendered":"<p><span style=\"font-weight: 400;\">TORNO DE MANO ( el cl\u00e1sico HANDY)<\/span><\/p>\n<p><span style=\"font-weight: 400;\">2000 a 30000 RPM \u2013 220V <\/span><\/p>\n<p><span style=\"font-weight: 400;\">REGULADOR DE VELOCIDAD INCORPORADO<\/span><\/p>\n<p><span style=\"font-weight: 400;\">MOTOR MONTADO SOBRE RULEMANES BLINDADOS<\/span><\/p>\n<p><span style=\"font-weight: 400;\">POTENTE MOTOR EL\u00c9CTRICO &#8211; GRAN TORQUE<\/span><\/p>\n<p><span style=\"font-weight: 400;\">CARCASA RESISTENTE A IMPACTOS<\/span><\/p>\n<p><span style=\"font-weight: 400;\">MANDRIL INCORPORADO \u00d82.35MM<\/span><\/p>\n<p><span style=\"font-weight: 400;\">MANDRILES OPCIONALES: \u00d80.8MM, \u00d81.6MM, 3.17MM<\/span><\/p>\n<p><span style=\"font-weight: 400;\">ESTUCHE CONTENEDOR PROFESIONAL DE PLASTICO<\/span><\/p>\n<p><span style=\"font-weight: 400;\">Para desbastar, tallar, cortar, rectificar, fresar, agujerear, rebanar, pulir, esmerilar.<\/span><\/p>\n<p><span style=\"font-weight: 400;\">Para todo tipo de materiales: aceros , metales, madera, pl\u00e1sticos, acr\u00edlicos, cer\u00e1mica, vidrio, cuero.<\/span><\/p>\n<p><span style=\"font-weight: 400;\">Para uso en podolog\u00eda, manicuria, joyer\u00eda, dental , artesan\u00edas etc. <\/span><\/p>","protected":false},"excerpt":{"rendered":"<p>TORNO DE MANO ( el cl\u00e1sico HANDY) 2000 a 30000 RPM \u2013 220V REGULADOR DE VELOCIDAD INCORPORADO MOTOR MONTADO SOBRE RULEMANES BLINDADOS POTENTE MOTOR EL\u00c9CTRICO &#8211; GRAN TORQUE CARCASA RESISTENTE A IMPACTOS MANDRIL INCORPORADO \u00d82.35MM MANDRILES OPCIONALES: \u00d80.8MM, \u00d81.6MM, 3.17MM ESTUCHE CONTENEDOR PROFESIONAL DE PLASTICO Para desbastar, tallar, cortar, rectificar, fresar, agujerear, rebanar, pulir, esmerilar. [&hellip;]<\/p>","protected":false},"featured_media":9702,"template":"","meta":[],"product_brand":[],"product_cat":[83],"product_tag":[],"profesion":[53],"class_list":{"0":"post-12948","1":"product","2":"type-product","3":"status-publish","4":"has-post-thumbnail","6":"product_cat-para-manicuria-y-pedicuria","7":"profesion-podologos","9":"first","10":"instock","11":"product-type-simple"},"exclude_global_add_ons":[],"addons":[],"_links":{"self":[{"href":"https:\/\/sabilex.com\/en\/wp-json\/wp\/v2\/product\/12948","targetHints":{"allow":["GET"]}}],"collection":[{"href":"https:\/\/sabilex.com\/en\/wp-json\/wp\/v2\/product"}],"about":[{"href":"https:\/\/sabilex.com\/en\/wp-json\/wp\/v2\/types\/product"}],"version-history":[{"count":2,"href":"https:\/\/sabilex.com\/en\/wp-json\/wp\/v2\/product\/12948\/revisions"}],"predecessor-version":[{"id":13847,"href":"https:\/\/sabilex.com\/en\/wp-json\/wp\/v2\/product\/12948\/revisions\/13847"}],"wp:featuredmedia":[{"embeddable":true,"href":"https:\/\/sabilex.com\/en\/wp-json\/wp\/v2\/media\/9702"}],"wp:attachment":[{"href":"https:\/\/sabilex.com\/en\/wp-json\/wp\/v2\/media?parent=12948"}],"wp:term":[{"taxonomy":"product_brand","embeddable":true,"href":"https:\/\/sabilex.com\/en\/wp-json\/wp\/v2\/product_brand?post=12948"},{"taxonomy":"product_cat","embeddable":true,"href":"https:\/\/sabilex.com\/en\/wp-json\/wp\/v2\/product_cat?post=12948"},{"taxonomy":"product_tag","embeddable":true,"href":"https:\/\/sabilex.com\/en\/wp-json\/wp\/v2\/product_tag?post=12948"},{"taxonomy":"profesion","embeddable":true,"href":"https:\/\/sabilex.com\/en\/wp-json\/wp\/v2\/profesion?post=12948"}],"curies":[{"name":"wp","href":"https:\/\/api.w.org\/{rel}","templated":true}]}}