{"id":12945,"date":"2026-02-03T14:50:22","date_gmt":"2026-02-03T17:50:22","guid":{"rendered":"https:\/\/sabilex.com\/tienda\/sin%20categor\u00eda\/microhandy-ad36\/"},"modified":"2026-02-03T14:50:22","modified_gmt":"2026-02-03T17:50:22","slug":"microhandy-ad36","status":"publish","type":"product","link":"https:\/\/sabilex.com\/en\/product\/microhandy-ad36\/","title":{"rendered":"Microhandy AD36"},"content":{"rendered":"<p><span style=\"font-weight: 400;\"> <\/span><b>MICROHANDY SABILEX\u00ae <\/b><\/p>\n<p><span style=\"font-weight: 400;\">DE 0 \u2013 30.000 RPM<\/span><\/p>\n<p><span style=\"font-weight: 400;\">PIEZA DE MANO CON CABLE ESPIRALADO<\/span><\/p>\n<p><span style=\"font-weight: 400;\">Mandriles intercambiables <\/span><span style=\"font-weight: 400;\">di\u00e1metro 2.3 mm (est\u00e1ndar) Di\u00e1metro 1.6 mm y 3.2 mm opcionales<\/span><\/p>\n<p><span style=\"font-weight: 400;\">GABINETE CON PROTECCI\u00d3N DE SOBRECARGA. Buena potencia a baja velocidad.<\/span><\/p>\n<p><span style=\"font-weight: 400;\">INCLUYE 14 ACCESORIOS SURTIDOS<\/span><\/p>\n<p><span style=\"font-weight: 400;\">ESTUCHE CONTENEDOR PROFESIONAL<\/span><\/p>\n<p><span style=\"font-weight: 400;\">Para desbastar, tallar, cortar, rectificar, fresar, agujerear, rebanar, pulir, esmerilar.<\/span><\/p>\n<p><span style=\"font-weight: 400;\">Para todo tipo de materiales: aceros , metales, madera, pl\u00e1sticos, acr\u00edlicos, cer\u00e1mica, vidrio, cuero.<\/span><\/p>\n<p><span style=\"font-weight: 400;\">Para uso en podolog\u00eda, manicuria, joyer\u00eda, dental , artesan\u00edas etc. <\/span><\/p>","protected":false},"excerpt":{"rendered":"<p>MICROHANDY SABILEX\u00ae DE 0 \u2013 30.000 RPM PIEZA DE MANO CON CABLE ESPIRALADO Mandriles intercambiables di\u00e1metro 2.3 mm (est\u00e1ndar) Di\u00e1metro 1.6 mm y 3.2 mm opcionales GABINETE CON PROTECCI\u00d3N DE SOBRECARGA. Buena potencia a baja velocidad. INCLUYE 14 ACCESORIOS SURTIDOS ESTUCHE CONTENEDOR PROFESIONAL Para desbastar, tallar, cortar, rectificar, fresar, agujerear, rebanar, pulir, esmerilar. Para todo [&hellip;]<\/p>","protected":false},"featured_media":9694,"template":"","meta":[],"product_brand":[],"product_cat":[83],"product_tag":[],"profesion":[53],"class_list":{"0":"post-12945","1":"product","2":"type-product","3":"status-publish","4":"has-post-thumbnail","6":"product_cat-para-manicuria-y-pedicuria","7":"profesion-podologos","9":"first","10":"instock","11":"purchasable","12":"product-type-simple"},"exclude_global_add_ons":[],"addons":[],"_links":{"self":[{"href":"https:\/\/sabilex.com\/en\/wp-json\/wp\/v2\/product\/12945","targetHints":{"allow":["GET"]}}],"collection":[{"href":"https:\/\/sabilex.com\/en\/wp-json\/wp\/v2\/product"}],"about":[{"href":"https:\/\/sabilex.com\/en\/wp-json\/wp\/v2\/types\/product"}],"version-history":[{"count":2,"href":"https:\/\/sabilex.com\/en\/wp-json\/wp\/v2\/product\/12945\/revisions"}],"predecessor-version":[{"id":13844,"href":"https:\/\/sabilex.com\/en\/wp-json\/wp\/v2\/product\/12945\/revisions\/13844"}],"wp:featuredmedia":[{"embeddable":true,"href":"https:\/\/sabilex.com\/en\/wp-json\/wp\/v2\/media\/9694"}],"wp:attachment":[{"href":"https:\/\/sabilex.com\/en\/wp-json\/wp\/v2\/media?parent=12945"}],"wp:term":[{"taxonomy":"product_brand","embeddable":true,"href":"https:\/\/sabilex.com\/en\/wp-json\/wp\/v2\/product_brand?post=12945"},{"taxonomy":"product_cat","embeddable":true,"href":"https:\/\/sabilex.com\/en\/wp-json\/wp\/v2\/product_cat?post=12945"},{"taxonomy":"product_tag","embeddable":true,"href":"https:\/\/sabilex.com\/en\/wp-json\/wp\/v2\/product_tag?post=12945"},{"taxonomy":"profesion","embeddable":true,"href":"https:\/\/sabilex.com\/en\/wp-json\/wp\/v2\/profesion?post=12945"}],"curies":[{"name":"wp","href":"https:\/\/api.w.org\/{rel}","templated":true}]}}