{"id":12944,"date":"2026-02-03T14:50:20","date_gmt":"2026-02-03T17:50:20","guid":{"rendered":"https:\/\/sabilex.com\/tienda\/sin%20categor\u00eda\/micromotor-inalambrico-recargable-zs-220\/"},"modified":"2026-02-03T14:50:20","modified_gmt":"2026-02-03T17:50:20","slug":"micromotor-inalambrico-recargable-zs-220","status":"publish","type":"product","link":"https:\/\/sabilex.com\/en\/product\/micromotor-inalambrico-recargable-zs-220\/","title":{"rendered":"Micromotor inal\u00e1mbrico recargable ZS 220"},"content":{"rendered":"<p><b> MICROMOTOR INAL\u00c1MBRICO RECARGABLE<\/b><\/p>\n<p><span style=\"font-weight: 400;\">1.Pieza de mano con cambio r\u00e1pido de fresas<\/span><\/p>\n<p><span style=\"font-weight: 400;\">2.Pantalla LCD que muestra velocidad de 0 ~ 30000 rpm<\/span><\/p>\n<p><span style=\"font-weight: 400;\">3.Bater\u00eda de iones de litio recargable incorporada. Indicador de nivel de carga.<\/span><\/p>\n<p><span style=\"font-weight: 400;\">4.Tiempo de funcionamiento de 4,7 horas. Tiempo de carga completa 3 horas.<\/span><\/p>\n<p><span style=\"font-weight: 400;\">5.Uso profesional para podolog\u00eda y manicuria<\/span><\/p>\n<ol start=\"6\">\n<li><span style=\"font-weight: 400;\"> Giro derecha e izquierda.<\/span><\/li>\n<\/ol>\n<p><span style=\"font-weight: 400;\">7.Tama\u00f1o peque\u00f1o para facilitar su transporte, port\u00e1til para colgar del cintur\u00f3n.<\/span><\/p>\n<p><span style=\"font-weight: 400;\">8.Cable conectado por USB incluido. Puede usarse como fuente de energ\u00eda<\/span><\/p>\n<p><span style=\"font-weight: 400;\">\u00a1Una belleza! Viene con un transformador para la carga y un KIT DE 12 FRESAS: 5 FRESAS DIAMANTADAS + 1 PORTALIJAS + 6 LIJAS DE BANDA<\/span><\/p>","protected":false},"excerpt":{"rendered":"<p>MICROMOTOR INAL\u00c1MBRICO RECARGABLE 1.Pieza de mano con cambio r\u00e1pido de fresas 2.Pantalla LCD que muestra velocidad de 0 ~ 30000 rpm 3.Bater\u00eda de iones de litio recargable incorporada. Indicador de nivel de carga. 4.Tiempo de funcionamiento de 4,7 horas. Tiempo de carga completa 3 horas. 5.Uso profesional para podolog\u00eda y manicuria Giro derecha e izquierda. [&hellip;]<\/p>","protected":false},"featured_media":9688,"template":"","meta":[],"product_brand":[],"product_cat":[83],"product_tag":[],"profesion":[53],"class_list":{"0":"post-12944","1":"product","2":"type-product","3":"status-publish","4":"has-post-thumbnail","6":"product_cat-para-manicuria-y-pedicuria","7":"profesion-podologos","9":"first","10":"instock","11":"purchasable","12":"product-type-simple"},"exclude_global_add_ons":[],"addons":[],"_links":{"self":[{"href":"https:\/\/sabilex.com\/en\/wp-json\/wp\/v2\/product\/12944","targetHints":{"allow":["GET"]}}],"collection":[{"href":"https:\/\/sabilex.com\/en\/wp-json\/wp\/v2\/product"}],"about":[{"href":"https:\/\/sabilex.com\/en\/wp-json\/wp\/v2\/types\/product"}],"version-history":[{"count":2,"href":"https:\/\/sabilex.com\/en\/wp-json\/wp\/v2\/product\/12944\/revisions"}],"predecessor-version":[{"id":13843,"href":"https:\/\/sabilex.com\/en\/wp-json\/wp\/v2\/product\/12944\/revisions\/13843"}],"wp:featuredmedia":[{"embeddable":true,"href":"https:\/\/sabilex.com\/en\/wp-json\/wp\/v2\/media\/9688"}],"wp:attachment":[{"href":"https:\/\/sabilex.com\/en\/wp-json\/wp\/v2\/media?parent=12944"}],"wp:term":[{"taxonomy":"product_brand","embeddable":true,"href":"https:\/\/sabilex.com\/en\/wp-json\/wp\/v2\/product_brand?post=12944"},{"taxonomy":"product_cat","embeddable":true,"href":"https:\/\/sabilex.com\/en\/wp-json\/wp\/v2\/product_cat?post=12944"},{"taxonomy":"product_tag","embeddable":true,"href":"https:\/\/sabilex.com\/en\/wp-json\/wp\/v2\/product_tag?post=12944"},{"taxonomy":"profesion","embeddable":true,"href":"https:\/\/sabilex.com\/en\/wp-json\/wp\/v2\/profesion?post=12944"}],"curies":[{"name":"wp","href":"https:\/\/api.w.org\/{rel}","templated":true}]}}