{"id":12943,"date":"2026-02-03T14:50:20","date_gmt":"2026-02-03T17:50:20","guid":{"rendered":"https:\/\/sabilex.com\/tienda\/sin%20categor\u00eda\/micromotor-con-aspiracion-m213\/"},"modified":"2026-02-03T14:50:20","modified_gmt":"2026-02-03T17:50:20","slug":"micromotor-con-aspiracion-m213","status":"publish","type":"product","link":"https:\/\/sabilex.com\/en\/product\/micromotor-con-aspiracion-m213\/","title":{"rendered":"Micromotor con aspiraci\u00f3n M213"},"content":{"rendered":"<p><b>3 en 1 Multifuncion<\/b><\/p>\n<p><b>MICROMOTOR + ASPIRACI\u00d3N DE POLVO + L\u00c1MPARA LED<\/b><\/p>\n<p><span style=\"font-weight: 400;\">-0-30000 RPM \u2013 45W &#8211; 220V, 50 Hz<\/span><\/p>\n<p><span style=\"font-weight: 400;\">-Dise\u00f1o moderno y elegante.<\/span><\/p>\n<p><span style=\"font-weight: 400;\">-Ideal para podologia y manicuria, para uso profesional<\/span><\/p>\n<p><span style=\"font-weight: 400;\">-Aspiraci\u00f3n del polvo: protege al paciente y al profesional<\/span><\/p>\n<p><span style=\"font-weight: 400;\">-Lampara Led, para una mejor iluminaci\u00f3n.<\/span><\/p>\n<p><span style=\"font-weight: 400;\">-Pieza de mano con cambio r\u00e1pido de fresas.<\/span><\/p>\n<p><span style=\"font-weight: 400;\">-Giro izquierda y derecha.<\/span><\/p>\n<p><span style=\"font-weight: 400;\">-Encendido\/ apagado manual o con pedal.<\/span><\/p>\n<p><span style=\"font-weight: 400;\">-Protecci\u00f3n por sobrecarga y sobretensi\u00f3n<\/span><\/p>\n<p><span style=\"font-weight: 400;\">-Peso : 2,3 kg<\/span><\/p>\n<p><span style=\"font-weight: 400;\">-Medidas: 30 x 27 x 13 cm <\/span><\/p>","protected":false},"excerpt":{"rendered":"<p>3 en 1 Multifuncion MICROMOTOR + ASPIRACI\u00d3N DE POLVO + L\u00c1MPARA LED -0-30000 RPM \u2013 45W &#8211; 220V, 50 Hz -Dise\u00f1o moderno y elegante. -Ideal para podologia y manicuria, para uso profesional -Aspiraci\u00f3n del polvo: protege al paciente y al profesional -Lampara Led, para una mejor iluminaci\u00f3n. -Pieza de mano con cambio r\u00e1pido de fresas. [&hellip;]<\/p>","protected":false},"featured_media":9683,"template":"","meta":[],"product_brand":[],"product_cat":[83],"product_tag":[],"profesion":[53],"class_list":{"0":"post-12943","1":"product","2":"type-product","3":"status-publish","4":"has-post-thumbnail","6":"product_cat-para-manicuria-y-pedicuria","7":"profesion-podologos","9":"first","10":"instock","11":"purchasable","12":"product-type-simple"},"exclude_global_add_ons":[],"addons":[],"_links":{"self":[{"href":"https:\/\/sabilex.com\/en\/wp-json\/wp\/v2\/product\/12943","targetHints":{"allow":["GET"]}}],"collection":[{"href":"https:\/\/sabilex.com\/en\/wp-json\/wp\/v2\/product"}],"about":[{"href":"https:\/\/sabilex.com\/en\/wp-json\/wp\/v2\/types\/product"}],"version-history":[{"count":2,"href":"https:\/\/sabilex.com\/en\/wp-json\/wp\/v2\/product\/12943\/revisions"}],"predecessor-version":[{"id":13842,"href":"https:\/\/sabilex.com\/en\/wp-json\/wp\/v2\/product\/12943\/revisions\/13842"}],"wp:featuredmedia":[{"embeddable":true,"href":"https:\/\/sabilex.com\/en\/wp-json\/wp\/v2\/media\/9683"}],"wp:attachment":[{"href":"https:\/\/sabilex.com\/en\/wp-json\/wp\/v2\/media?parent=12943"}],"wp:term":[{"taxonomy":"product_brand","embeddable":true,"href":"https:\/\/sabilex.com\/en\/wp-json\/wp\/v2\/product_brand?post=12943"},{"taxonomy":"product_cat","embeddable":true,"href":"https:\/\/sabilex.com\/en\/wp-json\/wp\/v2\/product_cat?post=12943"},{"taxonomy":"product_tag","embeddable":true,"href":"https:\/\/sabilex.com\/en\/wp-json\/wp\/v2\/product_tag?post=12943"},{"taxonomy":"profesion","embeddable":true,"href":"https:\/\/sabilex.com\/en\/wp-json\/wp\/v2\/profesion?post=12943"}],"curies":[{"name":"wp","href":"https:\/\/api.w.org\/{rel}","templated":true}]}}