{"id":12939,"date":"2026-02-03T14:50:17","date_gmt":"2026-02-03T17:50:17","guid":{"rendered":"https:\/\/sabilex.com\/tienda\/sin%20categor\u00eda\/micromotor-m350intra-e-type\/"},"modified":"2026-02-03T14:50:18","modified_gmt":"2026-02-03T17:50:18","slug":"micromotor-m350intra-e-type","status":"publish","type":"product","link":"https:\/\/sabilex.com\/en\/product\/micromotor-m350intra-e-type\/","title":{"rendered":"Micromotor M350INTRA E-TYPE"},"content":{"rendered":"<p><b>El micromotor Intra m\u00e1s vendido por su calidad!<\/b><\/p>\n<p><span style=\"font-weight: 400;\">Pr\u00e1ctico y adaptable al uso exigente del profesional<\/span><\/p>\n<p><span style=\"font-weight: 400;\">Apto para uso Odontol\u00f3gico.<\/span><\/p>\n<p><span style=\"font-weight: 400;\">Consta de un Gabinete de Control con Pedal y un motor con acople Intra.<\/span><\/p>\n<p><span style=\"font-weight: 400;\">Es para colocar piezas de mano rectas o contra \u00e1ngulos (con sistema Intra).<\/span><\/p>\n<p><b>Gabinete:<\/b><\/p>\n<p><span style=\"font-weight: 400;\">Potencia 45W<\/span><\/p>\n<p><span style=\"font-weight: 400;\">Variador de velocidad continuo de 0\/35000 rpm .<\/span><\/p>\n<p><span style=\"font-weight: 400;\">Caja de control potente , compacta, portable con marcha y contramarcha. <\/span><\/p>\n<p><span style=\"font-weight: 400;\">Control de encendido desde el Pedal on\/off o desde el gabinete.<\/span><\/p>\n<p><span style=\"font-weight: 400;\">Base de goma para apoyo del motor<\/span><\/p>\n<p><span style=\"font-weight: 400;\">Dise\u00f1o Moderno.<\/span><\/p>\n<p><span style=\"font-weight: 400;\">220v<\/span><\/p>\n<p><span style=\"font-weight: 400;\">Medidas: 116 x 156 x 78 mm (Ancho, Profundo, Altura)<\/span><\/p>\n<p><span style=\"font-weight: 400;\">Peso : 1, 23 kg<\/span><\/p>\n<p><b>Pieza de Mano:<\/b><\/p>\n<p><b>SDE-M33E<\/b><\/p>\n<p><span style=\"font-weight: 400;\">0-35000 rpm<\/span><\/p>\n<p><span style=\"font-weight: 400;\">Robusta, Ergon\u00f3mica y Eficiente.<\/span><\/p>\n<p><span style=\"font-weight: 400;\">Sin ruidos ni vibraciones.<\/span><\/p>\n<p><span style=\"font-weight: 400;\">Largo 109 x 25 mm de diametro<\/span><\/p>\n<p><span style=\"font-weight: 400;\">Max. Torque : 2.7 Ncm<\/span><\/p>","protected":false},"excerpt":{"rendered":"<p>El micromotor Intra m\u00e1s vendido por su calidad! Pr\u00e1ctico y adaptable al uso exigente del profesional Apto para uso Odontol\u00f3gico. Consta de un Gabinete de Control con Pedal y un motor con acople Intra. Es para colocar piezas de mano rectas o contra \u00e1ngulos (con sistema Intra). Gabinete: Potencia 45W Variador de velocidad continuo de [&hellip;]<\/p>","protected":false},"featured_media":9667,"template":"","meta":[],"product_brand":[],"product_cat":[82],"product_tag":[],"profesion":[56],"class_list":{"0":"post-12939","1":"product","2":"type-product","3":"status-publish","4":"has-post-thumbnail","6":"product_cat-para-odontologia","7":"profesion-dental","9":"first","10":"instock","11":"purchasable","12":"product-type-simple"},"exclude_global_add_ons":[],"addons":[],"_links":{"self":[{"href":"https:\/\/sabilex.com\/en\/wp-json\/wp\/v2\/product\/12939","targetHints":{"allow":["GET"]}}],"collection":[{"href":"https:\/\/sabilex.com\/en\/wp-json\/wp\/v2\/product"}],"about":[{"href":"https:\/\/sabilex.com\/en\/wp-json\/wp\/v2\/types\/product"}],"version-history":[{"count":2,"href":"https:\/\/sabilex.com\/en\/wp-json\/wp\/v2\/product\/12939\/revisions"}],"predecessor-version":[{"id":13838,"href":"https:\/\/sabilex.com\/en\/wp-json\/wp\/v2\/product\/12939\/revisions\/13838"}],"wp:featuredmedia":[{"embeddable":true,"href":"https:\/\/sabilex.com\/en\/wp-json\/wp\/v2\/media\/9667"}],"wp:attachment":[{"href":"https:\/\/sabilex.com\/en\/wp-json\/wp\/v2\/media?parent=12939"}],"wp:term":[{"taxonomy":"product_brand","embeddable":true,"href":"https:\/\/sabilex.com\/en\/wp-json\/wp\/v2\/product_brand?post=12939"},{"taxonomy":"product_cat","embeddable":true,"href":"https:\/\/sabilex.com\/en\/wp-json\/wp\/v2\/product_cat?post=12939"},{"taxonomy":"product_tag","embeddable":true,"href":"https:\/\/sabilex.com\/en\/wp-json\/wp\/v2\/product_tag?post=12939"},{"taxonomy":"profesion","embeddable":true,"href":"https:\/\/sabilex.com\/en\/wp-json\/wp\/v2\/profesion?post=12939"}],"curies":[{"name":"wp","href":"https:\/\/api.w.org\/{rel}","templated":true}]}}