{"id":12936,"date":"2026-02-03T14:50:15","date_gmt":"2026-02-03T17:50:15","guid":{"rendered":"https:\/\/sabilex.com\/tienda\/sin%20categor\u00eda\/micromotor-m45\/"},"modified":"2026-02-03T14:50:15","modified_gmt":"2026-02-03T17:50:15","slug":"micromotor-m45","status":"publish","type":"product","link":"https:\/\/sabilex.com\/en\/product\/micromotor-m45\/","title":{"rendered":"Micromotor M45"},"content":{"rendered":"<p><span style=\"font-weight: 400;\"> MICROMOTOR<\/span><\/p>\n<p><b>45000rpm<\/b><\/p>\n<p><span style=\"font-weight: 400;\">Pr\u00e1ctico y adaptable al uso exigente del profesional<\/span><\/p>\n<p><span style=\"font-weight: 400;\">Apto para uso Odontol\u00f3gico, Laboratorio Dental,Podolog\u00eda, Joyer\u00eda, Hobbies, etc.<\/span><\/p>\n<p><span style=\"font-weight: 400;\">Consta de un Gabinete de Control con Pedal y una Pieza de Mano portafresas.<\/span><\/p>\n<p><b>Gabinete:<\/b><\/p>\n<p><span style=\"font-weight: 400;\">Potencia 50W<\/span><\/p>\n<p><span style=\"font-weight: 400;\">Variador de velocidad continuo de 0\/45000 rpm .<\/span><\/p>\n<p><span style=\"font-weight: 400;\">Caja de control potente , compacta, portable con marcha y contramarcha. <\/span><\/p>\n<p><span style=\"font-weight: 400;\">Control de encendido desde el Pedal on\/off o desde el gabinete.<\/span><\/p>\n<p><span style=\"font-weight: 400;\">Base de goma para apoyo de pieza de mano.<\/span><\/p>\n<p><span style=\"font-weight: 400;\">Dise\u00f1o Moderno.<\/span><\/p>\n<p><span style=\"font-weight: 400;\">Bivolt 110\/220v 50\/60hz<\/span><\/p>\n<p><span style=\"font-weight: 400;\">Medidas: 115 x 147 x 96 mm (Ancho, Profundo, Altura)<\/span><\/p>\n<p><span style=\"font-weight: 400;\">Peso : 1, 7 kg<\/span><\/p>\n<p><b>Pieza de Mano:<\/b><\/p>\n<p><span style=\"font-weight: 400;\">0-45000 rpm<\/span><\/p>\n<p><span style=\"font-weight: 400;\">Con cambio r\u00e1pido de fresas.<\/span><\/p>\n<p><span style=\"font-weight: 400;\">Mandril para fresas y piedras de 2.35 mm.<\/span><\/p>\n<p><span style=\"font-weight: 400;\">Robusta, Ergon\u00f3mica y Eficiente.<\/span><\/p>\n<p><span style=\"font-weight: 400;\">Sin ruidos ni vibraciones.<\/span><\/p>\n<p><span style=\"font-weight: 400;\">Montada sobre 4 rulemanes.<\/span><\/p>\n<p><span style=\"font-weight: 400;\">M\u00e1ximo torque: 4 Ncm<\/span><\/p>\n<p><span style=\"font-weight: 400;\">Dimensiones: L 155 x diam 30 mm<\/span><\/p>\n<p><span style=\"font-weight: 400;\">Peso 210 grs<\/span><\/p>","protected":false},"excerpt":{"rendered":"<p>MICROMOTOR 45000rpm Pr\u00e1ctico y adaptable al uso exigente del profesional Apto para uso Odontol\u00f3gico, Laboratorio Dental,Podolog\u00eda, Joyer\u00eda, Hobbies, etc. Consta de un Gabinete de Control con Pedal y una Pieza de Mano portafresas. Gabinete: Potencia 50W Variador de velocidad continuo de 0\/45000 rpm . Caja de control potente , compacta, portable con marcha y contramarcha. [&hellip;]<\/p>","protected":false},"featured_media":9658,"template":"","meta":[],"product_brand":[],"product_cat":[81],"product_tag":[],"profesion":[56,55,54,53],"class_list":{"0":"post-12936","1":"product","2":"type-product","3":"status-publish","4":"has-post-thumbnail","6":"product_cat-para-laboratorio","7":"profesion-dental","8":"profesion-industria","9":"profesion-joyeros","10":"profesion-podologos","12":"first","13":"instock","14":"purchasable","15":"product-type-simple"},"exclude_global_add_ons":[],"addons":[],"_links":{"self":[{"href":"https:\/\/sabilex.com\/en\/wp-json\/wp\/v2\/product\/12936","targetHints":{"allow":["GET"]}}],"collection":[{"href":"https:\/\/sabilex.com\/en\/wp-json\/wp\/v2\/product"}],"about":[{"href":"https:\/\/sabilex.com\/en\/wp-json\/wp\/v2\/types\/product"}],"version-history":[{"count":2,"href":"https:\/\/sabilex.com\/en\/wp-json\/wp\/v2\/product\/12936\/revisions"}],"predecessor-version":[{"id":13835,"href":"https:\/\/sabilex.com\/en\/wp-json\/wp\/v2\/product\/12936\/revisions\/13835"}],"wp:featuredmedia":[{"embeddable":true,"href":"https:\/\/sabilex.com\/en\/wp-json\/wp\/v2\/media\/9658"}],"wp:attachment":[{"href":"https:\/\/sabilex.com\/en\/wp-json\/wp\/v2\/media?parent=12936"}],"wp:term":[{"taxonomy":"product_brand","embeddable":true,"href":"https:\/\/sabilex.com\/en\/wp-json\/wp\/v2\/product_brand?post=12936"},{"taxonomy":"product_cat","embeddable":true,"href":"https:\/\/sabilex.com\/en\/wp-json\/wp\/v2\/product_cat?post=12936"},{"taxonomy":"product_tag","embeddable":true,"href":"https:\/\/sabilex.com\/en\/wp-json\/wp\/v2\/product_tag?post=12936"},{"taxonomy":"profesion","embeddable":true,"href":"https:\/\/sabilex.com\/en\/wp-json\/wp\/v2\/profesion?post=12936"}],"curies":[{"name":"wp","href":"https:\/\/api.w.org\/{rel}","templated":true}]}}