{"id":12933,"date":"2026-02-03T14:50:13","date_gmt":"2026-02-03T17:50:13","guid":{"rendered":"https:\/\/sabilex.com\/tienda\/sin%20categor\u00eda\/easy-cut\/"},"modified":"2026-02-03T14:50:13","modified_gmt":"2026-02-03T17:50:13","slug":"easy-cut","status":"publish","type":"product","link":"https:\/\/sabilex.com\/en\/product\/easy-cut\/","title":{"rendered":"EASY-CUT"},"content":{"rendered":"<p><span style=\"font-weight: 400;\">Cutter el\u00e9ctrico.<\/span><\/p>\n<p><span style=\"font-weight: 400;\">Corta las l\u00e1minas sin da\u00f1ar el modelo.<\/span><\/p>\n<p><span style=\"font-weight: 400;\">Est\u00e1 compuesto por un cutter o cuchilla que se calienta.<\/span><\/p>\n<p><span style=\"font-weight: 400;\">Esa cuchilla caliente permite cortar las l\u00e1minas d\u00e1ndole la forma deseada sin da\u00f1ar el modelo.<\/span><\/p>\n<p><span style=\"font-weight: 400;\">El calor de la cuchilla la regula el gabinete.<\/span><\/p>","protected":false},"excerpt":{"rendered":"<p>Cutter el\u00e9ctrico. Corta las l\u00e1minas sin da\u00f1ar el modelo. Est\u00e1 compuesto por un cutter o cuchilla que se calienta. Esa cuchilla caliente permite cortar las l\u00e1minas d\u00e1ndole la forma deseada sin da\u00f1ar el modelo. El calor de la cuchilla la regula el gabinete.<\/p>","protected":false},"featured_media":9643,"template":"","meta":[],"product_brand":[],"product_cat":[58,70],"product_tag":[],"profesion":[56],"class_list":{"0":"post-12933","1":"product","2":"type-product","3":"status-publish","4":"has-post-thumbnail","6":"product_cat-accesorios-para-termoformadoras","7":"product_cat-accesorios-para-termoformadoras-en","8":"profesion-dental","10":"first","11":"instock","12":"purchasable","13":"product-type-simple"},"exclude_global_add_ons":[],"addons":[],"_links":{"self":[{"href":"https:\/\/sabilex.com\/en\/wp-json\/wp\/v2\/product\/12933","targetHints":{"allow":["GET"]}}],"collection":[{"href":"https:\/\/sabilex.com\/en\/wp-json\/wp\/v2\/product"}],"about":[{"href":"https:\/\/sabilex.com\/en\/wp-json\/wp\/v2\/types\/product"}],"version-history":[{"count":2,"href":"https:\/\/sabilex.com\/en\/wp-json\/wp\/v2\/product\/12933\/revisions"}],"predecessor-version":[{"id":13832,"href":"https:\/\/sabilex.com\/en\/wp-json\/wp\/v2\/product\/12933\/revisions\/13832"}],"wp:featuredmedia":[{"embeddable":true,"href":"https:\/\/sabilex.com\/en\/wp-json\/wp\/v2\/media\/9643"}],"wp:attachment":[{"href":"https:\/\/sabilex.com\/en\/wp-json\/wp\/v2\/media?parent=12933"}],"wp:term":[{"taxonomy":"product_brand","embeddable":true,"href":"https:\/\/sabilex.com\/en\/wp-json\/wp\/v2\/product_brand?post=12933"},{"taxonomy":"product_cat","embeddable":true,"href":"https:\/\/sabilex.com\/en\/wp-json\/wp\/v2\/product_cat?post=12933"},{"taxonomy":"product_tag","embeddable":true,"href":"https:\/\/sabilex.com\/en\/wp-json\/wp\/v2\/product_tag?post=12933"},{"taxonomy":"profesion","embeddable":true,"href":"https:\/\/sabilex.com\/en\/wp-json\/wp\/v2\/profesion?post=12933"}],"curies":[{"name":"wp","href":"https:\/\/api.w.org\/{rel}","templated":true}]}}