{"id":12932,"date":"2026-02-03T14:50:11","date_gmt":"2026-02-03T17:50:11","guid":{"rendered":"https:\/\/sabilex.com\/tienda\/sin%20categor\u00eda\/fresa-tipo-sierra\/"},"modified":"2026-02-03T14:50:11","modified_gmt":"2026-02-03T17:50:11","slug":"fresa-tipo-sierra","status":"publish","type":"product","link":"https:\/\/sabilex.com\/en\/product\/fresa-tipo-sierra\/","title":{"rendered":"Fresa tipo Sierra"},"content":{"rendered":"<p><span style=\"font-weight: 400;\">Sierra circular de acero de alta calidad de corte para l\u00e1minas r\u00edgidas.<\/span><\/p>\n<p><span style=\"font-weight: 400;\">Di\u00e1metro 10 mm . Espesor 0.70 mm<\/span><\/p>","protected":false},"excerpt":{"rendered":"<p>Sierra circular de acero de alta calidad de corte para l\u00e1minas r\u00edgidas. Di\u00e1metro 10 mm . Espesor 0.70 mm<\/p>","protected":false},"featured_media":9640,"template":"","meta":[],"product_brand":[],"product_cat":[58,70],"product_tag":[],"profesion":[56],"class_list":{"0":"post-12932","1":"product","2":"type-product","3":"status-publish","4":"has-post-thumbnail","6":"product_cat-accesorios-para-termoformadoras","7":"product_cat-accesorios-para-termoformadoras-en","8":"profesion-dental","10":"first","11":"instock","12":"purchasable","13":"product-type-simple"},"exclude_global_add_ons":[],"addons":[],"_links":{"self":[{"href":"https:\/\/sabilex.com\/en\/wp-json\/wp\/v2\/product\/12932","targetHints":{"allow":["GET"]}}],"collection":[{"href":"https:\/\/sabilex.com\/en\/wp-json\/wp\/v2\/product"}],"about":[{"href":"https:\/\/sabilex.com\/en\/wp-json\/wp\/v2\/types\/product"}],"version-history":[{"count":2,"href":"https:\/\/sabilex.com\/en\/wp-json\/wp\/v2\/product\/12932\/revisions"}],"predecessor-version":[{"id":13831,"href":"https:\/\/sabilex.com\/en\/wp-json\/wp\/v2\/product\/12932\/revisions\/13831"}],"wp:featuredmedia":[{"embeddable":true,"href":"https:\/\/sabilex.com\/en\/wp-json\/wp\/v2\/media\/9640"}],"wp:attachment":[{"href":"https:\/\/sabilex.com\/en\/wp-json\/wp\/v2\/media?parent=12932"}],"wp:term":[{"taxonomy":"product_brand","embeddable":true,"href":"https:\/\/sabilex.com\/en\/wp-json\/wp\/v2\/product_brand?post=12932"},{"taxonomy":"product_cat","embeddable":true,"href":"https:\/\/sabilex.com\/en\/wp-json\/wp\/v2\/product_cat?post=12932"},{"taxonomy":"product_tag","embeddable":true,"href":"https:\/\/sabilex.com\/en\/wp-json\/wp\/v2\/product_tag?post=12932"},{"taxonomy":"profesion","embeddable":true,"href":"https:\/\/sabilex.com\/en\/wp-json\/wp\/v2\/profesion?post=12932"}],"curies":[{"name":"wp","href":"https:\/\/api.w.org\/{rel}","templated":true}]}}