{"id":12930,"date":"2026-02-03T14:50:11","date_gmt":"2026-02-03T17:50:11","guid":{"rendered":"https:\/\/sabilex.com\/tienda\/sin%20categor\u00eda\/spray-desmoldante-p060\/"},"modified":"2026-02-03T14:50:11","modified_gmt":"2026-02-03T17:50:11","slug":"spray-desmoldante-p060","status":"publish","type":"product","link":"https:\/\/sabilex.com\/en\/product\/spray-desmoldante-p060\/","title":{"rendered":"Spray desmoldante P060"},"content":{"rendered":"<p><span style=\"font-weight: 400;\">Spray de silicona.<\/span><\/p>\n<p><span style=\"font-weight: 400;\">Elimina los problemas de adherencias asociados al termoformado en el marco y el modelo.<\/span><\/p>\n<p><span style=\"font-weight: 400;\">Permite desmoldar o desprender la l\u00e1mina termoformada del modelo m\u00e1s f\u00e1cil.<\/span><\/p>\n<p><span style=\"font-weight: 400;\">Tambi\u00e9n se utiliza en la tecnica de inyeccion, para lubricar el cartucho y facilitar la transferencia de calor y facilitar la compresi\u00f3n del cartucho al momento de inyectar.<\/span><\/p>","protected":false},"excerpt":{"rendered":"<p>Spray de silicona. Elimina los problemas de adherencias asociados al termoformado en el marco y el modelo. Permite desmoldar o desprender la l\u00e1mina termoformada del modelo m\u00e1s f\u00e1cil. Tambi\u00e9n se utiliza en la tecnica de inyeccion, para lubricar el cartucho y facilitar la transferencia de calor y facilitar la compresi\u00f3n del cartucho al momento de [&hellip;]<\/p>","protected":false},"featured_media":9634,"template":"","meta":[],"product_brand":[],"product_cat":[58,70],"product_tag":[],"profesion":[56],"class_list":{"0":"post-12930","1":"product","2":"type-product","3":"status-publish","4":"has-post-thumbnail","6":"product_cat-accesorios-para-termoformadoras","7":"product_cat-accesorios-para-termoformadoras-en","8":"profesion-dental","10":"first","11":"instock","12":"purchasable","13":"product-type-simple"},"exclude_global_add_ons":[],"addons":[],"_links":{"self":[{"href":"https:\/\/sabilex.com\/en\/wp-json\/wp\/v2\/product\/12930","targetHints":{"allow":["GET"]}}],"collection":[{"href":"https:\/\/sabilex.com\/en\/wp-json\/wp\/v2\/product"}],"about":[{"href":"https:\/\/sabilex.com\/en\/wp-json\/wp\/v2\/types\/product"}],"version-history":[{"count":2,"href":"https:\/\/sabilex.com\/en\/wp-json\/wp\/v2\/product\/12930\/revisions"}],"predecessor-version":[{"id":13829,"href":"https:\/\/sabilex.com\/en\/wp-json\/wp\/v2\/product\/12930\/revisions\/13829"}],"wp:featuredmedia":[{"embeddable":true,"href":"https:\/\/sabilex.com\/en\/wp-json\/wp\/v2\/media\/9634"}],"wp:attachment":[{"href":"https:\/\/sabilex.com\/en\/wp-json\/wp\/v2\/media?parent=12930"}],"wp:term":[{"taxonomy":"product_brand","embeddable":true,"href":"https:\/\/sabilex.com\/en\/wp-json\/wp\/v2\/product_brand?post=12930"},{"taxonomy":"product_cat","embeddable":true,"href":"https:\/\/sabilex.com\/en\/wp-json\/wp\/v2\/product_cat?post=12930"},{"taxonomy":"product_tag","embeddable":true,"href":"https:\/\/sabilex.com\/en\/wp-json\/wp\/v2\/product_tag?post=12930"},{"taxonomy":"profesion","embeddable":true,"href":"https:\/\/sabilex.com\/en\/wp-json\/wp\/v2\/profesion?post=12930"}],"curies":[{"name":"wp","href":"https:\/\/api.w.org\/{rel}","templated":true}]}}