{"id":12927,"date":"2026-02-03T14:50:09","date_gmt":"2026-02-03T17:50:09","guid":{"rendered":"https:\/\/sabilex.com\/tienda\/sin%20categor\u00eda\/termoformadora-por-presion\/"},"modified":"2026-02-03T14:50:09","modified_gmt":"2026-02-03T17:50:09","slug":"termoformadora-por-presion","status":"publish","type":"product","link":"https:\/\/sabilex.com\/en\/product\/termoformadora-por-presion\/","title":{"rendered":"Termoformadora por Presi\u00f3n"},"content":{"rendered":"<p><span style=\"font-weight: 400;\">Termoformadora por presi\u00f3n <\/span><\/p>\n<p><span style=\"font-weight: 400;\">Ideal for aligners. <\/span><\/p>\n<p><span style=\"font-weight: 400;\">Sabilex provee de la lamina 0.03\u201d (0,75 mm)<\/span><\/p>\n<p><span style=\"font-weight: 400;\">Garantiza moldeos de precisi\u00f3n.<\/span><\/p>\n<p><span style=\"font-weight: 400;\">For the making of:<\/span><\/p>\n<p><span style=\"font-weight: 400;\">Individual trays<\/span><\/p>\n<p><span style=\"font-weight: 400;\">Placas miorrelajantes<\/span><\/p>\n<p><span style=\"font-weight: 400;\">Protectores bucales<\/span><\/p>\n<p><span style=\"font-weight: 400;\">Bleaching trays... and more<\/span><\/p>\n<p><span style=\"font-weight: 400;\">Easy-to-operate, efficient, and durable machine.<\/span><\/p>\n<p><span style=\"font-weight: 400;\">Genera una gran presi\u00f3n positiva para adaptar la l\u00e1mina al modelo. <\/span><\/p>\n<p><span style=\"font-weight: 400;\">La presi\u00f3n es mucho m\u00e1s intensa que la que se usa por el m\u00e9todo tradicional de vac\u00edo, por lo tanto se logra un mejor resultado en el termoformado de los alineadores, protectores bucales, placas miorrelajantes etc.<\/span><\/p>\n<p><span style=\"font-weight: 400;\">Se adapta m\u00e1s estrechamente al modelo. La diferencia se observa de manera visible respecto del m\u00e9todo tradicional.<\/span><\/p>\n<p><b>Cuenta con<\/b><\/p>\n<p><span style=\"font-weight: 400;\">Programaci\u00f3n del proceso de termoformado: Tiempos de calentamiento y de moldeo.<\/span><\/p>\n<p><span style=\"font-weight: 400;\">Pantalla digital: Permite una clara observaci\u00f3n del proceso de moldeo.<\/span><\/p>\n<p><span style=\"font-weight: 400;\">Botones soft touch: f\u00e1cil manejo y aspecto moderno.<\/span><\/p>\n<p><span style=\"font-weight: 400;\">Calefacci\u00f3n por infrarroja: calentamiento instant\u00e1neo, alta eficiencia, bajo consumo de energ\u00eda.<\/span><\/p>\n<p><b>Datos T\u00e9cnicos<\/b><\/p>\n<p><span style=\"font-weight: 400;\">Fuente de alimentaci\u00f3n: 220V (o 110V), 50Hz<\/span><\/p>\n<p><span style=\"font-weight: 400;\">Consumo de energ\u00eda: 850W<\/span><\/p>\n<p><span style=\"font-weight: 400;\">Tiempo de calentamiento: ajustable entre 2-120 seg<\/span><\/p>\n<p><span style=\"font-weight: 400;\">Requiere de un compresor o tubo de gas externo para su funcionamiento.<\/span><\/p>\n<p><span style=\"font-weight: 400;\">Para l\u00e1minas redondas de di\u00e1metro 125 mm, espesores de 0.8 mm a 5 mm<\/span><\/p>\n<p><span style=\"font-weight: 400;\">Sabilex provee las l\u00e1minas redondas<\/span><\/p>\n<p><span style=\"font-weight: 400;\">Dimensiones: 38 x 29 x 23 cm (Alt, Ancho, Prof) \u2022 Peso: 15 kg<\/span><\/p>","protected":false},"excerpt":{"rendered":"<p>Termoformadora por presi\u00f3n Ideal para alineadores. Sabilex provee de la lamina 0.03\u201d (0,75 mm) Garantiza moldeos de precisi\u00f3n. Para confecci\u00f3n de: Cubetas individuales Placas miorrelajantes Protectores bucales Placas para blanqueamiento&#8230; y m\u00e1s Unidad f\u00e1cil de operar, eficiente y duradera. Genera una gran presi\u00f3n positiva para adaptar la l\u00e1mina al modelo. La presi\u00f3n es mucho m\u00e1s [&hellip;]<\/p>","protected":false},"featured_media":9625,"template":"","meta":[],"product_brand":[],"product_cat":[31,68],"product_tag":[],"profesion":[56],"class_list":{"0":"post-12927","1":"product","2":"type-product","3":"status-publish","4":"has-post-thumbnail","6":"product_cat-termoformadoras","7":"product_cat-termoformadoras-en","8":"profesion-dental","10":"first","11":"instock","12":"product-type-simple"},"exclude_global_add_ons":[],"addons":[],"_links":{"self":[{"href":"https:\/\/sabilex.com\/en\/wp-json\/wp\/v2\/product\/12927","targetHints":{"allow":["GET"]}}],"collection":[{"href":"https:\/\/sabilex.com\/en\/wp-json\/wp\/v2\/product"}],"about":[{"href":"https:\/\/sabilex.com\/en\/wp-json\/wp\/v2\/types\/product"}],"version-history":[{"count":2,"href":"https:\/\/sabilex.com\/en\/wp-json\/wp\/v2\/product\/12927\/revisions"}],"predecessor-version":[{"id":13826,"href":"https:\/\/sabilex.com\/en\/wp-json\/wp\/v2\/product\/12927\/revisions\/13826"}],"wp:featuredmedia":[{"embeddable":true,"href":"https:\/\/sabilex.com\/en\/wp-json\/wp\/v2\/media\/9625"}],"wp:attachment":[{"href":"https:\/\/sabilex.com\/en\/wp-json\/wp\/v2\/media?parent=12927"}],"wp:term":[{"taxonomy":"product_brand","embeddable":true,"href":"https:\/\/sabilex.com\/en\/wp-json\/wp\/v2\/product_brand?post=12927"},{"taxonomy":"product_cat","embeddable":true,"href":"https:\/\/sabilex.com\/en\/wp-json\/wp\/v2\/product_cat?post=12927"},{"taxonomy":"product_tag","embeddable":true,"href":"https:\/\/sabilex.com\/en\/wp-json\/wp\/v2\/product_tag?post=12927"},{"taxonomy":"profesion","embeddable":true,"href":"https:\/\/sabilex.com\/en\/wp-json\/wp\/v2\/profesion?post=12927"}],"curies":[{"name":"wp","href":"https:\/\/api.w.org\/{rel}","templated":true}]}}