{"id":12924,"date":"2026-02-03T14:50:07","date_gmt":"2026-02-03T17:50:07","guid":{"rendered":"https:\/\/sabilex.com\/tienda\/sin%20categor\u00eda\/premiumflex\/"},"modified":"2026-04-13T16:10:52","modified_gmt":"2026-04-13T19:10:52","slug":"premiumflex","status":"publish","type":"product","link":"https:\/\/sabilex.com\/en\/product\/premiumflex\/","title":{"rendered":"Premiumflex"},"content":{"rendered":"<p><b>Premiumflex<\/b><\/p>\n<ul>\n<li><span style=\"font-weight: 400;\"> Thermoplastic polyolefin<\/span><\/li>\n<li><span style=\"font-weight: 400;\"> The resin is produced through a molecular orientation process, providing additional shine and surface hardness.<\/span><\/li>\n<li><span style=\"font-weight: 400;\"> Ideal for flexible partial dentures. It has an ideal degree of flexibility.<\/span><\/li>\n<li><span style=\"font-weight: 400;\"> Very popular for labs and dentists because it is easy to inject, adjust, finish and polish.<\/span><\/li>\n<li><span style=\"font-weight: 400;\"> Long product lifespan, unbreakable.<\/span><\/li>\n<li><span style=\"font-weight: 400;\"> Does not absorb moisture<\/span><\/li>\n<li><span style=\"font-weight: 400;\"> Very translucent and aesthetic. Designed to blend naturally with the patient's gums<\/span><\/li>\n<li><span style=\"font-weight: 400;\">Allows the addition of teeth and retainers with the use of the Sabilex P322 torch or by reinjecting.<\/span><\/li>\n<\/ul>","protected":false},"excerpt":{"rendered":"<p>Premiumflex Es una Poliolefina termopl\u00e1stica La resina se produce mediante un proceso de orientaci\u00f3n molecular, el mismo le confiere brillo adicional y dureza superficial. Ideal para pr\u00f3tesis parciales flexibles. Tiene un grado ideal de flexibilidad. Muy popular entre los protesistas y odont\u00f3logos porque es f\u00e1cil de inyectar, r\u00e1pido de ajustar, terminar y pulir. Muy buena [&hellip;]<\/p>","protected":false},"featured_media":9611,"template":"","meta":[],"product_brand":[],"product_cat":[51,64],"product_tag":[],"profesion":[56],"class_list":{"0":"post-12924","1":"product","2":"type-product","3":"status-publish","4":"has-post-thumbnail","6":"product_cat-materiales-y-cartuchos","7":"product_cat-materiales-y-cartuchos-en","8":"pa_color-184","9":"pa_color-185","10":"pa_color-186","11":"profesion-dental","13":"first","14":"instock","15":"purchasable","16":"product-type-variable"},"exclude_global_add_ons":[],"addons":[],"_links":{"self":[{"href":"https:\/\/sabilex.com\/en\/wp-json\/wp\/v2\/product\/12924","targetHints":{"allow":["GET"]}}],"collection":[{"href":"https:\/\/sabilex.com\/en\/wp-json\/wp\/v2\/product"}],"about":[{"href":"https:\/\/sabilex.com\/en\/wp-json\/wp\/v2\/types\/product"}],"version-history":[{"count":6,"href":"https:\/\/sabilex.com\/en\/wp-json\/wp\/v2\/product\/12924\/revisions"}],"predecessor-version":[{"id":13824,"href":"https:\/\/sabilex.com\/en\/wp-json\/wp\/v2\/product\/12924\/revisions\/13824"}],"wp:featuredmedia":[{"embeddable":true,"href":"https:\/\/sabilex.com\/en\/wp-json\/wp\/v2\/media\/9611"}],"wp:attachment":[{"href":"https:\/\/sabilex.com\/en\/wp-json\/wp\/v2\/media?parent=12924"}],"wp:term":[{"taxonomy":"product_brand","embeddable":true,"href":"https:\/\/sabilex.com\/en\/wp-json\/wp\/v2\/product_brand?post=12924"},{"taxonomy":"product_cat","embeddable":true,"href":"https:\/\/sabilex.com\/en\/wp-json\/wp\/v2\/product_cat?post=12924"},{"taxonomy":"product_tag","embeddable":true,"href":"https:\/\/sabilex.com\/en\/wp-json\/wp\/v2\/product_tag?post=12924"},{"taxonomy":"profesion","embeddable":true,"href":"https:\/\/sabilex.com\/en\/wp-json\/wp\/v2\/profesion?post=12924"}],"curies":[{"name":"wp","href":"https:\/\/api.w.org\/{rel}","templated":true}]}}