{"id":12923,"date":"2026-02-03T14:50:04","date_gmt":"2026-02-03T17:50:04","guid":{"rendered":"https:\/\/sabilex.com\/tienda\/sin%20categor\u00eda\/biostrong\/"},"modified":"2026-04-13T17:06:47","modified_gmt":"2026-04-13T20:06:47","slug":"biostrong","status":"publish","type":"product","link":"https:\/\/sabilex.com\/en\/product\/biostrong\/","title":{"rendered":"Biostrong"},"content":{"rendered":"<p><b>Biostrong<\/b><\/p>\n<p><span style=\"font-weight: 400;\">BIOSTRONG EXCELLENT ALTERNATIVE FOR METAL-FREE <\/span><b>AESTHETIC FIXED AND REMOVABLE<\/b><span style=\"font-weight: 400;\"> DENTURES<\/span><\/p>\n<p><span style=\"font-weight: 400;\">Sabilex has developed Biostrong, a high-performance polymer made from PEEK, which has unique properties.<\/span><\/p>\n<p><span style=\"font-weight: 400;\">The sharp increase in allergies, metal intolerance symptoms and sensitivity to galvanic currents, have led to a change in thinking when it comes to selecting and using dental materials. Metal-free restorations are increasingly requested.<\/span><\/p>\n<p><span style=\"font-weight: 400;\">PEEK is a widely used material in industry that has also found its way into biomedicine. It was patented in 1981 as an implant material and approved by the FDA in 1999, mainly in the fields of orthopedics and traumatology, but also in neurosurgery. In dentistry, it is effectively used for implants, removable partials, telescopic structures, crowns, bridges and hybrid dentures. PEEK-based biomaterials are a generation of bioactive materials, which can work alone or in combination with other biomaterials to enhance their properties.<\/span><\/p>\n<p><b>Characteristics:<\/b><\/p>\n<p><span style=\"font-weight: 400;\">-High performance semicrystalline polymer, based on PEEK<\/span><\/p>\n<p><span style=\"font-weight: 400;\">-Its hardness and strength is comparable to stainless steel.<\/span><\/p>\n<p><span style=\"font-weight: 400;\">-Comfortable and light for the patient.<\/span><\/p>\n<p><span style=\"font-weight: 400;\">-It\u2019s hard and resistant to abrasion, and has a low coefficient of friction.<\/span><\/p>\n<p><span style=\"font-weight: 400;\">-Its hardness and strength is comparable to stainless steel.<\/span><\/p>\n<p><span style=\"font-weight: 400;\">-Resistant to the attack of chemical products.<\/span><\/p>\n<p><span style=\"font-weight: 400;\">-Es resistente al ataque de productos qu\u00edmicos .<\/span><\/p>\n<p><span style=\"font-weight: 400;\">-Maintains its physical and chemical integrity.<\/span><\/p>\n<p><span style=\"font-weight: 400;\">-It does not present any problem to X-rays and MRIs.<\/span><\/p>\n<p><span style=\"font-weight: 400;\">-Biocompatible material resistant to the formation of bacterial plaque.<\/span><\/p>\n<p><span style=\"font-weight: 400;\">- Available in cream or white color. Does not \"darken\" the gums.<\/span><\/p>\n<p><span style=\"font-weight: 400;\">- Coverable with conventional or ceromer composite.<\/span><\/p>\n<p><span style=\"font-weight: 400;\">- Easy to polish.<\/span><\/p>\n<p><span style=\"font-weight: 400;\">-Currently, it is considered the most biocompatible and least toxic material for the oral cavity.<\/span><\/p>\n<p><span style=\"font-weight: 400;\">-Maintains its properties when subjected to different temperatures.<\/span><\/p>\n<p><span style=\"font-weight: 400;\">-PEEK is FDA approved.<\/span><\/p>\n<p><b>Uses and applications<\/b><\/p>\n<p><span style=\"font-weight: 400;\">For the production of crowns, bridges, attachments, bars on implants, telescopic structures and more.<\/span><\/p>\n<ul>\n<li><span style=\"font-weight: 400;\"> \u2022 It can be covered with composites, ceromers and other materials to achieve optimal aesthetics.<\/span><\/li>\n<\/ul>\n<p><b>Ways to Inject Biostrong Peek:<\/b><span style=\"font-weight: 400;\">:<\/span><\/p>\n<p><span style=\"font-weight: 400;\">It can be injected from pellets without having to do it with the CAD\/CAM or Pantograph system, so it is not necessary to start from a block of material, which makes it much cheaper.<\/span><\/p>\n<p><span style=\"font-weight: 400;\">- With the conventional technique in a flask (with the art SF 560 standard flask or the art SF 580 for unilaterals)<\/span><\/p>\n<p><span style=\"font-weight: 400;\">&#8211; En Aro especialmente dise\u00f1ado por Sabilex para inyectarlo con revestimiento. ( Mufla para Aros Art: )<\/span><\/p>\n<p><b>Injection Parameters<\/b><\/p>\n<p><span style=\"font-weight: 400;\">Injection temperature of 380\/390\u00baC and a heating time of 20 min.<\/span><\/p>\n<p><span style=\"font-weight: 400;\">It can be injected  with Sabilex injectors that reach up to\n400 \u00baC, such as the Biostrong 400 microinjector, the 2AD-400 and others.<\/span><\/p>\n<p><b>There are 2 different varieties of Biostrong<\/b><span style=\"font-weight: 400;\"> (Peek)<\/span><\/p>\n<p><b>Biostrong P (standard<\/b><span style=\"font-weight: 400;\">)<\/span><\/p>\n<p><span style=\"font-weight: 400;\">Cream<\/span><\/p>\n<p><span style=\"font-weight: 400;\">Modulus of elasticity: 3600 MPa.<\/span><\/p>\n<p><span style=\"font-weight: 400;\">Flexural strength: 168 MPa.<\/span><\/p>\n<p><span style=\"font-weight: 400;\">Tensile strength: 95 MPa.<\/span><\/p>\n<p><b>Biostrong CF (Ceramic Filled)<\/b><span style=\"font-weight: 400;\"> It is a variant of Biostrong P with ceramic filling.<\/span><\/p>\n<p><span style=\"font-weight: 400;\">The ceramic filling provides optimized mechanical characteristics, obtaining  excellent polishing results and better adhesion qualities with coating resins.<\/span><\/p>\n<p><span style=\"font-weight: 400;\">Biostrong CF has an elasticity similar to bone.<\/span><\/p>\n<p><span style=\"font-weight: 400;\">White color<\/span><\/p>\n<p><span style=\"font-weight: 400;\">Modulus of elasticity: 4000 MPa.<\/span><\/p>\n<p><span style=\"font-weight: 400;\">Flexural strength: 185 MPa.<\/span><\/p>\n<p><span style=\"font-weight: 400;\">Tensile strength: 95 MPa.<\/span><\/p>","protected":false},"excerpt":{"rendered":"<p>Biostrong BIOSTRONG EXELENTE ALTERNATIVA PARA DENTADURAS FIJAS Y REMOVIBLES EST\u00c9TICAS LIBRES DE METAL Sabilex ha desarrollado Biostrong, un pol\u00edmero de alto rendimiento hecho a base de PEEK, que posee propiedades \u00fanicas. El fuerte aumento de las alergias y el aumento en el n\u00famero de s\u00edntomas de intolerancia a los metales y la sensibilidad a las [&hellip;]<\/p>","protected":false},"featured_media":9603,"template":"","meta":[],"product_brand":[],"product_cat":[51,64],"product_tag":[],"profesion":[56],"class_list":{"0":"post-12923","1":"product","2":"type-product","3":"status-publish","4":"has-post-thumbnail","6":"product_cat-materiales-y-cartuchos","7":"product_cat-materiales-y-cartuchos-en","8":"pa_color-biotrong-cw-ceramic-weight-white","9":"pa_color-biotrong-p-cream-bs1","10":"profesion-dental","12":"first","13":"instock","14":"purchasable","15":"product-type-variable"},"exclude_global_add_ons":[],"addons":[],"_links":{"self":[{"href":"https:\/\/sabilex.com\/en\/wp-json\/wp\/v2\/product\/12923","targetHints":{"allow":["GET"]}}],"collection":[{"href":"https:\/\/sabilex.com\/en\/wp-json\/wp\/v2\/product"}],"about":[{"href":"https:\/\/sabilex.com\/en\/wp-json\/wp\/v2\/types\/product"}],"version-history":[{"count":5,"href":"https:\/\/sabilex.com\/en\/wp-json\/wp\/v2\/product\/12923\/revisions"}],"predecessor-version":[{"id":13823,"href":"https:\/\/sabilex.com\/en\/wp-json\/wp\/v2\/product\/12923\/revisions\/13823"}],"wp:featuredmedia":[{"embeddable":true,"href":"https:\/\/sabilex.com\/en\/wp-json\/wp\/v2\/media\/9603"}],"wp:attachment":[{"href":"https:\/\/sabilex.com\/en\/wp-json\/wp\/v2\/media?parent=12923"}],"wp:term":[{"taxonomy":"product_brand","embeddable":true,"href":"https:\/\/sabilex.com\/en\/wp-json\/wp\/v2\/product_brand?post=12923"},{"taxonomy":"product_cat","embeddable":true,"href":"https:\/\/sabilex.com\/en\/wp-json\/wp\/v2\/product_cat?post=12923"},{"taxonomy":"product_tag","embeddable":true,"href":"https:\/\/sabilex.com\/en\/wp-json\/wp\/v2\/product_tag?post=12923"},{"taxonomy":"profesion","embeddable":true,"href":"https:\/\/sabilex.com\/en\/wp-json\/wp\/v2\/profesion?post=12923"}],"curies":[{"name":"wp","href":"https:\/\/api.w.org\/{rel}","templated":true}]}}