{"id":12922,"date":"2026-02-03T14:50:04","date_gmt":"2026-02-03T17:50:04","guid":{"rendered":"https:\/\/sabilex.com\/tienda\/sin%20categor\u00eda\/flexiacetal\/"},"modified":"2026-04-13T16:49:59","modified_gmt":"2026-04-13T19:49:59","slug":"flexiacetal","status":"publish","type":"product","link":"https:\/\/sabilex.com\/en\/product\/flexiacetal\/","title":{"rendered":"Flexiacetal"},"content":{"rendered":"<ul>\n<li><span style=\"font-weight: 400;\"> Acetal resin, dental colors.<\/span><\/li>\n<li><span style=\"font-weight: 400;\"> Its high fluency allows complex designs<\/span><\/li>\n<li><span style=\"font-weight: 400;\"> Great and easy solution for the making of clasps, retainers, chromes, crowns and more<\/span><\/li>\n<li><span style=\"font-weight: 400;\"> Optimum resistance, toughness and surface hardness<\/span><\/li>\n<li><span style=\"font-weight: 400;\"> Combinable with flexible, acrylic and\/or chrome prostheses<\/span><\/li>\n<li><span style=\"font-weight: 400;\"> SNAP FIT: bends and returns to its original shape achieving a comfortable and secure fit by pressure<\/span><\/li>\n<li><span style=\"font-weight: 400;\"> Low liquid absorption, does not stain or change color<\/span><\/li>\n<li><span style=\"font-weight: 400;\"> Much lighter and more aesthetic than conventional chromes<\/span><\/li>\n<\/ul>","protected":false},"excerpt":{"rendered":"<p>Resina acetalica, colores dentales. Su alta fluencia permite hacer dise\u00f1os complejos con espesores finos Soluci\u00f3n sencilla para la elaboraci\u00f3n de protesis libre de metal como retenedores est\u00e9ticos, armazones esquel\u00e9ticos , coronas, puentes y m\u00e1s \u00d3ptima resistencia, tenacidad y dureza superficial Combinable con pr\u00f3tesis flexibles, de acr\u00edlico y\/o cromos SNAP FIT: Flexiona y vuelve a su [&hellip;]<\/p>","protected":false},"featured_media":9595,"template":"","meta":[],"product_brand":[],"product_cat":[51,64],"product_tag":[],"profesion":[56],"class_list":{"0":"post-12922","1":"product","2":"type-product","3":"status-publish","4":"has-post-thumbnail","6":"product_cat-materiales-y-cartuchos","7":"product_cat-materiales-y-cartuchos-en","8":"pa_color-a1","9":"pa_color-a2","10":"pa_color-a3","11":"pa_color-a3-5","12":"pa_color-a4","13":"pa_color-b3","14":"pa_color-c2","15":"pa_color-c3","16":"pa_color-d3","17":"pa_color-pink-2","18":"pa_color-w1","19":"pa_color-w2","20":"profesion-dental","22":"first","23":"instock","24":"purchasable","25":"product-type-variable"},"exclude_global_add_ons":[],"addons":[],"_links":{"self":[{"href":"https:\/\/sabilex.com\/en\/wp-json\/wp\/v2\/product\/12922","targetHints":{"allow":["GET"]}}],"collection":[{"href":"https:\/\/sabilex.com\/en\/wp-json\/wp\/v2\/product"}],"about":[{"href":"https:\/\/sabilex.com\/en\/wp-json\/wp\/v2\/types\/product"}],"version-history":[{"count":5,"href":"https:\/\/sabilex.com\/en\/wp-json\/wp\/v2\/product\/12922\/revisions"}],"predecessor-version":[{"id":13822,"href":"https:\/\/sabilex.com\/en\/wp-json\/wp\/v2\/product\/12922\/revisions\/13822"}],"wp:featuredmedia":[{"embeddable":true,"href":"https:\/\/sabilex.com\/en\/wp-json\/wp\/v2\/media\/9595"}],"wp:attachment":[{"href":"https:\/\/sabilex.com\/en\/wp-json\/wp\/v2\/media?parent=12922"}],"wp:term":[{"taxonomy":"product_brand","embeddable":true,"href":"https:\/\/sabilex.com\/en\/wp-json\/wp\/v2\/product_brand?post=12922"},{"taxonomy":"product_cat","embeddable":true,"href":"https:\/\/sabilex.com\/en\/wp-json\/wp\/v2\/product_cat?post=12922"},{"taxonomy":"product_tag","embeddable":true,"href":"https:\/\/sabilex.com\/en\/wp-json\/wp\/v2\/product_tag?post=12922"},{"taxonomy":"profesion","embeddable":true,"href":"https:\/\/sabilex.com\/en\/wp-json\/wp\/v2\/profesion?post=12922"}],"curies":[{"name":"wp","href":"https:\/\/api.w.org\/{rel}","templated":true}]}}