{"id":12920,"date":"2026-02-03T14:50:01","date_gmt":"2026-02-03T17:50:01","guid":{"rendered":"https:\/\/sabilex.com\/tienda\/sin%20categor\u00eda\/flexiultra\/"},"modified":"2026-04-15T15:28:15","modified_gmt":"2026-04-15T18:28:15","slug":"flexiultra","status":"publish","type":"product","link":"https:\/\/sabilex.com\/en\/product\/flexiultra\/","title":{"rendered":"Flexiultra"},"content":{"rendered":"<p><b>Flexiultra<\/b><\/p>\n<ul>\n<li><span style=\"font-weight: 400;\"> High molecular weight polyamide<\/span><\/li>\n<li><span style=\"font-weight: 400;\"> Its low flexibility allows for an optimal balance between flexibility, rigidity, resistance and elasticity.<\/span><\/li>\n<li><span style=\"font-weight: 400;\"> For full and partial dentures<\/span><\/li>\n<li><span style=\"font-weight: 400;\"> Quick and easy to adjust, finish and polish<\/span><\/li>\n<li><span style=\"font-weight: 400;\"> Very stable in the mouth after years of use<\/span><\/li>\n<li><span style=\"font-weight: 400;\"> Dense surface<\/span><\/li>\n<li><span style=\"font-weight: 400;\"> High shine, translucent<\/span><\/li>\n<li><span style=\"font-weight: 400;\"> Allows making designs with occlusal supports.<\/span><\/li>\n<\/ul>","protected":false},"excerpt":{"rendered":"<p>Flexiultra Poliamida de alto peso molecular Su baja flexibilidad permite un balance \u00f3ptimo entre flexibilidad, rigidez, resistencia y elasticidad Para pr\u00f3tesis totales y parciales R\u00e1pido y f\u00e1cil de terminar y pulir Muy estable en boca luego de a\u00f1os de uso Superficie densa que impide la formaci\u00f3n de plaquetas Alto brillo, trasl\u00facido Permite hacer dise\u00f1os con [&hellip;]<\/p>","protected":false},"featured_media":9580,"template":"","meta":[],"product_brand":[],"product_cat":[51,64],"product_tag":[],"profesion":[56],"class_list":{"0":"post-12920","1":"product","2":"type-product","3":"status-publish","4":"has-post-thumbnail","6":"product_cat-materiales-y-cartuchos","7":"product_cat-materiales-y-cartuchos-en","8":"pa_color-crystal-10","9":"pa_color-pink-20","10":"pa_color-pink-21","11":"pa_color-pink-35","12":"pa_color-pink-78","13":"profesion-dental","15":"first","16":"instock","17":"purchasable","18":"product-type-variable"},"exclude_global_add_ons":[],"addons":[],"_links":{"self":[{"href":"https:\/\/sabilex.com\/en\/wp-json\/wp\/v2\/product\/12920","targetHints":{"allow":["GET"]}}],"collection":[{"href":"https:\/\/sabilex.com\/en\/wp-json\/wp\/v2\/product"}],"about":[{"href":"https:\/\/sabilex.com\/en\/wp-json\/wp\/v2\/types\/product"}],"version-history":[{"count":4,"href":"https:\/\/sabilex.com\/en\/wp-json\/wp\/v2\/product\/12920\/revisions"}],"predecessor-version":[{"id":13820,"href":"https:\/\/sabilex.com\/en\/wp-json\/wp\/v2\/product\/12920\/revisions\/13820"}],"wp:featuredmedia":[{"embeddable":true,"href":"https:\/\/sabilex.com\/en\/wp-json\/wp\/v2\/media\/9580"}],"wp:attachment":[{"href":"https:\/\/sabilex.com\/en\/wp-json\/wp\/v2\/media?parent=12920"}],"wp:term":[{"taxonomy":"product_brand","embeddable":true,"href":"https:\/\/sabilex.com\/en\/wp-json\/wp\/v2\/product_brand?post=12920"},{"taxonomy":"product_cat","embeddable":true,"href":"https:\/\/sabilex.com\/en\/wp-json\/wp\/v2\/product_cat?post=12920"},{"taxonomy":"product_tag","embeddable":true,"href":"https:\/\/sabilex.com\/en\/wp-json\/wp\/v2\/product_tag?post=12920"},{"taxonomy":"profesion","embeddable":true,"href":"https:\/\/sabilex.com\/en\/wp-json\/wp\/v2\/profesion?post=12920"}],"curies":[{"name":"wp","href":"https:\/\/api.w.org\/{rel}","templated":true}]}}