{"id":12918,"date":"2026-02-03T14:50:01","date_gmt":"2026-02-03T17:50:01","guid":{"rendered":"https:\/\/sabilex.com\/tienda\/sin%20categor\u00eda\/flexiacryl\/"},"modified":"2026-04-15T15:13:05","modified_gmt":"2026-04-15T18:13:05","slug":"flexiacryl","status":"publish","type":"product","link":"https:\/\/sabilex.com\/en\/product\/flexiacryl\/","title":{"rendered":"Flexiacryl"},"content":{"rendered":"<ul>\n<li><span style=\"font-weight: 400;\"> Injectable  translucent <\/span><b>monomer free<\/b><span style=\"font-weight: 400;\"> acrylic<\/span><\/li>\n<li><span style=\"font-weight: 400;\"> Low flexibility<\/span><\/li>\n<li><span style=\"font-weight: 400;\"> 10 times more resistant  than conventional acrylics<\/span><\/li>\n<li><span style=\"font-weight: 400;\"> For full and partial dentures<\/span><\/li>\n<li><span style=\"font-weight: 400;\"> Can be repaired and relined with acrylics<\/span><\/li>\n<li><span style=\"font-weight: 400;\"> Thinner dentures than conventional acrylic<\/span><\/li>\n<li><span style=\"font-weight: 400;\"> Super fast and super easy to finish and polish. Spectacular shine! Save work time!<\/span><\/li>\n<li><span style=\"font-weight: 400;\"> Allows characterization of gums with resins. (See <\/span><b>Natural Acryl <\/b><span style=\"font-weight: 400;\">by Sabilex - Characterization system)<\/span><\/li>\n<li><span style=\"font-weight: 400;\"> Ideal for full dentures, partials and overdentures<\/span><\/li>\n<li><span style=\"font-weight: 400;\"> Minimal shrinkage, high copy fidelity.<\/span><\/li>\n<\/ul>","protected":false},"excerpt":{"rendered":"<p>Acr\u00edlico flexible inyectable, libre de mon\u00f3mero La baja flexibilidad que usted necesita 10 veces m\u00e1s resistente que el acr\u00edlico convencional Para pr\u00f3tesis totales y parciales Adhiere qu\u00edmicamente con acr\u00edlico convencional. Permite hacer agregados, reparaciones y rebasados con acr\u00edlico de Termo o Auto curado. Permite hacer dise\u00f1os con espesores m\u00e1s finos que con acr\u00edlico convencional. Super [&hellip;]<\/p>","protected":false},"featured_media":9563,"template":"","meta":[],"product_brand":[],"product_cat":[51,64],"product_tag":[],"profesion":[56],"class_list":{"0":"post-12918","1":"product","2":"type-product","3":"status-publish","4":"has-post-thumbnail","6":"product_cat-materiales-y-cartuchos","7":"product_cat-materiales-y-cartuchos-en","8":"pa_color-af0-crystal","9":"pa_color-af2","10":"pa_color-af4","11":"pa_color-af6","12":"pa_color-af9","13":"profesion-dental","15":"first","16":"instock","17":"purchasable","18":"product-type-variable"},"exclude_global_add_ons":[],"addons":[],"_links":{"self":[{"href":"https:\/\/sabilex.com\/en\/wp-json\/wp\/v2\/product\/12918","targetHints":{"allow":["GET"]}}],"collection":[{"href":"https:\/\/sabilex.com\/en\/wp-json\/wp\/v2\/product"}],"about":[{"href":"https:\/\/sabilex.com\/en\/wp-json\/wp\/v2\/types\/product"}],"version-history":[{"count":3,"href":"https:\/\/sabilex.com\/en\/wp-json\/wp\/v2\/product\/12918\/revisions"}],"predecessor-version":[{"id":13799,"href":"https:\/\/sabilex.com\/en\/wp-json\/wp\/v2\/product\/12918\/revisions\/13799"}],"wp:featuredmedia":[{"embeddable":true,"href":"https:\/\/sabilex.com\/en\/wp-json\/wp\/v2\/media\/9563"}],"wp:attachment":[{"href":"https:\/\/sabilex.com\/en\/wp-json\/wp\/v2\/media?parent=12918"}],"wp:term":[{"taxonomy":"product_brand","embeddable":true,"href":"https:\/\/sabilex.com\/en\/wp-json\/wp\/v2\/product_brand?post=12918"},{"taxonomy":"product_cat","embeddable":true,"href":"https:\/\/sabilex.com\/en\/wp-json\/wp\/v2\/product_cat?post=12918"},{"taxonomy":"product_tag","embeddable":true,"href":"https:\/\/sabilex.com\/en\/wp-json\/wp\/v2\/product_tag?post=12918"},{"taxonomy":"profesion","embeddable":true,"href":"https:\/\/sabilex.com\/en\/wp-json\/wp\/v2\/profesion?post=12918"}],"curies":[{"name":"wp","href":"https:\/\/api.w.org\/{rel}","templated":true}]}}