{"id":12913,"date":"2026-02-03T14:49:37","date_gmt":"2026-02-03T17:49:37","guid":{"rendered":"https:\/\/sabilex.com\/tienda\/sin%20categor\u00eda\/mufla-estandar-sf560\/"},"modified":"2026-04-17T14:18:10","modified_gmt":"2026-04-17T17:18:10","slug":"mufla-estandar-sf560","status":"publish","type":"product","link":"https:\/\/sabilex.com\/en\/product\/mufla-estandar-sf560\/","title":{"rendered":"Mufla Estandar SF560"},"content":{"rendered":"<p><span style=\"font-weight: 400;\">Flask specially designed for <\/span><span style=\"font-weight: 400;\">denture injection.<\/span><\/p>\n<p><span style=\"font-weight: 400;\">Compatible with the Sabilex system and other brands.<\/span><\/p>\n<p><span style=\"font-weight: 400;\">Material: High-strength aluminum.<\/span><\/p>\n<p><span style=\"font-weight: 400;\"> Includes an Allen wrench.<\/span><\/p>\n<p><span style=\"font-weight: 400;\">Includes a release button for easy demolding.<\/span><\/p>","protected":false},"excerpt":{"rendered":"<p>Mufla dise\u00f1ada especialmente para usar para inyecci\u00f3n de pr\u00f3tesis. Se puede utilizar con el sistema Sabilex y otras marcas. Material: aluminio de alta resistencia. Incluye llave Allen. Incluye un bot\u00f3n extractor que facilita el desmolde.<\/p>","protected":false},"featured_media":9550,"template":"","meta":[],"product_brand":[],"product_cat":[59,67],"product_tag":[],"profesion":[56],"class_list":{"0":"post-12913","1":"product","2":"type-product","3":"status-publish","4":"has-post-thumbnail","6":"product_cat-accesorios-inyectora","7":"product_cat-accesorios-inyectora-en","8":"profesion-dental","10":"first","11":"instock","12":"purchasable","13":"product-type-simple"},"exclude_global_add_ons":[],"addons":[],"_links":{"self":[{"href":"https:\/\/sabilex.com\/en\/wp-json\/wp\/v2\/product\/12913","targetHints":{"allow":["GET"]}}],"collection":[{"href":"https:\/\/sabilex.com\/en\/wp-json\/wp\/v2\/product"}],"about":[{"href":"https:\/\/sabilex.com\/en\/wp-json\/wp\/v2\/types\/product"}],"version-history":[{"count":2,"href":"https:\/\/sabilex.com\/en\/wp-json\/wp\/v2\/product\/12913\/revisions"}],"predecessor-version":[{"id":13814,"href":"https:\/\/sabilex.com\/en\/wp-json\/wp\/v2\/product\/12913\/revisions\/13814"}],"wp:featuredmedia":[{"embeddable":true,"href":"https:\/\/sabilex.com\/en\/wp-json\/wp\/v2\/media\/9550"}],"wp:attachment":[{"href":"https:\/\/sabilex.com\/en\/wp-json\/wp\/v2\/media?parent=12913"}],"wp:term":[{"taxonomy":"product_brand","embeddable":true,"href":"https:\/\/sabilex.com\/en\/wp-json\/wp\/v2\/product_brand?post=12913"},{"taxonomy":"product_cat","embeddable":true,"href":"https:\/\/sabilex.com\/en\/wp-json\/wp\/v2\/product_cat?post=12913"},{"taxonomy":"product_tag","embeddable":true,"href":"https:\/\/sabilex.com\/en\/wp-json\/wp\/v2\/product_tag?post=12913"},{"taxonomy":"profesion","embeddable":true,"href":"https:\/\/sabilex.com\/en\/wp-json\/wp\/v2\/profesion?post=12913"}],"curies":[{"name":"wp","href":"https:\/\/api.w.org\/{rel}","templated":true}]}}