{"id":12908,"date":"2026-02-03T14:49:33","date_gmt":"2026-02-03T17:49:33","guid":{"rendered":"https:\/\/sabilex.com\/tienda\/sin%20categor\u00eda\/maquina-microinyectora-2ad-400-plus\/"},"modified":"2026-02-03T14:49:33","modified_gmt":"2026-02-03T17:49:33","slug":"maquina-microinyectora-2ad-400-plus","status":"publish","type":"product","link":"https:\/\/sabilex.com\/en\/product\/maquina-microinyectora-2ad-400-plus\/","title":{"rendered":"2AD 400 PLUS Injection Machine"},"content":{"rendered":"<p><span style=\"font-weight: 400;\">The Sabilex 2AD 400 Plus Injection Machine operates with a  LCD screen that allows a clear observation of the automatic injection process and the time and temperature programming.<\/span><\/p>\n<p><b>Stores time and temperature information to inject 5 different materials.<\/b><\/p>\n<ul>\n<li><b> Heats up to 400 \u00baC<\/b><\/li>\n<li><b> LCD screen <\/b><\/li>\n<li><b> Stores 5 programs<\/b><\/li>\n<li><b> Flask Cover<\/b><\/li>\n<li><span style=\"font-weight: 400;\">Injection Force: 630 kgs<\/span><\/li>\n<li><span style=\"font-weight: 400;\">Measures: 52 x 17 x 22 cm<\/span><\/li>\n<li><span style=\"font-weight: 400;\">Weight: 8.5 kg<\/span><\/li>\n<li><span style=\"font-weight: 400;\">Pneumatic piston<\/span><\/li>\n<li><span style=\"font-weight: 400;\">220V \/ 50 Hz (optional 110V\/ 60 Hz)<\/span><\/li>\n<li><span style=\"font-weight: 400;\">Power 700W<\/span><\/li>\n<\/ul>","protected":false},"excerpt":{"rendered":"<p>La Microinyectora Sabilex 2AD 400 Plus posee pantalla LCD que permite una observaci\u00f3n clara del proceso autom\u00e1tico de inyecci\u00f3n y de la programaci\u00f3n de tiempo y temperatura. Almacena informaci\u00f3n de tiempo y temperatura para inyectar 5 materiales distintos. Calienta hasta 400 \u00baC Pantalla LCD Almacena 5 programas Cobertor de Mufla Fuerza de Inyecci\u00f3n: 630 kgs [&hellip;]<\/p>","protected":false},"featured_media":9530,"template":"","meta":[],"product_brand":[],"product_cat":[52,65],"product_tag":[],"profesion":[56],"class_list":{"0":"post-12908","1":"product","2":"type-product","3":"status-publish","4":"has-post-thumbnail","6":"product_cat-microinyectoras","7":"product_cat-microinyectoras-en","8":"profesion-dental","10":"first","11":"instock","12":"purchasable","13":"product-type-simple"},"exclude_global_add_ons":[],"addons":[],"_links":{"self":[{"href":"https:\/\/sabilex.com\/en\/wp-json\/wp\/v2\/product\/12908","targetHints":{"allow":["GET"]}}],"collection":[{"href":"https:\/\/sabilex.com\/en\/wp-json\/wp\/v2\/product"}],"about":[{"href":"https:\/\/sabilex.com\/en\/wp-json\/wp\/v2\/types\/product"}],"version-history":[{"count":2,"href":"https:\/\/sabilex.com\/en\/wp-json\/wp\/v2\/product\/12908\/revisions"}],"predecessor-version":[{"id":13809,"href":"https:\/\/sabilex.com\/en\/wp-json\/wp\/v2\/product\/12908\/revisions\/13809"}],"wp:featuredmedia":[{"embeddable":true,"href":"https:\/\/sabilex.com\/en\/wp-json\/wp\/v2\/media\/9530"}],"wp:attachment":[{"href":"https:\/\/sabilex.com\/en\/wp-json\/wp\/v2\/media?parent=12908"}],"wp:term":[{"taxonomy":"product_brand","embeddable":true,"href":"https:\/\/sabilex.com\/en\/wp-json\/wp\/v2\/product_brand?post=12908"},{"taxonomy":"product_cat","embeddable":true,"href":"https:\/\/sabilex.com\/en\/wp-json\/wp\/v2\/product_cat?post=12908"},{"taxonomy":"product_tag","embeddable":true,"href":"https:\/\/sabilex.com\/en\/wp-json\/wp\/v2\/product_tag?post=12908"},{"taxonomy":"profesion","embeddable":true,"href":"https:\/\/sabilex.com\/en\/wp-json\/wp\/v2\/profesion?post=12908"}],"curies":[{"name":"wp","href":"https:\/\/api.w.org\/{rel}","templated":true}]}}