{"id":12907,"date":"2026-02-03T14:49:33","date_gmt":"2026-02-03T17:49:33","guid":{"rendered":"https:\/\/sabilex.com\/tienda\/sin%20categor\u00eda\/maquina-microinyectora-2ad-400\/"},"modified":"2026-02-03T14:49:33","modified_gmt":"2026-02-03T17:49:33","slug":"maquina-microinyectora-2ad-400","status":"publish","type":"product","link":"https:\/\/sabilex.com\/en\/product\/maquina-microinyectora-2ad-400\/","title":{"rendered":"2AD 400 Injection Machine"},"content":{"rendered":"<p><b>Compact Model - 2AD 400<\/b><\/p>\n<p><span style=\"font-weight: 400;\">Es autom\u00e1tica y permite programar f\u00e1cilmente la temperatura y los tiempos de inyecci\u00f3n y los tiempos de calentamiento.<\/span><\/p>\n<p><span style=\"font-weight: 400;\">It allows to inject thermoplastic materials that require an injection temperature of up to 400 \u00baC.<\/span><\/p>\n<p><span style=\"font-weight: 400;\">You can inject the largest variety of injection materials available worldwide.<\/span><\/p>\n<p><span style=\"font-weight: 400;\">Use this equipment to inject the new material Biostrong P (PEEK) and Biostrong CW (PEEK with ceramic filler) from Sabilex.<\/span><\/p>\n<p><b>Excellent value for money,  best-selling model worldwide.<\/b><\/p>\n<ul>\n<li><b> Heats up to 400 \u00baC<\/b><\/li>\n<li><span style=\"font-weight: 400;\"> Digital screen<\/span><\/li>\n<li><span style=\"font-weight: 400;\"> 1 program<\/span><\/li>\n<li><span style=\"font-weight: 400;\">Injection Force: 630 kgs<\/span><\/li>\n<li><span style=\"font-weight: 400;\">Measures: 52 x 17 x 22 cm<\/span><\/li>\n<li><span style=\"font-weight: 400;\">Weight: 8.5 kg<\/span><\/li>\n<li><span style=\"font-weight: 400;\">Pneumatic piston<\/span><\/li>\n<li><span style=\"font-weight: 400;\">220V \/ 50 Hz (optional 110V\/ 60 Hz)<\/span><\/li>\n<li><span style=\"font-weight: 400;\">Power 700W<\/span><\/li>\n<\/ul>","protected":false},"excerpt":{"rendered":"<p>Modelo Compacto &#8211; 2AD 400 Es autom\u00e1tica y permite programar f\u00e1cilmente la temperatura y los tiempos de inyecci\u00f3n y los tiempos de calentamiento. Permite inyectar materiales termopl\u00e1sticos que requieren una temperatura de inyecci\u00f3n de hasta 400 \u00baC. Puede inyectar la mayor variedad de materiales de inyecci\u00f3n disponibles en el mundo. Utilice este equipo para inyectar [&hellip;]<\/p>","protected":false},"featured_media":9525,"template":"","meta":[],"product_brand":[],"product_cat":[52,65],"product_tag":[],"profesion":[56],"class_list":{"0":"post-12907","1":"product","2":"type-product","3":"status-publish","4":"has-post-thumbnail","6":"product_cat-microinyectoras","7":"product_cat-microinyectoras-en","8":"profesion-dental","10":"first","11":"instock","12":"purchasable","13":"product-type-simple"},"exclude_global_add_ons":[],"addons":[],"_links":{"self":[{"href":"https:\/\/sabilex.com\/en\/wp-json\/wp\/v2\/product\/12907","targetHints":{"allow":["GET"]}}],"collection":[{"href":"https:\/\/sabilex.com\/en\/wp-json\/wp\/v2\/product"}],"about":[{"href":"https:\/\/sabilex.com\/en\/wp-json\/wp\/v2\/types\/product"}],"version-history":[{"count":2,"href":"https:\/\/sabilex.com\/en\/wp-json\/wp\/v2\/product\/12907\/revisions"}],"predecessor-version":[{"id":13808,"href":"https:\/\/sabilex.com\/en\/wp-json\/wp\/v2\/product\/12907\/revisions\/13808"}],"wp:featuredmedia":[{"embeddable":true,"href":"https:\/\/sabilex.com\/en\/wp-json\/wp\/v2\/media\/9525"}],"wp:attachment":[{"href":"https:\/\/sabilex.com\/en\/wp-json\/wp\/v2\/media?parent=12907"}],"wp:term":[{"taxonomy":"product_brand","embeddable":true,"href":"https:\/\/sabilex.com\/en\/wp-json\/wp\/v2\/product_brand?post=12907"},{"taxonomy":"product_cat","embeddable":true,"href":"https:\/\/sabilex.com\/en\/wp-json\/wp\/v2\/product_cat?post=12907"},{"taxonomy":"product_tag","embeddable":true,"href":"https:\/\/sabilex.com\/en\/wp-json\/wp\/v2\/product_tag?post=12907"},{"taxonomy":"profesion","embeddable":true,"href":"https:\/\/sabilex.com\/en\/wp-json\/wp\/v2\/profesion?post=12907"}],"curies":[{"name":"wp","href":"https:\/\/api.w.org\/{rel}","templated":true}]}}