{"id":12906,"date":"2026-02-03T14:49:33","date_gmt":"2026-02-03T17:49:33","guid":{"rendered":"https:\/\/sabilex.com\/tienda\/sin%20categor\u00eda\/maquina-microinyectora-2ad\/"},"modified":"2026-02-03T14:49:33","modified_gmt":"2026-02-03T17:49:33","slug":"maquina-microinyectora-2ad","status":"publish","type":"product","link":"https:\/\/sabilex.com\/en\/product\/maquina-microinyectora-2ad\/","title":{"rendered":"2AD Injection Machine"},"content":{"rendered":"<p><b>Compact Model \u2013 2AD<\/b><span style=\"font-weight: 400;\"> <\/span><\/p>\n<p><span style=\"font-weight: 400;\">Automatic: it allows you to easily program temperature as well as heating and injection times.<\/span><\/p>\n<ul>\n<li><span style=\"font-weight: 400;\"> Heats up to 300 \u00baC<\/span><\/li>\n<li><span style=\"font-weight: 400;\"> Digital screen<\/span><\/li>\n<li><span style=\"font-weight: 400;\"> 1 program<\/span><\/li>\n<li><span style=\"font-weight: 400;\">Injection Force: 630 kgs<\/span><\/li>\n<li><span style=\"font-weight: 400;\">Measures: 52 x 17 x 22 cm<\/span><\/li>\n<li><span style=\"font-weight: 400;\">Weight: 8.5 kg<\/span><\/li>\n<li><span style=\"font-weight: 400;\">Pneumatic piston<\/span><\/li>\n<li><span style=\"font-weight: 400;\">220V \/ 50 Hz (optional 110V\/ 60 Hz)<\/span><\/li>\n<li><span style=\"font-weight: 400;\">700 W<\/span><\/li>\n<\/ul>","protected":false},"excerpt":{"rendered":"<p>Modelo Compacto \u2013 2AD Al ser autom\u00e1tica permite programar f\u00e1cilmente la temperatura y los tiempos de inyecci\u00f3n y los tiempos de calentamiento. Calienta hasta 300 \u00baC Pantalla digital 1 programa Fuerza de Inyecci\u00f3n: 630 kgs Medidas: 52 x 17 x 22 cm Peso: 8.5 kg Piston neumatico 220V \/ 50 Hz ( opcional 110V\/ 60 [&hellip;]<\/p>","protected":false},"featured_media":9521,"template":"","meta":[],"product_brand":[],"product_cat":[52,65],"product_tag":[],"profesion":[56],"class_list":{"0":"post-12906","1":"product","2":"type-product","3":"status-publish","4":"has-post-thumbnail","6":"product_cat-microinyectoras","7":"product_cat-microinyectoras-en","8":"profesion-dental","10":"first","11":"instock","12":"purchasable","13":"product-type-simple"},"exclude_global_add_ons":[],"addons":[],"_links":{"self":[{"href":"https:\/\/sabilex.com\/en\/wp-json\/wp\/v2\/product\/12906","targetHints":{"allow":["GET"]}}],"collection":[{"href":"https:\/\/sabilex.com\/en\/wp-json\/wp\/v2\/product"}],"about":[{"href":"https:\/\/sabilex.com\/en\/wp-json\/wp\/v2\/types\/product"}],"version-history":[{"count":2,"href":"https:\/\/sabilex.com\/en\/wp-json\/wp\/v2\/product\/12906\/revisions"}],"predecessor-version":[{"id":13807,"href":"https:\/\/sabilex.com\/en\/wp-json\/wp\/v2\/product\/12906\/revisions\/13807"}],"wp:featuredmedia":[{"embeddable":true,"href":"https:\/\/sabilex.com\/en\/wp-json\/wp\/v2\/media\/9521"}],"wp:attachment":[{"href":"https:\/\/sabilex.com\/en\/wp-json\/wp\/v2\/media?parent=12906"}],"wp:term":[{"taxonomy":"product_brand","embeddable":true,"href":"https:\/\/sabilex.com\/en\/wp-json\/wp\/v2\/product_brand?post=12906"},{"taxonomy":"product_cat","embeddable":true,"href":"https:\/\/sabilex.com\/en\/wp-json\/wp\/v2\/product_cat?post=12906"},{"taxonomy":"product_tag","embeddable":true,"href":"https:\/\/sabilex.com\/en\/wp-json\/wp\/v2\/product_tag?post=12906"},{"taxonomy":"profesion","embeddable":true,"href":"https:\/\/sabilex.com\/en\/wp-json\/wp\/v2\/profesion?post=12906"}],"curies":[{"name":"wp","href":"https:\/\/api.w.org\/{rel}","templated":true}]}}