{"id":1172,"date":"2023-02-09T17:27:56","date_gmt":"2023-02-09T20:27:56","guid":{"rendered":"https:\/\/dev.sabilex.com\/?page_id=1172"},"modified":"2025-09-03T17:39:51","modified_gmt":"2025-09-03T20:39:51","slug":"quienes-somos","status":"publish","type":"page","link":"https:\/\/sabilex.com\/en\/quienes-somos\/","title":{"rendered":"Quienes somos."},"content":{"rendered":"<div data-elementor-type=\"wp-page\" data-elementor-id=\"1172\" class=\"elementor elementor-1172\" data-elementor-post-type=\"page\">\n\t\t\t\t\t\t<section class=\"elementor-section elementor-top-section elementor-element elementor-element-1828b63 elementor-section-height-min-height elementor-section-boxed elementor-section-height-default elementor-section-items-middle\" data-id=\"1828b63\" data-element_type=\"section\" data-e-type=\"section\" data-settings=\"{&quot;background_background&quot;:&quot;classic&quot;}\">\n\t\t\t\t\t\t<div class=\"elementor-container elementor-column-gap-default\">\n\t\t\t\t\t<div class=\"elementor-column elementor-col-100 elementor-top-column elementor-element elementor-element-0f46d12\" data-id=\"0f46d12\" data-element_type=\"column\" data-e-type=\"column\">\n\t\t\t<div class=\"elementor-widget-wrap elementor-element-populated\">\n\t\t\t\t\t\t<div class=\"elementor-element elementor-element-2de5e6f elementor-widget__width-initial elementor-widget elementor-widget-heading\" data-id=\"2de5e6f\" data-element_type=\"widget\" data-e-type=\"widget\" data-widget_type=\"heading.default\">\n\t\t\t\t<div class=\"elementor-widget-container\">\n\t\t\t\t\t<p class=\"elementor-heading-title elementor-size-default\">70 years in business<\/p>\t\t\t\t<\/div>\n\t\t\t\t<\/div>\n\t\t\t\t<div class=\"elementor-element elementor-element-61ccbc8 elementor-widget elementor-widget-heading\" data-id=\"61ccbc8\" data-element_type=\"widget\" data-e-type=\"widget\" data-widget_type=\"heading.default\">\n\t\t\t\t<div class=\"elementor-widget-container\">\n\t\t\t\t\t<h1 class=\"elementor-heading-title elementor-size-default\">About <span style=\"font-weight: 800\"> Us<\/span><\/h1>\t\t\t\t<\/div>\n\t\t\t\t<\/div>\n\t\t\t\t<div class=\"elementor-element elementor-element-d54a866 elementor-widget__width-initial elementor-widget elementor-widget-text-editor\" data-id=\"d54a866\" data-element_type=\"widget\" data-e-type=\"widget\" data-widget_type=\"text-editor.default\">\n\t\t\t\t<div class=\"elementor-widget-container\">\n\t\t\t\t\t\t\t\t\t<p>Sabilex has been manufacturing and distributing products for dentists and dental laboratories since 1951.<\/p>\t\t\t\t\t\t\t\t<\/div>\n\t\t\t\t<\/div>\n\t\t\t\t<div class=\"elementor-element elementor-element-0ca7902 elementor-align-left elementor-mobile-align-justify elementor-widget elementor-widget-button\" data-id=\"0ca7902\" data-element_type=\"widget\" data-e-type=\"widget\" data-widget_type=\"button.default\">\n\t\t\t\t<div class=\"elementor-widget-container\">\n\t\t\t\t\t\t\t\t\t<div class=\"elementor-button-wrapper\">\n\t\t\t\t\t<a class=\"elementor-button elementor-button-link elementor-size-sm\" href=\"https:\/\/sabilex.com\/en\/contacto\/\">\n\t\t\t\t\t\t<span class=\"elementor-button-content-wrapper\">\n\t\t\t\t\t\t\t\t\t<span class=\"elementor-button-text\">Contact Us<\/span>\n\t\t\t\t\t<\/span>\n\t\t\t\t\t<\/a>\n\t\t\t\t<\/div>\n\t\t\t\t\t\t\t\t<\/div>\n\t\t\t\t<\/div>\n\t\t\t\t\t<\/div>\n\t\t<\/div>\n\t\t\t\t\t<\/div>\n\t\t<\/section>\n\t\t\t\t<section class=\"elementor-section elementor-top-section elementor-element elementor-element-99ccb08 elementor-section-boxed elementor-section-height-default elementor-section-height-default\" data-id=\"99ccb08\" data-element_type=\"section\" data-e-type=\"section\">\n\t\t\t\t\t\t<div class=\"elementor-container elementor-column-gap-default\">\n\t\t\t\t\t<div class=\"elementor-column elementor-col-50 elementor-top-column elementor-element elementor-element-52303b8\" data-id=\"52303b8\" data-element_type=\"column\" data-e-type=\"column\">\n\t\t\t<div class=\"elementor-widget-wrap elementor-element-populated\">\n\t\t\t\t\t\t<div class=\"elementor-element elementor-element-595e0e6 elementor-widget elementor-widget-heading\" data-id=\"595e0e6\" data-element_type=\"widget\" data-e-type=\"widget\" data-widget_type=\"heading.default\">\n\t\t\t\t<div class=\"elementor-widget-container\">\n\t\t\t\t\t<div class=\"elementor-heading-title elementor-size-default\">WHY CHOOSE US<\/div>\t\t\t\t<\/div>\n\t\t\t\t<\/div>\n\t\t\t\t<div class=\"elementor-element elementor-element-1923e36 elementor-widget elementor-widget-heading\" data-id=\"1923e36\" data-element_type=\"widget\" data-e-type=\"widget\" data-widget_type=\"heading.default\">\n\t\t\t\t<div class=\"elementor-widget-container\">\n\t\t\t\t\t<h1 class=\"elementor-heading-title elementor-size-default\">Global leader <span style=\"font-weight: 800\">in products for dentists and dental laboratories.<\/span><\/h1>\t\t\t\t<\/div>\n\t\t\t\t<\/div>\n\t\t\t\t<div class=\"elementor-element elementor-element-bb82a0b elementor-widget__width-initial elementor-widget elementor-widget-text-editor\" data-id=\"bb82a0b\" data-element_type=\"widget\" data-e-type=\"widget\" data-widget_type=\"text-editor.default\">\n\t\t\t\t<div class=\"elementor-widget-container\">\n\t\t\t\t\t\t\t\t\t<p>Sabilex has been manufacturing and distributing products for dentists and dental laboratories since 1951. The company focuses primarily on producing and supplying high quality merchandise at competitive prices.<\/p><p>Throughout the years, it rapidly became a synonym of quality and reliability both in local and international markets. It currently exports its products to more than 40 countries around the world through a wide network of world distributors.<\/p><p>The company is in constant search for customer satisfaction through research, new technologies and innovation.<\/p><p>The Sabilex team believes in a \u201ccustomer-oriented culture\u201d, providing solutions and establishing loyalty through long-term ties.<\/p>\t\t\t\t\t\t\t\t<\/div>\n\t\t\t\t<\/div>\n\t\t\t\t\t<\/div>\n\t\t<\/div>\n\t\t\t\t<div class=\"elementor-column elementor-col-50 elementor-top-column elementor-element elementor-element-9bbba03\" data-id=\"9bbba03\" data-element_type=\"column\" data-e-type=\"column\">\n\t\t\t<div class=\"elementor-widget-wrap elementor-element-populated\">\n\t\t\t\t\t\t<div class=\"elementor-element elementor-element-2fc1285 elementor-widget elementor-widget-image\" data-id=\"2fc1285\" data-element_type=\"widget\" data-e-type=\"widget\" data-widget_type=\"image.default\">\n\t\t\t\t<div class=\"elementor-widget-container\">\n\t\t\t\t\t\t\t\t\t\t\t\t\t\t\t<img fetchpriority=\"high\" decoding=\"async\" width=\"766\" height=\"1024\" src=\"https:\/\/sabilex.com\/wp-content\/uploads\/2023\/02\/IMG_20220604_181445921-766x1024.jpg\" class=\"attachment-large size-large wp-image-1537\" alt=\"\" srcset=\"https:\/\/sabilex.com\/wp-content\/uploads\/2023\/02\/IMG_20220604_181445921-766x1024.jpg 766w, https:\/\/sabilex.com\/wp-content\/uploads\/2023\/02\/IMG_20220604_181445921-224x300.jpg 224w, https:\/\/sabilex.com\/wp-content\/uploads\/2023\/02\/IMG_20220604_181445921-768x1026.jpg 768w, https:\/\/sabilex.com\/wp-content\/uploads\/2023\/02\/IMG_20220604_181445921-1149x1536.jpg 1149w, https:\/\/sabilex.com\/wp-content\/uploads\/2023\/02\/IMG_20220604_181445921-1532x2048.jpg 1532w, https:\/\/sabilex.com\/wp-content\/uploads\/2023\/02\/IMG_20220604_181445921-9x12.jpg 9w, https:\/\/sabilex.com\/wp-content\/uploads\/2023\/02\/IMG_20220604_181445921-600x802.jpg 600w, https:\/\/sabilex.com\/wp-content\/uploads\/2023\/02\/IMG_20220604_181445921-scaled.jpg 1916w\" sizes=\"(max-width: 766px) 100vw, 766px\" \/>\t\t\t\t\t\t\t\t\t\t\t\t\t\t\t<\/div>\n\t\t\t\t<\/div>\n\t\t\t\t\t<\/div>\n\t\t<\/div>\n\t\t\t\t\t<\/div>\n\t\t<\/section>\n\t\t\t\t<section class=\"elementor-section elementor-top-section elementor-element elementor-element-3bf0242 elementor-section-boxed elementor-section-height-default elementor-section-height-default\" data-id=\"3bf0242\" data-element_type=\"section\" data-e-type=\"section\" data-settings=\"{&quot;background_background&quot;:&quot;classic&quot;}\">\n\t\t\t\t\t\t<div class=\"elementor-container elementor-column-gap-default\">\n\t\t\t\t\t<div class=\"elementor-column elementor-col-100 elementor-top-column elementor-element elementor-element-3fd5dfc\" data-id=\"3fd5dfc\" data-element_type=\"column\" data-e-type=\"column\">\n\t\t\t<div class=\"elementor-widget-wrap elementor-element-populated\">\n\t\t\t\t\t\t<div class=\"elementor-element elementor-element-89f3545 elementor-widget elementor-widget-heading\" data-id=\"89f3545\" data-element_type=\"widget\" data-e-type=\"widget\" data-no-translation=\"\" data-widget_type=\"heading.default\">\n\t\t\t\t<div class=\"elementor-widget-container\">\n\t\t\t\t\t<style>.elementor-element-89f3545{display:none !important}<\/style>\t\t\t\t<\/div>\n\t\t\t\t<\/div>\n\t\t\t\t<div class=\"elementor-element elementor-element-194779c elementor-widget__width-initial elementor-widget elementor-widget-text-editor\" data-id=\"194779c\" data-element_type=\"widget\" data-e-type=\"widget\" data-no-translation=\"\" data-widget_type=\"text-editor.default\">\n\t\t\t\t<div class=\"elementor-widget-container\">\n\t\t\t\t\t<style>.elementor-element-194779c{display:none !important}<\/style>\t\t\t\t<\/div>\n\t\t\t\t<\/div>\n\t\t\t\t<div class=\"elementor-element elementor-element-a485a4d elementor-widget elementor-widget-heading\" data-id=\"a485a4d\" data-element_type=\"widget\" data-e-type=\"widget\" data-no-translation=\"\" data-widget_type=\"heading.default\">\n\t\t\t\t<div class=\"elementor-widget-container\">\n\t\t\t\t\t<h3 class=\"elementor-heading-title elementor-size-default\">Sabilex currently produces the following product lines:<\/h3>\t\t\t\t<\/div>\n\t\t\t\t<\/div>\n\t\t\t\t<div class=\"elementor-element elementor-element-7457b97 elementor-widget__width-initial elementor-widget elementor-widget-text-editor\" data-id=\"7457b97\" data-element_type=\"widget\" data-e-type=\"widget\" data-no-translation=\"\" data-widget_type=\"text-editor.default\">\n\t\t\t\t<div class=\"elementor-widget-container\">\n\t\t\t\t\t\t\t\t\t<ul><li dir=\"ltr\">Injection System for flexible partials, full dentures and more (Machines and Materials)<\/li><li dir=\"ltr\">Vacuum Forming System (Machines and sheets)<\/li><li dir=\"ltr\">Flexible Shaft Rotary tools, and accessories<\/li><li dir=\"ltr\">Polishing Units<\/li><li dir=\"ltr\">Model Trimmers<\/li><\/ul>\t\t\t\t\t\t\t\t<\/div>\n\t\t\t\t<\/div>\n\t\t\t\t<div class=\"elementor-element elementor-element-6b71957 elementor-widget elementor-widget-heading\" data-id=\"6b71957\" data-element_type=\"widget\" data-e-type=\"widget\" data-no-translation=\"\" data-widget_type=\"heading.default\">\n\t\t\t\t<div class=\"elementor-widget-container\">\n\t\t\t\t\t<h3 class=\"elementor-heading-title elementor-size-default\">And Distributes:<\/h3>\t\t\t\t<\/div>\n\t\t\t\t<\/div>\n\t\t\t\t<div class=\"elementor-element elementor-element-6278c87 elementor-widget__width-initial elementor-widget elementor-widget-text-editor\" data-id=\"6278c87\" data-element_type=\"widget\" data-e-type=\"widget\" data-no-translation=\"\" data-widget_type=\"text-editor.default\">\n\t\t\t\t<div class=\"elementor-widget-container\">\n\t\t\t\t\t\t\t\t\t<ul><li dir=\"ltr\">Micromotors and accessories<\/li><li dir=\"ltr\">Wax Heaters and Carving Knifes<\/li><li dir=\"ltr\">High-Speed Grinder<\/li><li dir=\"ltr\">Ultrasonic Cleaners<\/li><li dir=\"ltr\">Light-curing Units and Materials.<\/li><li dir=\"ltr\">And more<\/li><\/ul>\t\t\t\t\t\t\t\t<\/div>\n\t\t\t\t<\/div>\n\t\t\t\t\t<\/div>\n\t\t<\/div>\n\t\t\t\t\t<\/div>\n\t\t<\/section>\n\t\t\t\t<\/div>","protected":false},"excerpt":{"rendered":"<p>70 a\u00f1os en el mercado Quienes somos. Sabilex fabrica y distribuye productos para odont\u00f3logos y laboratorios dentales, desde 1951. Cont\u00e1ctenos POR QUE ELEGIRNOS Referente global en productos para odont\u00f3logos y laboratorios dentales. Sabilex se focaliza en producir y proveer productos con los m\u00e1s altos est\u00e1ndares calidad y durabilidad a precios justos. Esto le confiri\u00f3 a [&hellip;]<\/p>","protected":false},"author":1,"featured_media":0,"parent":0,"menu_order":0,"comment_status":"closed","ping_status":"closed","template":"","meta":{"footnotes":""},"class_list":["post-1172","page","type-page","status-publish","hentry"],"_links":{"self":[{"href":"https:\/\/sabilex.com\/en\/wp-json\/wp\/v2\/pages\/1172","targetHints":{"allow":["GET"]}}],"collection":[{"href":"https:\/\/sabilex.com\/en\/wp-json\/wp\/v2\/pages"}],"about":[{"href":"https:\/\/sabilex.com\/en\/wp-json\/wp\/v2\/types\/page"}],"author":[{"embeddable":true,"href":"https:\/\/sabilex.com\/en\/wp-json\/wp\/v2\/users\/1"}],"replies":[{"embeddable":true,"href":"https:\/\/sabilex.com\/en\/wp-json\/wp\/v2\/comments?post=1172"}],"version-history":[{"count":15,"href":"https:\/\/sabilex.com\/en\/wp-json\/wp\/v2\/pages\/1172\/revisions"}],"predecessor-version":[{"id":13992,"href":"https:\/\/sabilex.com\/en\/wp-json\/wp\/v2\/pages\/1172\/revisions\/13992"}],"wp:attachment":[{"href":"https:\/\/sabilex.com\/en\/wp-json\/wp\/v2\/media?parent=1172"}],"curies":[{"name":"wp","href":"https:\/\/api.w.org\/{rel}","templated":true}]}}